{"id":57528,"date":"2022-11-14T15:06:39","date_gmt":"2022-11-14T14:06:39","guid":{"rendered":"https:\/\/clever-fit.love-it.at\/?page_id=57528"},"modified":"2022-11-17T10:39:00","modified_gmt":"2022-11-17T09:39:00","slug":"politica-de-confidentialitate","status":"publish","type":"page","link":"https:\/\/clever-fit.love-it.at\/ro\/politica-de-confidentialitate\/","title":{"rendered":"Politica de confiden\u021bialitate"},"content":{"rendered":"\t\t<div data-elementor-type=\"wp-page\" data-elementor-id=\"57528\" class=\"elementor elementor-57528\" data-elementor-post-type=\"page\">\n\t\t\t\t<div data-particle_enable=\"false\" data-particle-mobile-disabled=\"false\" class=\"elementor-element elementor-element-5e7aa69 e-flex e-con-boxed e-con e-parent\" data-id=\"5e7aa69\" data-element_type=\"container\" data-e-type=\"container\">\n\t\t\t\t\t<div class=\"e-con-inner\">\n\t\t<div data-particle_enable=\"false\" data-particle-mobile-disabled=\"false\" class=\"elementor-element elementor-element-3d3d57e e-flex e-con-boxed e-con e-parent\" data-id=\"3d3d57e\" data-element_type=\"container\" data-e-type=\"container\">\n\t\t\t\t\t<div class=\"e-con-inner\">\n\t\t\t\t<div class=\"elementor-element elementor-element-d1440c4 elementor-widget elementor-widget-text-editor\" data-id=\"d1440c4\" data-element_type=\"widget\" data-e-type=\"widget\" data-widget_type=\"text-editor.default\">\n\t\t\t\t<div class=\"elementor-widget-container\">\n\t\t\t\t\t\n<p><strong>CINE SUNTEM?<\/strong><\/p>\n<p><strong>ADIVI GIMS SRL<\/strong>\u00a0(mai jos indicat\u0103 drept \u201cADIVI GIMS\u201d) este o\u00a0companie \u00eenregistrat\u0103 \u00een Rom\u00e2nia, av\u00e2nd sediul social \u00een Bucure\u0219ti, sectorul 3, Bdul Unirii nr. 63,\u00a0\u00eenregistrat\u0103 la Registrul Comer\u021bului cu nr. J40\/6118\/2021, av\u00e2nd Codul de identificare fiscal\u0103 44048663\u00a0,<\/p>\n<p><strong>DATE PERSONALE PRELUCRATE<\/strong><\/p>\n<p>Politic\u0103 noastr\u0103 personal\u0103 de confiden\u021bialitate a datelor reglementeaz\u0103 utilizarea \u0219i stocarea datelor dumneavoastr\u0103. Acest lucru se realizeaz\u0103 \u00een conformitate cu\u00a0<strong>Regulamentul (UE) 2016\/679 privind protec\u0163ia persoanelor fizice \u00een ceea ce prive\u0219te prelucrarea datelor cu caracter personal \u0219i privind libera circula\u0163ie a acestor date<\/strong>.<\/p>\n<p><strong>Prin contractarea cu societatea noastr\u0103, sunte\u021bi de acord cu prelucrarea datelor Dvs. personale, \u00een scopul \u00een care ne-a\u021bi furnizat aceste date, cum ar fi pentru contractare, pentru contact, pentru suport, pentru furnizare de newsletters, dup\u0103 cum va fi cazul.<\/strong><\/p>\n<p>ADIVI GIMS Studio este un operator de date cu caracter personal. Colect\u0103m urm\u0103toarele tipuri de date personale de la Dvs.:<\/p>\n<ul>\n<li>Nume \u0219i prenume<\/li>\n<li>E-mail<\/li>\n<li>Num\u0103r de telefon<\/li>\n<li>Detalii de facturare \u0219i plata<\/li>\n<\/ul>\n<p><strong>DE CE AVEM NEVOIE DE ELE?<\/strong><\/p>\n<p>Avem nevoie de datele Dvs personale pentru a va oferi urm\u0103toarele servicii:<\/p>\n<p><strong>Contracte ADIVI GIMS<\/strong><\/p>\n<ul>\n<li>Nume \u0219i prenume \u2013 avem nevoie de aceste date pentru \u00eencheierea contractelor (abonamentelor)<\/li>\n<li>E-mail \u2013 adresa de e-mail o folosim pentru a va face comunic\u0103ri uzuale sau importante privind activitatea Dvs. \u00een sediile noastre;<\/li>\n<li>Num\u0103r de telefon \u2013 va vom contacta dac\u0103 apar nevoi de comunicare urgen\u021b\u0103;<\/li>\n<li>Adresa de facturare \u2013 avem nevoie de aceste date pentru a va emite factur\u0103 (dac\u0103 se solicit\u0103).<\/li>\n<\/ul>\n<p><strong>Suport Clever Fit<\/strong><\/p>\n<ul>\n<li>Nume \u0219i prenume \u2013 avem nevoie de aceste date pentru a va identifica<\/li>\n<li>E-mail \u2013 adresa de e-mail o folosim pentru a comunica cu dumneavoastr\u0103 pentru a va rezolva problema<\/li>\n<li>Num\u0103r de telefon \u2013 va vom contacta pentru a gr\u0103bi rezolvarea unei probleme; comunicarea va fi \u00eenregistrata pentru a documenta problema Dvs \u0219i rezolvarea ei<\/li>\n<li>Detalii IP &amp; sesiune pe\u00a0 www.clever-fit.ro\u2013 avem nevoie de aceste date pentru a va putea oferi serviciul de comunicare Chat \u0219i pentru a va putea r\u0103spunde la \u00eentrebari afl\u00e2nd ce pagini a\u021bi vizitat \u00een cadrul sesiunii pe www.clever-fit.ro<\/li>\n<\/ul>\n<p><strong>Func\u021bionarea site-ului www.clever-fit.ro<\/strong><\/p>\n<ul>\n<li>Adresa IP \u2013 filtrarea \u0219i detectarea atacurilor din internet<\/li>\n<li>Informa\u021bii cont www.clever-fit.ro \u2013 informa\u021biile Dvs vor fi p\u0103strate \u00een CRM-ul intern pentru a permite colaboratorilor no\u0219tri \u0219i site-ului www.clever-fit.ro experien\u021b\u0103 personalizat\u0103<\/li>\n<li>Posibilitatea de a va \u00eenregistra \u00een site-ul www.clever-fit.ro prin contul DvsFacebook sau Google. Dac\u0103 opta\u021bi pentru una dintre aceste variante, ve\u021bi fi direc\u021biona\u021bi c\u0103tre o pagin\u0103 administrat\u0103 de Facebook Inc \/ Google LLC, unde ace\u0219tia va vor informa cu privire la transferul datelor dvs. c\u0103tre ADIVI GIMS. Pute\u021bi consulta politicile de confiden\u021bialitate Facebook sau Google, acces\u00e2nd urm\u0103toarele pagini:<\/li>\n<\/ul>\n<p>*<a href=\"https:\/\/www.facebook.com\/about\/privacy\" data-cke-saved-href=\"https:\/\/www.facebook.com\/about\/privacy\">https:\/\/www.facebook.com\/about\/privacy<\/a><\/p>\n<p>*<a href=\"https:\/\/policies.google.com\/privacy\" data-cke-saved-href=\"https:\/\/policies.google.com\/privacy\">https:\/\/policies.google.com\/privacy<\/a><\/p>\n<p><strong>Cu consim\u021b\u0103m\u00e2ntul dumneavoastr\u0103, am dori s\u0103 prelucr\u0103m \u0219i urm\u0103toarele date cu caracter personal Newsletter Clever Fit<\/strong><\/p>\n<ul>\n<li>Nume \u0219i prenume \u2013 avem nevoie de aceste informa\u021bii pentru a va comunica \u00eentr-un mod mai personal.<\/li>\n<li>E-mail-avem nevoie de aceste informa\u021bii pentru a putea trimite newsletter-ul.<\/li>\n<\/ul>\n<p><strong>Comportament online<\/strong><\/p>\n<ul>\n<li>Datele Dvs personale pentru istoria navig\u0103rii pot fi transmise partenerilor no\u0219tri ce vor fi descri\u0219i \u00een politic\u0103 de cookies, dac\u0103 va fi cazul.<\/li>\n<\/ul>\n<p><strong>CE FACEM CU ELE?<\/strong><\/p>\n<p>Datele dumneavoastr\u0103 personale sunt prelucrate \u00een cadrul companiei ADIVI GIMS, \u00een spa\u021biul \u0219i \u00een conformitate cu regulile Uniunii Europene \u00een materia GDPR.<\/p>\n<p><strong>C\u00c2T TIMP P\u0102STR\u0102M DATELE CU CARACTER PERSONAL?<\/strong><\/p>\n<p>Vom p\u0103stra datele dumneavoastr\u0103 cu caracter personal doar \u00een perioada \u00een care sunte\u021bi \u00een calitate de client (durata contractual\u0103) precum \u0219i cea de livrare a newsletter-ului sau p\u00e2n\u0103 c\u00e2nd ne ve\u021bi notofica c\u0103 nu mai dori\u021bi s\u0103 primi\u021bi newsletter-ul. Dup\u0103 aceast\u0103 perioad\u0103. Datele dumneavoastr\u0103 vor fi distruse.<\/p>\n<p>Pentru contractele \u00eencheiate cu ADIVI GIMS datele Dvs. personale, dintre cele care sunt cuprinse \u00een documentele financiar-contabile sau \u00een documente care se anexeaz\u0103 documentelor financiar-contabile, vor fi p\u0103strate 10 ani conform dispozi\u021biilor art. 38 din Anex\u0103 1 la Ordinul nr. 2634\/2015 privind documentele financiar-contabile, emis de Ministerul Finan\u021belor Publice \u0219i nu vor fi accesate \u00een niciun alt scop dec\u00e2t scopul legal pentru care sunt arhivate. Dup\u0103 10 ani aceste date vor fi distruse.<\/p>\n<p><strong>CARE SUNT DREPTURILE DVS.?<\/strong><\/p>\n<p>Dac\u0103 ave\u021bi motive s\u0103 crede\u021bi c\u0103 orice date personale pe care le de\u021binem despre Dvs sunt incorecte sau incomplete, ave\u021bi dreptul s\u0103 solicita\u021bi s\u0103 vede\u021bi aceste informa\u021bii, s\u0103 le rectificati sau s\u0103 cere\u021bi s\u0103 fie \u0219terse, s\u0103 solicita\u021bi restric\u021bionarea prelucr\u0103rii sau s\u0103 v\u0103 opune\u021bi prelu\u0103rii. De asemenea, ave\u021bi dreptul la portabilitatea datelor . Pentru exercitarea acestor drepturi va rug\u0103m s\u0103 ne contacta\u021bi la adresa de email:\u00a0 <a href=\"mailto:studio@bucharest.clever-fit.com\" data-cke-saved-href=\"mailto:studio@bucharest.clever-fit.com\">studio@bucharest.clever-fit.com<\/a>.<\/p>\n<p>Dac\u0103 dori\u021bi s\u0103 \u00eenainta\u021bi o pl\u00e2ngere legat\u0103 de modul \u00een care v-am procesat datele personale, contacta\u021bi responsabilul cu protec\u021bia datelor la urm\u0103toarea adresa de e-mail\u00a0 <a href=\"mailto:studio@bucharest.clever-fit.com\" data-cke-saved-href=\"mailto:studio@bucharest.clever-fit.com\">studio@bucharest.clever-fit.com<\/a>.\u00a0Responsabilul cu protec\u021bia datelor va lua leg\u0103tur\u0103 cu dumneavoastr\u0103 pentru a solu\u021biona problema ridicat\u0103.<\/p>\n<p>De asemenea, pute\u021bi contacta Autoritatea Na\u021bional\u0103 de Supraveghere a Prelucr\u0103rii Datelor cu Caracter Personal la\u00a0<a href=\"http:\/\/www.dataprotection.ro\/\" data-cke-saved-href=\"http:\/\/www.dataprotection.ro\/\">www.dataprotection.ro<\/a>\u00a0\u0219i pute\u021bi depune o pl\u00e2ngere la aceast\u0103 institu\u021bie.<\/p>\n<p>\u00a0<\/p>\n<p><strong>Rocket-CDN<\/strong><\/p>\n<p>Noi folosim serviciul &#8222;RocketCDN&#8221;. Furnizorul este WP MEDIA, 47 Rue Duquesne, 69006 &#8211; Lyon, Fran\u021ba (denumit \u00een continuare &#8222;RocketCDN&#8221;).<\/p>\n<p>RocketCDN ofer\u0103 o re\u021bea distribuit\u0103 de livrare de con\u021binut la nivel mondial cu DNS. Acest lucru direc\u021bioneaz\u0103 tehnic transferul de informa\u021bii \u00eentre browserul dvs. \u0219i site-urile noastre web prin intermediul re\u021belei RocketCDN. Acest lucru permite RocketCDN s\u0103 analizeze traficul dintre browserul dvs. \u0219i site-ul nostru web \u0219i s\u0103 ac\u021bioneze ca un filtru \u00eentre serverele noastre \u0219i traficul poten\u021bial mali\u021bios de pe internet. \u00cen acest sens, RocketCDN poate utiliza, de asemenea, cookie-uri, dar acestea sunt utilizate exclusiv \u00een scopul descris aici.<\/p>\n<p>Pentru mai multe informa\u021bii despre practicile de securitate \u0219i confiden\u021bialitate ale RocketCDN, v\u0103 rug\u0103m s\u0103 vizita\u021bi https:\/\/docs.wp-rocket.me\/article\/1307-rocketcdn.<\/p>\n<p>\u00a0<\/p>\n<p>\u00a0<\/p>\n\t\t\t\t<\/div>\n\t\t\t\t<\/div>\n\t\t\t\t\t<\/div>\n\t\t\t\t<\/div>\n\t\t\t\t\t<\/div>\n\t\t\t\t<\/div>\n\t\t\t\t<\/div>\n\t\t","protected":false},"excerpt":{"rendered":"<p>CINE SUNTEM? ADIVI GIMS SRL\u00a0(mai jos indicat\u0103 drept \u201cADIVI GIMS\u201d) este o\u00a0companie \u00eenregistrat\u0103 \u00een Rom\u00e2nia, av\u00e2nd sediul social \u00een Bucure\u0219ti, sectorul 3, Bdul Unirii nr. 63,\u00a0\u00eenregistrat\u0103 la Registrul Comer\u021bului cu [&hellip;]<\/p>\n","protected":false},"author":530,"featured_media":0,"parent":0,"menu_order":0,"comment_status":"closed","ping_status":"closed","template":"elementor_theme","meta":{"_acf_changed":false,"_seopress_robots_primary_cat":"","_seopress_titles_title":"","_seopress_titles_desc":"","_seopress_robots_index":"","footnotes":""},"class_list":["post-57528","page","type-page","status-publish","hentry"],"acf":[],"_links":{"self":[{"href":"https:\/\/clever-fit.love-it.at\/ro\/wp-json\/wp\/v2\/pages\/57528","targetHints":{"allow":["GET"]}}],"collection":[{"href":"https:\/\/clever-fit.love-it.at\/ro\/wp-json\/wp\/v2\/pages"}],"about":[{"href":"https:\/\/clever-fit.love-it.at\/ro\/wp-json\/wp\/v2\/types\/page"}],"author":[{"embeddable":true,"href":"https:\/\/clever-fit.love-it.at\/ro\/wp-json\/wp\/v2\/users\/530"}],"replies":[{"embeddable":true,"href":"https:\/\/clever-fit.love-it.at\/ro\/wp-json\/wp\/v2\/comments?post=57528"}],"version-history":[{"count":9,"href":"https:\/\/clever-fit.love-it.at\/ro\/wp-json\/wp\/v2\/pages\/57528\/revisions"}],"predecessor-version":[{"id":61635,"href":"https:\/\/clever-fit.love-it.at\/ro\/wp-json\/wp\/v2\/pages\/57528\/revisions\/61635"}],"wp:attachment":[{"href":"https:\/\/clever-fit.love-it.at\/ro\/wp-json\/wp\/v2\/media?parent=57528"}],"curies":[{"name":"wp","href":"https:\/\/api.w.org\/{rel}","templated":true}]}}