{"id":110751,"date":"2022-11-23T16:12:04","date_gmt":"2022-11-23T15:12:04","guid":{"rendered":"https:\/\/clever-fit.love-it.at\/pogosto-zastavljena-vprasanja\/"},"modified":"2024-01-29T10:55:12","modified_gmt":"2024-01-29T09:55:12","slug":"cesto-postavljena-pitanja","status":"publish","type":"page","link":"https:\/\/clever-fit.love-it.at\/hr\/cesto-postavljena-pitanja\/","title":{"rendered":"\u010cesto postavljena pitanja"},"content":{"rendered":"\t\t<div data-elementor-type=\"wp-page\" data-elementor-id=\"110751\" class=\"elementor elementor-110751 elementor-63591\" data-elementor-post-type=\"page\">\n\t\t\t\t<div data-particle_enable=\"false\" data-particle-mobile-disabled=\"false\" class=\"elementor-element elementor-element-506cc6e e-flex e-con-boxed e-con e-parent\" data-id=\"506cc6e\" data-element_type=\"container\" data-e-type=\"container\">\n\t\t\t\t\t<div class=\"e-con-inner\">\n\t\t\t\t<div class=\"elementor-element elementor-element-f3ea474 elementor-widget elementor-widget-spacer\" data-id=\"f3ea474\" data-element_type=\"widget\" data-e-type=\"widget\" data-widget_type=\"spacer.default\">\n\t\t\t\t<div class=\"elementor-widget-container\">\n\t\t\t\t\t\t\t<div class=\"elementor-spacer\">\n\t\t\t<div class=\"elementor-spacer-inner\"><\/div>\n\t\t<\/div>\n\t\t\t\t\t\t<\/div>\n\t\t\t\t<\/div>\n\t\t\t\t<div class=\"elementor-element elementor-element-2b63f0a elementor-widget elementor-widget-spacer\" data-id=\"2b63f0a\" data-element_type=\"widget\" data-e-type=\"widget\" data-widget_type=\"spacer.default\">\n\t\t\t\t<div class=\"elementor-widget-container\">\n\t\t\t\t\t\t\t<div class=\"elementor-spacer\">\n\t\t\t<div class=\"elementor-spacer-inner\"><\/div>\n\t\t<\/div>\n\t\t\t\t\t\t<\/div>\n\t\t\t\t<\/div>\n\t\t\t\t\t<\/div>\n\t\t\t\t<\/div>\n\t\t<div data-particle_enable=\"false\" data-particle-mobile-disabled=\"false\" class=\"elementor-element elementor-element-81e6d45 e-flex e-con-boxed e-con e-parent\" data-id=\"81e6d45\" data-element_type=\"container\" data-e-type=\"container\">\n\t\t\t\t\t<div class=\"e-con-inner\">\n\t\t<div data-particle_enable=\"false\" data-particle-mobile-disabled=\"false\" class=\"elementor-element elementor-element-5c91340 e-flex e-con-boxed e-con e-child\" data-id=\"5c91340\" data-element_type=\"container\" data-e-type=\"container\">\n\t\t\t\t\t<div class=\"e-con-inner\">\n\t\t\t\t<div class=\"elementor-element elementor-element-b529c86 elementor-widget elementor-widget-accordion\" data-id=\"b529c86\" data-element_type=\"widget\" data-e-type=\"widget\" data-widget_type=\"accordion.default\">\n\t\t\t\t<div class=\"elementor-widget-container\">\n\t\t\t\t\t\t\t<div class=\"elementor-accordion\">\n\t\t\t\t\t\t\t<div class=\"elementor-accordion-item\">\n\t\t\t\t\t<div id=\"elementor-tab-title-1891\" class=\"elementor-tab-title\" data-tab=\"1\" role=\"button\" aria-controls=\"elementor-tab-content-1891\" aria-expanded=\"false\">\n\t\t\t\t\t\t\t\t\t\t\t\t\t<span class=\"elementor-accordion-icon elementor-accordion-icon-left\" aria-hidden=\"true\">\n\t\t\t\t\t\t\t\t\t\t\t\t\t\t\t<span class=\"elementor-accordion-icon-closed\"><i class=\"fas fa-plus\"><\/i><\/span>\n\t\t\t\t\t\t\t\t<span class=\"elementor-accordion-icon-opened\"><i class=\"fas fa-minus\"><\/i><\/span>\n\t\t\t\t\t\t\t\t\t\t\t\t\t\t<\/span>\n\t\t\t\t\t\t\t\t\t\t\t\t<a class=\"elementor-accordion-title\" tabindex=\"0\">Ali mogu obaviti probni trening u Cleverfitu?<\/a>\n\t\t\t\t\t<\/div>\n\t\t\t\t\t<div id=\"elementor-tab-content-1891\" class=\"elementor-tab-content elementor-clearfix\" data-tab=\"1\" role=\"region\" aria-labelledby=\"elementor-tab-title-1891\"><p>Da, mo\u017eete! Do\u0111ite u jedan od na\u0161ih studija, gdje mo\u017eete kupiti dnevnu kartu za 15\u20ac i isprobati sve na\u0161e najmodernije sprave za trening. Ako se nakon obavljenog probnog treninga u roku od 7 dana odlu\u010dite za \u010dlanstvo kod nas, iznos kupovine dnevne karte ra\u010dunamo kao dobroimetje.<\/p><p>Maloljetnici (od 14 godina nadalje) mogu kupiti dnevnu kartu samo u pratnji svojih roditelja ili zakonskog zastupnika.<\/p><\/div>\n\t\t\t\t<\/div>\n\t\t\t\t\t\t\t<div class=\"elementor-accordion-item\">\n\t\t\t\t\t<div id=\"elementor-tab-title-1892\" class=\"elementor-tab-title\" data-tab=\"2\" role=\"button\" aria-controls=\"elementor-tab-content-1892\" aria-expanded=\"false\">\n\t\t\t\t\t\t\t\t\t\t\t\t\t<span class=\"elementor-accordion-icon elementor-accordion-icon-left\" aria-hidden=\"true\">\n\t\t\t\t\t\t\t\t\t\t\t\t\t\t\t<span class=\"elementor-accordion-icon-closed\"><i class=\"fas fa-plus\"><\/i><\/span>\n\t\t\t\t\t\t\t\t<span class=\"elementor-accordion-icon-opened\"><i class=\"fas fa-minus\"><\/i><\/span>\n\t\t\t\t\t\t\t\t\t\t\t\t\t\t<\/span>\n\t\t\t\t\t\t\t\t\t\t\t\t<a class=\"elementor-accordion-title\" tabindex=\"0\">Koliko moram biti star da bih se mogao u\u010dlaniti u Clever fit?<\/a>\n\t\t\t\t\t<\/div>\n\t\t\t\t\t<div id=\"elementor-tab-content-1892\" class=\"elementor-tab-content elementor-clearfix\" data-tab=\"2\" role=\"region\" aria-labelledby=\"elementor-tab-title-1892\"><p>Maloljetnici (stari najmanje 14 godina) mogu se u\u010dlaniti u na\u0161 fitness samo u pratnji svojih roditelja ili zakonskog zastupnika. Mogu trenirati samo uz stalnu prisutnost svog zakonskog zastupnika ili u pratnji osobnog trenera. U tom slu\u010daju obavezna je u\u010dlanjenje i za osobu koja \u0107e preuzeti odgovornost tijekom treninga maloljetnika.<\/p><p>Maloljetnicima (starijim od 16 godina) dopu\u0161teno je samostalno treniranje bez pratnje zakonskog zastupnika. Prije nego \u0161to pojedinac navr\u0161i 18 godina, pri potpisivanju u\u010dlanjenja potrebno je obavezno suglasnost roditelja ili zakonskog zastupnika.<\/p><p>Kad pojedinac postane punoljetan (od 18 godina nadalje) mo\u017ee samostalno sklopiti ugovor i zapo\u010deti s treninzima u na\u0161im studijima.<\/p><\/div>\n\t\t\t\t<\/div>\n\t\t\t\t\t\t\t<div class=\"elementor-accordion-item\">\n\t\t\t\t\t<div id=\"elementor-tab-title-1893\" class=\"elementor-tab-title\" data-tab=\"3\" role=\"button\" aria-controls=\"elementor-tab-content-1893\" aria-expanded=\"false\">\n\t\t\t\t\t\t\t\t\t\t\t\t\t<span class=\"elementor-accordion-icon elementor-accordion-icon-left\" aria-hidden=\"true\">\n\t\t\t\t\t\t\t\t\t\t\t\t\t\t\t<span class=\"elementor-accordion-icon-closed\"><i class=\"fas fa-plus\"><\/i><\/span>\n\t\t\t\t\t\t\t\t<span class=\"elementor-accordion-icon-opened\"><i class=\"fas fa-minus\"><\/i><\/span>\n\t\t\t\t\t\t\t\t\t\t\t\t\t\t<\/span>\n\t\t\t\t\t\t\t\t\t\t\t\t<a class=\"elementor-accordion-title\" tabindex=\"0\">Koje vrste \u010dlanstva nudite?<\/a>\n\t\t\t\t\t<\/div>\n\t\t\t\t\t<div id=\"elementor-tab-content-1893\" class=\"elementor-tab-content elementor-clearfix\" data-tab=\"3\" role=\"region\" aria-labelledby=\"elementor-tab-title-1893\"><p>Nudimo nekoliko razli\u010ditih paketa \u010dlanstva, tako da se svatko mo\u017ee odlu\u010diti \u0161to \u017eeli uklju\u010diti u svom paketu.<\/p><p>\u010clanstvo BASIC se sklapa na razdoblje najmanje 12 mjeseci za samo 39,90\u20ac mjese\u010dno. BASIC \u010dlanstvo uklju\u010duje kori\u0161tenje na\u0161ih najnovijih fitness sprava, neograni\u010deno treniranje u svim na\u0161im studijima, WIFI, besplatne tu\u0161eve i besplatan pristup mineralnim napitcima. Ugovor se automatski produ\u017euje za 6 mjeseci nakon 12 mjeseci, ukoliko nije podnesena pismena otkaz sa rokom otkazivanja 1 mjesec prije isteka \u010dlanstva. Pored mjese\u010dne \u010dlanarine, napla\u0107uje se i jednokratni tro\u0161ak upisnine koji uklju\u010duje i medijsku traku s \u010dipom u vrijednosti 39,90\u20ac.<\/p><p>\u010clanstvo ALL IN se sklapa na razdoblje jednog mjeseca za samo 49,90\u20ac mjese\u010dno s po\u010detkom sklapanja \u010dlanstva. ALL IN \u010dlanstvo uklju\u010duje kori\u0161tenje na\u0161ih najnovijih fitness sprava, neograni\u010deno treniranje u svim na\u0161im studijima, WIFI, besplatne tu\u0161eve, kori\u0161tenje solarija, kori\u0161tenje masa\u017enog le\u017eaja, besplatan pristup mineralnim napitcima i mogu\u0107nost 2-mjese\u010dnog zamrzavanja paketa. Ugovor se automatski produ\u017euje svaki mjesec za dodatni mjesec. Pored mjese\u010dne \u010dlanarine, napla\u0107uje se i jednokratni tro\u0161ak upisnine koji uklju\u010duje i medijsku traku s \u010dipom u vrijednosti 39,90\u20ac.<\/p><p>Dnevna karta, \u010dija je cijena 15\u20ac, uklju\u010duje jedan dan vje\u017ebanja u na\u0161em studiju. Ako se nakon obavljenog probnog treninga u roku od 7 dana odlu\u010dite za \u010dlanstvo kod nas, iznos kupovine dnevne karte ra\u010dunamo kao dobroimetje.<\/p><p>Za tvrtke i studente imamo dostupnu posebnu ponudu.<\/p><\/div>\n\t\t\t\t<\/div>\n\t\t\t\t\t\t\t<div class=\"elementor-accordion-item\">\n\t\t\t\t\t<div id=\"elementor-tab-title-1894\" class=\"elementor-tab-title\" data-tab=\"4\" role=\"button\" aria-controls=\"elementor-tab-content-1894\" aria-expanded=\"false\">\n\t\t\t\t\t\t\t\t\t\t\t\t\t<span class=\"elementor-accordion-icon elementor-accordion-icon-left\" aria-hidden=\"true\">\n\t\t\t\t\t\t\t\t\t\t\t\t\t\t\t<span class=\"elementor-accordion-icon-closed\"><i class=\"fas fa-plus\"><\/i><\/span>\n\t\t\t\t\t\t\t\t<span class=\"elementor-accordion-icon-opened\"><i class=\"fas fa-minus\"><\/i><\/span>\n\t\t\t\t\t\t\t\t\t\t\t\t\t\t<\/span>\n\t\t\t\t\t\t\t\t\t\t\t\t<a class=\"elementor-accordion-title\" tabindex=\"0\">Kako mogu prekinuti svoje \u010dlanstvo?<\/a>\n\t\t\t\t\t<\/div>\n\t\t\t\t\t<div id=\"elementor-tab-content-1894\" class=\"elementor-tab-content elementor-clearfix\" data-tab=\"4\" role=\"region\" aria-labelledby=\"elementor-tab-title-1894\"><p>Na\u0161a \u010dlanstva su vezana uz ugovor na neodre\u0111eno vrijeme, koji vrijedi dok ga pojedinac sam aktivno ne otka\u017ee. Rok otkazivanja naveden je na primjerku ugovora koji pojedinac dobije pri sklapanju ugovora. Otkaz \u010dlanstva mora biti podnesen pismeno ispunjavanjem obrasca na recepciji ili putem e-mail adrese.<\/p><p>Uvijek se mo\u017eete obratiti na\u0161em timu u studiju s pitanjima o va\u0161em ugovoru i roku otkazivanja.<\/p><\/div>\n\t\t\t\t<\/div>\n\t\t\t\t\t\t\t<div class=\"elementor-accordion-item\">\n\t\t\t\t\t<div id=\"elementor-tab-title-1895\" class=\"elementor-tab-title\" data-tab=\"5\" role=\"button\" aria-controls=\"elementor-tab-content-1895\" aria-expanded=\"false\">\n\t\t\t\t\t\t\t\t\t\t\t\t\t<span class=\"elementor-accordion-icon elementor-accordion-icon-left\" aria-hidden=\"true\">\n\t\t\t\t\t\t\t\t\t\t\t\t\t\t\t<span class=\"elementor-accordion-icon-closed\"><i class=\"fas fa-plus\"><\/i><\/span>\n\t\t\t\t\t\t\t\t<span class=\"elementor-accordion-icon-opened\"><i class=\"fas fa-minus\"><\/i><\/span>\n\t\t\t\t\t\t\t\t\t\t\t\t\t\t<\/span>\n\t\t\t\t\t\t\t\t\t\t\t\t<a class=\"elementor-accordion-title\" tabindex=\"0\">\u0160to u\u010diniti u slu\u010daju ako izgubim \u010dlansku narukvicu?<\/a>\n\t\t\t\t\t<\/div>\n\t\t\t\t\t<div id=\"elementor-tab-content-1895\" class=\"elementor-tab-content elementor-clearfix\" data-tab=\"5\" role=\"region\" aria-labelledby=\"elementor-tab-title-1895\"><p>U slu\u010daju gubitka \u010dlanske narukvice, to \u0161to prije prijavite svom studiju. Za ponovno izdavanje nove narukvice napla\u0107ujemo 19,90 \u20ac.<\/p><\/div>\n\t\t\t\t<\/div>\n\t\t\t\t\t\t\t\t<\/div>\n\t\t\t\t\t\t<\/div>\n\t\t\t\t<\/div>\n\t\t\t\t<div class=\"elementor-element elementor-element-4724ade elementor-widget elementor-widget-spacer\" data-id=\"4724ade\" data-element_type=\"widget\" data-e-type=\"widget\" data-widget_type=\"spacer.default\">\n\t\t\t\t<div class=\"elementor-widget-container\">\n\t\t\t\t\t\t\t<div class=\"elementor-spacer\">\n\t\t\t<div class=\"elementor-spacer-inner\"><\/div>\n\t\t<\/div>\n\t\t\t\t\t\t<\/div>\n\t\t\t\t<\/div>\n\t\t\t\t\t<\/div>\n\t\t\t\t<\/div>\n\t\t\t\t\t<\/div>\n\t\t\t\t<\/div>\n\t\t\t\t<\/div>\n\t\t","protected":false},"excerpt":{"rendered":"<p>Ali mogu obaviti probni trening u Cleverfitu? Da, mo\u017eete! Do\u0111ite u jedan od na\u0161ih studija, gdje mo\u017eete kupiti dnevnu kartu za 15\u20ac i isprobati sve na\u0161e najmodernije sprave za trening. [&hellip;]<\/p>\n","protected":false},"author":538,"featured_media":0,"parent":0,"menu_order":0,"comment_status":"closed","ping_status":"closed","template":"","meta":{"_acf_changed":false,"_seopress_robots_primary_cat":"","_seopress_titles_title":"\u010cesto postavljena pitanja - clever fit Hrvatska","_seopress_titles_desc":"\u010cesto postavljena pitanja i odgovori. U slu\u010daju da vam je potrebno vi\u0161e informacija, molimo vas da kontaktirate svoj studio.","_seopress_robots_index":"","footnotes":""},"class_list":["post-110751","page","type-page","status-publish","hentry"],"acf":[],"_links":{"self":[{"href":"https:\/\/clever-fit.love-it.at\/hr\/wp-json\/wp\/v2\/pages\/110751","targetHints":{"allow":["GET"]}}],"collection":[{"href":"https:\/\/clever-fit.love-it.at\/hr\/wp-json\/wp\/v2\/pages"}],"about":[{"href":"https:\/\/clever-fit.love-it.at\/hr\/wp-json\/wp\/v2\/types\/page"}],"author":[{"embeddable":true,"href":"https:\/\/clever-fit.love-it.at\/hr\/wp-json\/wp\/v2\/users\/538"}],"replies":[{"embeddable":true,"href":"https:\/\/clever-fit.love-it.at\/hr\/wp-json\/wp\/v2\/comments?post=110751"}],"version-history":[{"count":16,"href":"https:\/\/clever-fit.love-it.at\/hr\/wp-json\/wp\/v2\/pages\/110751\/revisions"}],"predecessor-version":[{"id":203988,"href":"https:\/\/clever-fit.love-it.at\/hr\/wp-json\/wp\/v2\/pages\/110751\/revisions\/203988"}],"wp:attachment":[{"href":"https:\/\/clever-fit.love-it.at\/hr\/wp-json\/wp\/v2\/media?parent=110751"}],"curies":[{"name":"wp","href":"https:\/\/api.w.org\/{rel}","templated":true}]}}