{"id":320087,"date":"2025-05-13T12:47:22","date_gmt":"2025-05-13T10:47:22","guid":{"rendered":"https:\/\/clever-fit.love-it.at\/sabonner-a-la-newsletter\/"},"modified":"2025-11-05T11:14:10","modified_gmt":"2025-11-05T10:14:10","slug":"sabonner-a-la-newsletter","status":"publish","type":"page","link":"https:\/\/clever-fit.love-it.at\/fr-CH\/sabonner-a-la-newsletter\/","title":{"rendered":"S\u2019abonner \u00e0 la newsletter"},"content":{"rendered":"\t\t<div data-elementor-type=\"wp-page\" data-elementor-id=\"320087\" class=\"elementor elementor-320087 elementor-292849\" data-elementor-post-type=\"page\">\n\t\t\t\t<div data-particle_enable=\"false\" data-particle-mobile-disabled=\"false\" class=\"elementor-element elementor-element-f1e897b e-con-full e-flex e-con e-parent\" data-id=\"f1e897b\" data-element_type=\"container\" data-e-type=\"container\" data-settings=\"{&quot;background_background&quot;:&quot;classic&quot;}\">\n\t\t\t\t<div class=\"elementor-element elementor-element-e565556 elementor-widget elementor-widget-spacer\" data-id=\"e565556\" data-element_type=\"widget\" data-e-type=\"widget\" data-widget_type=\"spacer.default\">\n\t\t\t\t<div class=\"elementor-widget-container\">\n\t\t\t\t\t\t\t<div class=\"elementor-spacer\">\n\t\t\t<div class=\"elementor-spacer-inner\"><\/div>\n\t\t<\/div>\n\t\t\t\t\t\t<\/div>\n\t\t\t\t<\/div>\n\t\t<div data-particle_enable=\"false\" data-particle-mobile-disabled=\"false\" class=\"elementor-element elementor-element-624c30e e-flex e-con-boxed e-con e-child\" data-id=\"624c30e\" data-element_type=\"container\" data-e-type=\"container\">\n\t\t\t\t\t<div class=\"e-con-inner\">\n\t\t\t\t<div class=\"elementor-element elementor-element-8f3b3e2 elementor-widget elementor-widget-spacer\" data-id=\"8f3b3e2\" data-element_type=\"widget\" data-e-type=\"widget\" data-widget_type=\"spacer.default\">\n\t\t\t\t<div class=\"elementor-widget-container\">\n\t\t\t\t\t\t\t<div class=\"elementor-spacer\">\n\t\t\t<div class=\"elementor-spacer-inner\"><\/div>\n\t\t<\/div>\n\t\t\t\t\t\t<\/div>\n\t\t\t\t<\/div>\n\t\t\t\t<div class=\"elementor-element elementor-element-698aa9f elementor-widget elementor-widget-heading\" data-id=\"698aa9f\" data-element_type=\"widget\" data-e-type=\"widget\" data-widget_type=\"heading.default\">\n\t\t\t\t<div class=\"elementor-widget-container\">\n\t\t\t\t\t<h1 class=\"elementor-heading-title elementor-size-default\">S\u2019abonner \u00e0 la newsletter<\/h1>\t\t\t\t<\/div>\n\t\t\t\t<\/div>\n\t\t\t\t\t<\/div>\n\t\t\t\t<\/div>\n\t\t<div data-particle_enable=\"false\" data-particle-mobile-disabled=\"false\" class=\"elementor-element elementor-element-3de1e19 e-flex e-con-boxed e-con e-child\" data-id=\"3de1e19\" data-element_type=\"container\" data-e-type=\"container\">\n\t\t\t\t\t<div class=\"e-con-inner\">\n\t\t\t\t<div class=\"elementor-element elementor-element-4c23ae6 elementor-widget elementor-widget-html\" data-id=\"4c23ae6\" data-element_type=\"widget\" data-e-type=\"widget\" data-widget_type=\"html.default\">\n\t\t\t\t<div class=\"elementor-widget-container\">\n\t\t\t\t\t<iframe loading=\"lazy\" width=\"540\" height=\"804\" src=\"https:\/\/3cbca793.sibforms.com\/serve\/MUIFADUFG2TrNNzu-ajuEFjP7ruIJTpRL--x-uWQARVMcenHmJyMr19j40evXMSVONcGhrHlMXUTDZdyvhjhUesLQtq_uP_nTGivVfef1uD63WEQYP3TNcXZX3c0EAmhCFMdLJ-d6DQzFcPJi2KV_xVil_poW4HoFsQjvhslgLSIDYF0Rb_KQJs5H_MY6fFG-kWySMdG3CbwaRLs\" frameborder=\"0\" scrolling=\"no\" allowfullscreen style=\"display: block;margin-left: auto;margin-right: auto;max-width: 100%;\"><\/iframe>\t\t\t\t<\/div>\n\t\t\t\t<\/div>\n\t\t\t\t\t<\/div>\n\t\t\t\t<\/div>\n\t\t\t\t<div class=\"elementor-element elementor-element-d8d90ed elementor-widget elementor-widget-spacer\" data-id=\"d8d90ed\" data-element_type=\"widget\" data-e-type=\"widget\" data-widget_type=\"spacer.default\">\n\t\t\t\t<div class=\"elementor-widget-container\">\n\t\t\t\t\t\t\t<div class=\"elementor-spacer\">\n\t\t\t<div class=\"elementor-spacer-inner\"><\/div>\n\t\t<\/div>\n\t\t\t\t\t\t<\/div>\n\t\t\t\t<\/div>\n\t\t\t\t<\/div>\n\t\t\t\t<\/div>\n\t\t","protected":false},"excerpt":{"rendered":"<p>S\u2019abonner \u00e0 la newsletter Vous consultez actuellement un contenu temporaire provenant de Default. Pour acc\u00e9der au contenu r\u00e9el, cliquez sur le bouton ci-dessous. Veuillez noter que cela entra\u00eenera le partage [&hellip;]<\/p>\n","protected":false},"author":681,"featured_media":0,"parent":0,"menu_order":0,"comment_status":"closed","ping_status":"closed","template":"","meta":{"_acf_changed":false,"_seopress_robots_primary_cat":"","_seopress_titles_title":"Abonne-toi maintenant \u00e0 la newsletter de clever fit Suisse","_seopress_titles_desc":"D\u00e9couvre en avant-premi\u00e8re nos offres sp\u00e9ciales, nos remises sp\u00e9ciales et les \u00e9v\u00e9nements les plus int\u00e9ressants dans nos centres de fitness. Inscris-toi maintenant \u00e0 la newsletter de clever fit Suisse.","_seopress_robots_index":"","footnotes":""},"class_list":["post-320087","page","type-page","status-publish","hentry"],"acf":[],"_links":{"self":[{"href":"https:\/\/clever-fit.love-it.at\/fr-CH\/wp-json\/wp\/v2\/pages\/320087","targetHints":{"allow":["GET"]}}],"collection":[{"href":"https:\/\/clever-fit.love-it.at\/fr-CH\/wp-json\/wp\/v2\/pages"}],"about":[{"href":"https:\/\/clever-fit.love-it.at\/fr-CH\/wp-json\/wp\/v2\/types\/page"}],"author":[{"embeddable":true,"href":"https:\/\/clever-fit.love-it.at\/fr-CH\/wp-json\/wp\/v2\/users\/681"}],"replies":[{"embeddable":true,"href":"https:\/\/clever-fit.love-it.at\/fr-CH\/wp-json\/wp\/v2\/comments?post=320087"}],"version-history":[{"count":8,"href":"https:\/\/clever-fit.love-it.at\/fr-CH\/wp-json\/wp\/v2\/pages\/320087\/revisions"}],"predecessor-version":[{"id":324488,"href":"https:\/\/clever-fit.love-it.at\/fr-CH\/wp-json\/wp\/v2\/pages\/320087\/revisions\/324488"}],"wp:attachment":[{"href":"https:\/\/clever-fit.love-it.at\/fr-CH\/wp-json\/wp\/v2\/media?parent=320087"}],"curies":[{"name":"wp","href":"https:\/\/api.w.org\/{rel}","templated":true}]}}