{"id":319755,"date":"2022-09-08T00:28:34","date_gmt":"2022-09-07T22:28:34","guid":{"rendered":"https:\/\/clever-fit.love-it.at\/adherer\/"},"modified":"2026-01-29T15:27:08","modified_gmt":"2026-01-29T14:27:08","slug":"adherer","status":"publish","type":"page","link":"https:\/\/clever-fit.love-it.at\/fr-CH\/adherer\/","title":{"rendered":"Adh\u00e9rer"},"content":{"rendered":"\t\t<div data-elementor-type=\"wp-page\" data-elementor-id=\"319755\" class=\"elementor elementor-319755 elementor-1168\" data-elementor-post-type=\"page\">\n\t\t\t\t<div data-particle_enable=\"false\" data-particle-mobile-disabled=\"false\" class=\"elementor-element elementor-element-b89f408 e-flex e-con-boxed e-con e-parent\" data-id=\"b89f408\" data-element_type=\"container\" data-e-type=\"container\">\n\t\t\t\t\t<div class=\"e-con-inner\">\n\t\t\t\t<div class=\"elementor-element elementor-element-aed4de7 elementor-widget elementor-widget-spacer\" data-id=\"aed4de7\" data-element_type=\"widget\" data-e-type=\"widget\" data-widget_type=\"spacer.default\">\n\t\t\t\t<div class=\"elementor-widget-container\">\n\t\t\t\t\t\t\t<div class=\"elementor-spacer\">\n\t\t\t<div class=\"elementor-spacer-inner\"><\/div>\n\t\t<\/div>\n\t\t\t\t\t\t<\/div>\n\t\t\t\t<\/div>\n\t\t\t\t<div class=\"elementor-element elementor-element-f81ca91 elementor-widget elementor-widget-heading\" data-id=\"f81ca91\" data-element_type=\"widget\" data-e-type=\"widget\" data-widget_type=\"heading.default\">\n\t\t\t\t<div class=\"elementor-widget-container\">\n\t\t\t\t\t<h1 class=\"elementor-heading-title elementor-size-default\">Adh\u00e9rer<\/h1>\t\t\t\t<\/div>\n\t\t\t\t<\/div>\n\t\t\t\t\t<\/div>\n\t\t\t\t<\/div>\n\t\t<div data-particle_enable=\"false\" data-particle-mobile-disabled=\"false\" class=\"elementor-element elementor-element-bd0ebe3 e-flex e-con-boxed e-con e-parent\" data-id=\"bd0ebe3\" data-element_type=\"container\" data-e-type=\"container\">\n\t\t\t\t\t<div class=\"e-con-inner\">\n\t\t\t\t<div class=\"elementor-element elementor-element-683bf2f elementor-widget elementor-widget-cle-app\" data-id=\"683bf2f\" data-element_type=\"widget\" data-e-type=\"widget\" data-widget_type=\"cle-app.default\">\n\t\t\t\t<div class=\"elementor-widget-container\">\n\t\t\t\t\t<style>\n        .clever-app-26 .iti {\n          --iti-path-flags-1x: url('https:\/\/clever-fit.love-it.at\/app\/themes\/love-it\/modules\/clever-app-26\/app\/dist\/flags.webp');\n          --iti-path-flags-2x: url('https:\/\/clever-fit.love-it.at\/app\/themes\/love-it\/modules\/clever-app-26\/app\/dist\/flags@2x.webp');\n          --iti-path-globe-1x: url('\/app\/themes\/love-it\/dist\/assets\/img\/intl-tel-input\/globe.webp');\n          --iti-path-globe-2x: url('\/app\/themes\/love-it\/dist\/assets\/img\/intl-tel-input\/globe@2x.webp');\n        }\n        <\/style><div data-app-data='eyJjdXJyZW50RW52aXJvbm1lbnQiOiJzdGFnaW5nIiwiYmFzZVVybCI6IlwvZnItQ0hcL3dwLWpzb25cL3dwXC92MlwvcGFnZXNcLzMxOTc1NVwvIiwicmVzdFVybCI6Imh0dHBzOlwvXC9jbGV2ZXItZml0LmxvdmUtaXQuYXRcL2ZyLUNIXC93cC1qc29uXC9jbGV2ZXItYXBwXC92MlwvIiwic2VhcmNoQ291bnRyeSI6IkNIIiwic2VhcmNoQ291bnRyeUxhbmd1YWdlQ29kZSI6ImZyX0NIIiwiY3VycmVuY3lDb2RlIjoiQ0hGIiwiZ29vZ2xlTWFwc0FwaUtleSI6IkFJemFTeUNmMkhFbUJtZmdQZ09rZm9YOEdwTDJwZFoxVXRvblFmdyIsInRleHRTdHJpbmdzIjp7ImNvbW1vbiI6eyJjb250aW51ZSI6IkNvbnRpbnVlIiwiYmFjayI6IkJhY2siLCJzdWJtaXQiOiJzdWJtaXQiLCJmcm9tIjoiRnJvbSIsInN0dWRpbyI6InN0dWRpbyIsImNoYW5nZSI6ImNoYW5nZSIsIm9wdGlvbmFsIjoib3B0aW9uYWwiLCJjaG9vc2VTdHVkaW8iOiJUcm91dmVyIHVuIHN0dWRpbyIsInNlbGVjdGVkU3R1ZGlvIjoiU2VsZWN0ZWQgc3R1ZGlvIiwibm90ZSI6Ik5vdGUiLCJtZXNzYWdlIjoiTWVzc2FnZSJ9LCJmb3JtcyI6eyJmaXJzdE5hbWUiOiJQclx1MDBlOW5vbSIsImxhc3ROYW1lIjoiTm9tIGRlIGZhbWlsbGUiLCJkYXRlT2ZCaXJ0aCI6IkRhdGUgZGUgbmFpc3NhbmNlIiwiZW1haWwiOiJFLU1haWwiLCJwaG9uZSI6IlRcdTAwZTlsXHUwMGU5cGhvbmUiLCJzdHJlZXQiOiJSdWUiLCJob3VzZU51bWJlciI6IkhvdXNlIG5yLiIsInppcENvZGUiOiJaaXAgY29kZSIsImNpdHkiOiJWaWxsZSIsImNvdW50cnkiOiJDb3VudHJ5IiwiY2FyZE93bmVyIjoiQ2FyZCBvd25lciIsImliYW4iOiJJQkFOIiwicGVyc29uYWxEYXRhIjoiUGVyc29uYWwgZGF0YSIsImFkZHJlc3NEYXRhIjoiQWRkcmVzcyBkYXRhIiwicGF5bWVudERldGFpbHMiOiJQYXltZW50IGRldGFpbHMiLCJjb250YWN0IjoiQ29udGFjdCIsInJlcXVpcmVkRmllbGROb3RlIjoiKiBSZXF1aXJlZCBmaWVsZCIsImdlbmRlcnMiOnsidGl0bGUiOiJQbGVhc2UgY2hvb3NlIiwiRkVNQUxFIjoiTXMiLCJNQUxFIjoiTXIiLCJVTklTRVgiOiJEaXZlcnNlIn19LCJjb250cmFjdHMiOnsiaGVhZGluZyI6IkNob29zZSB5b3VyIG1lbWJlcnNoaXAiLCJoZWFkaW5nVGVhc2VyQnVuZGxlcyI6IkNvbnRyYWN0cyIsImNob29zZUR1cmF0aW9uIjoiQ2hvb3NlIGR1cmF0aW9uIiwiY29udHJhY3REZXRhaWxzIjoiQ29udHJhY3QgZGV0YWlscyIsInNob3dBbGxTZXJ2aWNlcyI6IkFmZmljaGVyIHRvdXMgbGVzIHNlcnZpY2VzIiwiaGlkZUFsbFNlcnZpY2VzIjoiSGlkZSBhbGwgc2VydmljZXMiLCJub0NvbnRyYWN0c0ZvdW5kIjoiV2UgY291bGRuJ3QgZmluZCBhbnkgbWF0Y2hpbmcgY29udHJhY3RzLiIsImluZGVmaW5pdGVUZXJtIjoiSW5kZWZpbml0ZSB0ZXJtIiwibm9FeHRlbnNpb24iOiJObyBjb250cmFjdCBleHRlbnNpb24iLCJjaG9vc2VCdXR0b24iOiJTZWxlY3QiLCJpbnF1aXJlQnV0dG9uIjoiQW5mcmFnZW4iLCJjaG9vc2VTZWxlY3RhYmxlTW9kdWxlcyI6IkNob29zZSBmcmVlIG1vZHVsZXMiLCJzZWxlY3RhYmxlTW9kdWxlc01heFNpbmd1bGFyIjoiQ2hvb3NlIHlvdXIgZnJlZSBtb2R1bGUiLCJzZWxlY3RhYmxlTW9kdWxlc01heFBsdXJhbCI6IkNob29zZSB1cCB0byAlcyBmcmVlIG1vZHVsZXMiLCJzZWxlY3RhYmxlTW9kdWxlc01heEVycm9yIjoiWW91IGhhdmUgc2VsZWN0ZWQgdGhlIG1heGltdW0gbnVtYmVyIG9mIGFsbG93ZWQgbW9kdWxlcy4gUGxlYXNlIGRlc2VsZWN0IGFub3RoZXIgbW9kdWxlIGZpcnN0LiIsInNlbGVjdGFibGVNb2R1bGVzVGVhc2VyU2luZ3VsYXIiOiIrIDEgRlJFRSBNT0RVTEUiLCJzZWxlY3RhYmxlTW9kdWxlc1RlYXNlclBsdXJhbCI6IisgJWNvdW50JSBGUkVFIE1PRFVMRVMiLCJkZXRhaWxzQnV0dG9uIjoiRGV0YWlscyJ9LCJjaGVja291dCI6eyJzdW1tYXJ5IjoiU3VtbWFyeSIsInlvdXJNZW1iZXJzaGlwIjoiWW91ciBtZW1iZXJzaGlwIiwiY29udHJhY3REdXJhdGlvbiI6IkNvbnRyYWN0IGR1cmF0aW9uIiwiaW5pdGlhbFJ1bnRpbWUiOiJJbml0aWFsIHRlcm0iLCJwcmljZSI6IlByaWNlIiwidG90YWxQcmljZSI6IlRvdGFsIHByaWNlIiwicHJlQ29udHJhY3R1YWxVc2UiOiJQcmUtY29udHJhY3R1YWwgdXNlIiwiY29udHJhY3RTdGFydCI6IlN0YXJ0IG9mIGNvbnRyYWN0IiwidHJhaW5pbmdTdGFydCI6IlN0YXJ0IG9mIHVzZSIsImNvbnRyYWN0RXh0ZW5zaW9uIjoiQ29udHJhY3QgZXh0ZW5zaW9uIiwiaW5jbHVkZWRNb2R1bGVzIjoiSW5jbHVkZWQgbW9kdWxlcyIsImluY2x1ZGVkTW9kdWxlc0hpbnQiOiJJbmNsdWRlZCBtb2R1bGVzIGNhbiBiZSBzZWxlY3RlZCBpbiBzdGVwIDMgYmVmb3JlIGNoZWNrb3V0Iiwic2VsZWN0VXBUbyI6IkNob29zZSB1cCB0byAlbWF4JSBpbmNsdWRlZCBtb2R1bGVzOiIsInNlbGVjdEFueU1vZHVsZXMiOiJDaG9vc2UgYW55IG51bWJlciBvZiBtb2R1bGVzOiIsImluY2x1ZGVkIjoiaW5jbHVkZWQiLCJvcHRpb25hbE1vZHVsZXMiOiJPcHRpb25hbCBtb2R1bGVzIiwiYWRkaXRpb25hbENvc3RzIjoiQWRkaXRpb25hbCBjb3N0cyIsImZyZWUiOiJmcmVlIiwib25lVGltZSI6Im9uZS10aW1lIiwid2l0aG91dE9wdGlvbmFsIjoid2l0aG91dCBvcHRpb25hbCBtb2R1bGVzIiwid2l0aE9wdGlvbmFsIjoiaW5jbC4gb3B0aW9uYWwgbW9kdWxlcyBmb3IgaW5pdGlhbCB0ZXJtIiwieW91ckJlbmVmaXRzIjoiWW91ciBiZW5lZml0cyIsInByaWNlQWRqdXN0bWVudCI6IlByaWNlIGFkanVzdG1lbnQiLCJwcmljZUFkanVzdG1lbnRzIjoiUHJpY2UgYWRqdXN0bWVudHMiLCJzdWJtaXRJbnF1aXJ5IjoiU3VibWl0IGlucXVpcnkiLCJzdWJtaXRPcmRlciI6IlBsYWNlIGJpbmRpbmcgb3JkZXIiLCJjb250cmFjdERldGFpbHNIZWFkaW5nIjoiQ29udHJhY3QgZGV0YWlscyAmIGluZm8iLCJjb250cmFjdFN1bW1hcnlIZWFkaW5nIjoiQ29udHJhY3Qgc3VtbWFyeSIsImRvd25sb2FkQ29udHJhY3RTdW1tYXJ5IjoiRG93bmxvYWQgc3VtbWFyeSBvZiBhbGwgY29udHJhY3QgZGV0YWlscy4iLCJkb3dubG9hZENvbnRyYWN0U3VtbWFyeUxpbmsiOiJEb3dubG9hZCBkb2N1bWVudCIsImRvd25sb2FkUHJlcGFyaW5nIjoiUHJlcGFyaW5nIGRvd25sb2FkLi4uIiwiZG93bmxvYWRGYWlsZWQiOiJEb3dubG9hZCBmYWlsZWQuIFBsZWFzZSB0cnkgYWdhaW4uIiwiZG93bmxvYWRQZGZGaWxlbmFtZSI6IkNvbnRyYWN0LXN1bW1hcnktY2YtJXN0dWRpb05hbWUlIiwiY29udHJhY3RTdW1tYXJ5VGl0bGUiOiJDb250cmFjdCBzdW1tYXJ5ICVzdHVkaW9OYW1lJSIsImltcHJpbnRMaW5rTGFiZWwiOiJMZWdhbCBub3RpY2Ugb2YgdGhlIHN0dWRpbyBvcGVyYXRvciIsImJvbnVzUGVyaW9kSW5mb1Bvc3RGaXgiOiJmb3IgZnJlZSEiLCJzdGVwQ29udHJhY3QiOiJDb250cmFjdCIsInN0ZXBEYXRhIjoiRGF0YSIsInN0ZXBDaGVja291dCI6IkNoZWNrb3V0IiwiY29udHJhY3REZXRhaWxzIjoiQ29udHJhY3QgZGV0YWlscyIsInNlY3Rpb25QZXJzb25hbERhdGEiOiJQZXJzb25hbCBkYXRhIiwic2VjdGlvbkFkZHJlc3MiOiJBZGRyZXNzIGRhdGEifSwicGF5bWVudCI6eyJkaXJlY3REZWJpdCI6IkRpcmVjdCBkZWJpdCIsImNyZWRpdENhcmQiOiJDcmVkaXQgY2FyZCIsImNob29zZVBheW1lbnRNZXRob2QiOiJQbGVhc2UgY2hvb3NlIGEgcGF5bWVudCBtZXRob2QiLCJiYW5rQWNjb3VudEluZm8iOiJQYXltZW50IGlzIG9ubHkgYWxsb3dlZCBmb3IgYmFuayBhY2NvdW50cyB3aGljaCBzdGFydCB3aXRoIG9uZSBvZiB0aGUgZm9sbG93aW5nIGNvdW50cnkgY29kZXM6IiwiYmFua0FjY291bnRFcnJvciI6IlBsZWFzZSBjaGVjayBvdXIgYmFuayBhY2NvdW50IGluZm8uIFdlIG9ubHkgYWNjZXB0IElCQU5zIHN0YXJ0aW5nIHdpdGg6IiwiY2hhcnNJbmZvIjoiUGxlYXNlIHVzZSBvbmx5IGxhdGluIGNoYXJhY3RlcnMuIiwicGxlYXNlQXV0aG9yaXplQ3JlZGl0Q2FyZCI6IlBsZWFzZSBhdXRob3JpemUgeW91ciBjcmVkaXQgY2FyZCB0byBwcm9jZWVkLiIsImNyZWRpdENhcmRBdXRob3JpemVkIjoiQ2FyZCBhdXRob3JpemVkISJ9LCJ2b3VjaGVycyI6eyJsYWJlbCI6IlZvdWNoZXIgY29kZSIsImRlc2NyaXB0aW9uIjoiR290IGEgdm91Y2hlciBjb2RlPyIsInZhbGlkIjoiVm91Y2hlciBjb2RlIHZhbGlkLiIsImludmFsaWQiOiJWb3VjaGVyIGNvZGUgaXMgaW52YWxpZC4iLCJ2YWxpZGF0ZSI6IkFwcGx5IHZvdWNoZXIiLCJkZWxldGUiOiJSZW1vdmUgdm91Y2hlciIsInBsZWFzZUVudGVyIjoiUGxlYXNlIGVudGVyIGEgdm91Y2hlciBjb2RlIiwicGxlYXNlVmFsaWRhdGUiOiJQbGVhc2UgdmFsaWRhdGUgb3IgZGVsZXRlIHlvdXIgdm91Y2hlciBjb2RlIHRvIHByb2NlZWQiLCJub3RSZWRlZW1hYmxlSGVyZSI6IlRoaXMgdm91Y2hlciBjb2RlIGlzIG5vdCB2YWxpZCBmb3IgdGhpcyBzdHVkaW8uIiwiZXhwaXJlZCI6IlRoaXMgdm91Y2hlciBjb2RlIGhhcyBleHBpcmVkLiIsIm5vdEFsbG93ZWRGb3JSYXRlIjoiVGhpcyB2b3VjaGVyIGNvZGUgaXMgbm90IHZhbGlkIGZvciB0aGUgc2VsZWN0ZWQgY29udHJhY3QuIiwid2FzUmVtb3ZlZCI6IlJlbW92ZWQgdm91Y2hlciBjb2RlIHN1Y2Nlc3NmdWxseSIsIm5vdENvbXB1dGVkIjoiQXR0ZW50aW9uOiBBcHBsaWVkIHZvdWNoZXIgY29kZXMgYXJlIG5vdCB0YWtlbiBpbnRvIGFjY291bnQgZm9yIHRoZSB0b3RhbCBwcmljZSBjYWxjdWxhdGlvbiBhdCB0aGUgbW9tZW50ISIsInJlZmVycmFsTGFiZWwiOiJSZWZlcnJhbCBjb2RlIiwicmVmZXJyYWxEZXNjcmlwdGlvbiI6IkdvdCBhIHJlZmVycmFsIGNvZGU\/IiwicmVmZXJyYWxJbnZhbGlkIjoiUmVmZXJyYWwgY29kZSBpcyBpbnZhbGlkIn0sImxlZ2FsIjp7InBsZWFzZUNvbnNpZGVyIjoiUGxlYXNlIGNvbnNpZGVyIiwib3VyIjoib3VyIiwiYWdiIjoiZ2VuZXJhbCB0ZXJtcyBhbmQgY29uZGl0aW9ucyIsInJpZ2h0T2ZXaXRoZHJhd2FsIjoicmlnaHQgb2Ygd2l0aGRyYXdhbCIsImRhdGFQcm90ZWN0aW9uIjoiZGF0YSBwcm90ZWN0aW9uIHBvbGljaWVzIiwid2l0aGRyYXdhbFBvbGljeSI6IldpdGhkcmF3YWwgcG9saWN5IiwiZGF0YVBvbGljeSI6IkRhdGEgY29sbGVjdGlvbiBub3RpY2UiLCJsZWdhbE5vdGljZSI6IlBsZWFzZSBub3RlIG91ciIsImFjY2VwdFRlcm1zIjoiUGxlYXNlIGNvbmZpcm0gYWxsIHJlcXVpcmVkIGNvbmRpdGlvbnMuIiwiZG9jdW1lbnQiOiJEb2N1bWVudC5wZGYifSwidGhhbmtZb3UiOnsiaGVsbG8iOiJIaSIsInlvdXJDdXN0b21lcklkIjoiWW91ciBjdXN0b21lciBJRCIsInZpc2l0U3R1ZGlvIjoiVmlzaXRleiBsZSBzdHVkaW8iLCJjb250YWN0U3R1ZGlvIjoiQ29udGFjdCB5b3VyIHN0dWRpbyBkaXJlY3RseSBmb3IgZnVydGhlciBpbmZvcyIsImlucXVpcnlDb25maXJtYXRpb24iOiJUaGFuayB5b3UgZm9yIHlvdXIgaW5xdWlyeS4gV2Ugd2lsbCBnZXQgYmFjayB0byB5b3Ugc2hvcnRseS4iLCJ0aGFua3NGb3JSZXF1ZXN0IjoiVGhhbmsgeW91LCB5b3VyIGlucXVpcnkgd2FzIHN1Ym1pdHRlZCBzdWNjZXNzZnVsbHkhIiwicmVnaXN0cmF0aW9uU3VjY2Vzc2Z1bCI6IllvdXIgcmVnaXN0cmF0aW9uIHdhcyBzdWNjZXNzZnVsISIsInJlY2VpdmVJbmZvVmlhTWFpbCI6IllvdSB3aWxsIHJlY2VpdmUgYWxsIGZ1cnRoZXIgaW5mb3MgdmlhIGUtbWFpbC4ifSwiaG93Rm91bmRVcyI6eyJoZWFkaW5nIjoiSG93IGRpZCB5b3UgaGVhciBhYm91dCB1cz8iLCJmcmllbmRzIjoiRnJpZW5kcyIsImluc3RhZ3JhbSI6Ikluc3RhZ3JhbSIsImZhY2Vib29rIjoiRmFjZWJvb2siLCJnb29nbGUiOiJHb29nbGUiLCJtZWRpYSI6Ik91dGRvb3IgYWR2ZXJ0aXNpbmciLCJvdGhlciI6Ik90aGVyIn0sInZhbGlkYXRpb24iOnsiZmlsbEFsbEZpZWxkcyI6IlBsZWFzZSBmaWxsIG91dCBhbGwgcmVxdWlyZWQgZmllbGRzLiIsImZpbGxWYWxpZFBob25lIjoiVmV1aWxsZXogc2Fpc2lyIHVuIG51bVx1MDBlOXJvIGRlIHRcdTAwZTlsXHUwMGU5cGhvbmUgdmFsaWRlLiIsImludmFsaWRFbWFpbEZvcm1hdCI6IlBsZWFzZSBlbnRlciBhIHZhbGlkIGUtbWFpbCBhZGRyZXNzLiIsImZvcm1JbnB1dEVycm9yIjoiQW4gZXJyb3Igb2NjdXJyZWQuIFBsZWFzZSBjaGVjayB5b3VyIGRhdGEuIiwiZm9ybUliYW5FcnJvciI6IllvdXIgSUJBTiBzZWVtcyB0byBjb250YWluIGVycm9ycy4iLCJmb3JtRGF0ZU9mQmlydGhFcnJvciI6IllvdXIgZGF0ZSBvZiBiaXJ0aCBzZWVtcyB0byBjb250YWluIGVycm9ycy4iLCJkYXRlT2ZCaXJ0aEVycm9yIjoiRHUgbXVzc3QgbWluZGVzdGVucyAxOCBKYWhyZSBhbHQgc2VpbiwgdW0gZWluZW4gVmVydHJhZyBhYnp1c2NobGllXHUwMGRmZW4uIiwiZGF0ZU9mQmlydGhFcnJvckFsdE1pbmltdW1BZ2UiOiJZb3UgYXJlIG5vdCBvbGQgZW5vdWdoIHRvIHNpZ24gYSBjb250cmFjdC4iLCJtaW5pbXVtQWdlIjoiTWluaW11bSBhZ2UiLCJkYXRlT2ZCaXJ0aEluZm8iOiJZb3UgbXVzdCBiZSBhdCBsZWFzdCAxOCB5ZWFycyBvbGQgdG8gc2lnbiBhIGNvbnRyYWN0LiIsInNlbGVjdE1vZHVsZXNSZXF1aXJlZCI6IlBsZWFzZSBzZWxlY3QgJW1heCUgaW5jbHVkZWQgbW9kdWxlcy4iLCJhcHBvaW50bWVudENvbmZsaWN0RXJyb3IiOiJUaGUgc2VsZWN0ZWQgdGltZSBzbG90IGNvbmZsaWN0cyB3aXRoIGFuIGV4aXN0aW5nIGFwcG9pbnRtZW50LiIsInBheW1lbnREYXRhSW52YWxpZCI6IlRoZSBlbnRlcmVkIHBheW1lbnQgZGF0YSBpcyBpbnZhbGlkLiJ9LCJ0aW1lVW5pdHMiOnsiZGF5IjoiSm91ciIsImRheXMiOiJKb3VycyIsIndlZWsiOiJTZW1haW5lcyIsIndlZWtzIjoiU2VtYWluZXMiLCJtb250aCI6Ik1vaXMiLCJtb250aHMiOiJNb2lzIiwieWVhciI6IkFublx1MDBlOWUiLCJ5ZWFycyI6IkFublx1MDBlOWVzIiwibm9uUmVjdXJyaW5nIjoibm9uLXJlY3VycmluZyJ9LCJhY2YiOnsiZm9ybUludHJvIjp7ImJlY29tZU1lbWJlciI6IiIsInRyeW91dCI6IiIsInRyaWFsU2Vzc2lvbiI6IiJ9LCJmb3JtTWFya2V0aW5nQ29uc2VudCI6eyJiZWNvbWVNZW1iZXIiOiJJY2ggd2lsbGlnZSBlaW4sIGRhc3MgbWVpbmUgRGF0ZW4gZlx1MDBmY3IgTWFya2V0aW5nLVp3ZWNrZSB2ZXJhcmJlaXRldCB3ZXJkZW4uIiwidHJ5b3V0IjoiSWNoIHdpbGxpZ2UgZWluLCBkYXNzIG1laW5lIERhdGVuIGZcdTAwZmNyIE1hcmtldGluZy1ad2Vja2UgdmVyYXJiZWl0ZXQgd2VyZGVuLiIsInRyaWFsU2Vzc2lvbiI6IkljaCB3aWxsaWdlIGVpbiwgZGFzcyBtZWluZSBEYXRlbiBmXHUwMGZjciBNYXJrZXRpbmctWndlY2tlIHZlcmFyYmVpdGV0IHdlcmRlbi4ifSwiY291bnRyaWVzIjp7InRpdGxlIjoiTGFuZCIsIkRFIjoiRGV1dHNjaGxhbmQiLCJBVCI6Ilx1MDBkNnN0ZXJyZWljaCIsIkNIIjoiU2Nod2VpeiIsIk5MIjoiTmllZGVybGFuZGUiLCJJVCI6Ikl0YWxpZW4iLCJDWiI6IlRzY2hlY2hpZW4iLCJTSSI6IlNsb3dlbmllbiIsIlJPIjoiUnVtXHUwMGU0bmllbiIsIkJFIjoiQmVsZ2llbiIsIkJHIjoiQnVsZ2FyaWVuIiwiREsiOiJEXHUwMGU0bmVtYXJrIiwiRUUiOiJFc3RsYW5kIiwiRkkiOiJGaW5ubGFuZCIsIkZSIjoiRnJhbmtyZWljaCIsIkdSIjoiR3JpZWNoZW5sYW5kIiwiSUUiOiJJcmxhbmQiLCJIUiI6Iktyb2F0aWVuIiwiTFYiOiJMZXR0bGFuZCIsIkxUIjoiTGl0YXVlbiIsIkxVIjoiTHV4ZW1idXJnIiwiTVQiOiJNYWx0YSIsIlBMIjoiUG9sZW4iLCJQVCI6IlBvcnR1Z2FsIiwiU0UiOiJTY2h3ZWRlbiIsIlNLIjoiU2xvd2FrZWkiLCJFUyI6IlNwYW5pZW4iLCJIVSI6IlVuZ2FybiIsIkNZIjoiWnlwZXJuIiwiSVMiOiJJc2xhbmQiLCJMSSI6IkxpZWNodGVuc3RlaW4iLCJOTyI6Ik5vcndlZ2VuIn0sImNhbmNlbGxhdGlvblRleHQiOiJMZSBjb250cmF0IHBldXQgXHUwMGVhdHJlIHJcdTAwZTlzaWxpXHUwMGU5IHBvdXIgbGEgcHJlbWlcdTAwZThyZSBmb2lzIFx1MDBlMCBsYSBmaW4gZGUgbGEgZHVyXHUwMGU5ZSBpbml0aWFsZS4gTGUgZFx1MDBlOWxhaSBkZSBwclx1MDBlOWF2aXMgXHUwMGUwIGxhIGZpbiBkZSBsYSBkdXJcdTAwZTllIGluaXRpYWxlIGV0IHBlbmRhbnQgbGEgcHJvbG9uZ2F0aW9uIGR1IGNvbnRyYXQgZXN0IGRlICVjYW5jZWxsYXRpb25QZXJpb2QlLiIsInBheW1lbnRJbmZvU2VwYSI6IiIsInN1Ym1pdCI6eyJ0cnlvdXQiOiJCdWNoZW4iLCJ0cmlhbFNlc3Npb24iOiJCdWNoZW4iLCJsZWFkRm9ybSI6IkFuZnJhZ2VuIn0sImZvcm1EYXRlc0NvbnRyYWN0U3RhcnQiOnsiYmVjb21lTWVtYmVyIjoiRGVpbmUgTWl0Z2xpZWRzY2hhZnQgYmVpIHVucyBzdGFydGV0IGFtICVzdGFydERhdGUlLiIsInRyeW91dCI6IkRlaW5lIE1pdGdsaWVkc2NoYWZ0IGJlaSB1bnMgc3RhcnRldCBhbSAlc3RhcnREYXRlJS4iLCJ0cmlhbFNlc3Npb24iOiJEZWluZSBNaXRnbGllZHNjaGFmdCBiZWkgdW5zIHN0YXJ0ZXQgYW0gJXN0YXJ0RGF0ZSUuIn0sImZvcm1EYXRlc1ByZVVzZVN0YXJ0Ijp7ImJlY29tZU1lbWJlciI6IkR1IGRhcmZzdCBhYmVyIHNjaG9uIGFiICV1c2VEYXRlJSBiZWkgdW5zIHRyYWluaWVyZW4uIiwidHJ5b3V0IjoiRHUgZGFyZnN0IGFiZXIgc2Nob24gYWIgJXVzZURhdGUlIGJlaSB1bnMgdHJhaW5pZXJlbi4iLCJ0cmlhbFNlc3Npb24iOiJEdSBkYXJmc3QgYWJlciBzY2hvbiBhYiAldXNlRGF0ZSUgYmVpIHVucyB0cmFpbmllcmVuLiJ9LCJwcmVVc2VUZXh0Ijp7ImJlY29tZU1lbWJlciI6IkhpZXJmXHUwMGZjciBiZXJlY2huZW4gd2lyIG51ciBhbnRlaWxpZyBkaWUgdmVyYmxlaWJlbmRlbiBUYWdlIGRlcyBha3R1ZWxsZW4gTW9uYXRzLiIsInRyeW91dCI6IkhpZXJmXHUwMGZjciBiZXJlY2huZW4gd2lyIG51ciBhbnRlaWxpZyBkaWUgdmVyYmxlaWJlbmRlbiBUYWdlIGRlcyBha3R1ZWxsZW4gTW9uYXRzLiIsInRyaWFsU2Vzc2lvbiI6IkhpZXJmXHUwMGZjciBiZXJlY2huZW4gd2lyIG51ciBhbnRlaWxpZyBkaWUgdmVyYmxlaWJlbmRlbiBUYWdlIGRlcyBha3R1ZWxsZW4gTW9uYXRzLiJ9LCJwYXJlbnRhbENvbnNlbnRIZWFkaW5nIjoiRWludmVyc3RcdTAwZTRuZG5pcyBNaW5kZXJqXHUwMGU0aHJpZ2UiLCJwYXJlbnRhbENvbnNlbnRJbmZvIjoiQml0dGUgYmVhY2h0ZTogV2VubiBkdSBqXHUwMGZjbmdlciBhbHMgMTggSmFocmUgYmlzdCwgYmVuXHUwMGY2dGlnZW4gd2lyIGRpZSBzY2hyaWZ0bGljaGUgRXJsYXVibmlzIGRlaW5lciBFbHRlcm4gLSBiaXR0ZSBicmluZ2UgZGllc2UgenVtIFByb2JldHJhaW5pbmcgbWl0LiIsIm1pbmltdW1BZ2VJbmZvIjoiTWluZGVzdGFsdGVyIGZcdTAwZmNyIFByb2JldHJhaW5pbmc6IiwiZG93bmxvYWRQYXJlbnRhbENvbnNlbnRGaWxlIjoiRG93bmxvYWQgRWludmVyc3RcdTAwZTRuZG5pc2Vya2xcdTAwZTRydW5nIiwicGFyZW50YWxDb25zZW50UGRmVXJsIjoiIiwiZW1haWwiOnsiYmVjb21lTWVtYmVyIjoiIiwidHJ5b3V0IjoiIiwidHJpYWxTZXNzaW9uIjoiIiwidGVhc2VyQnVuZGxlcyI6IkRhbmtlIGZcdTAwZmNyIGRlaW5lIEFuZnJhZ2UhIERlaW4gU3R1ZGlvIG1lbGRldCBzaWNoIG1pdCBEZXRhaWxzIHp1IGRlaW5lciBNaXRnbGllZHNjaGFmdCBiZWkgZGlyISIsImxlYWRGb3JtIjoiRGFua2UgZlx1MDBmY3IgZGVpbmUgQW5mcmFnZSEgRGVpbiBTdHVkaW8gbWVsZGV0IHNpY2ggYmVpIGRpciBtaXQgYWxsZW4gSW5mb3MuIn0sImNob29zZUNvbnRyYWN0SGVhZGluZyI6IldhcyBlbnRzcHJpY2h0IGRpciBhbSBtZWlzdGVuPyIsImNob29zZUNvbnRyYWN0QnV0dG9uIjp7ImJlY29tZU1lbWJlciI6IlZlcnRyYWcgd1x1MDBlNGhsZW4iLCJ0cnlvdXQiOiJKZXR6dCB0ZXN0ZW4iLCJ0cmlhbFNlc3Npb24iOiJQcm9iZXRyYWluaW5nIHdcdTAwZTRobGVuIiwidGVhc2VyQnVuZGxlcyI6IlRlYXNlciB3XHUwMGU0aGxlbiJ9LCJtYXJrZXRpbmdNYWlsVGhhbmtZb3VDb250ZW50IjoiIn0sImpvYlNlYXJjaCI6eyJ3aGVyZURvWW91V2FudFRvU2VhcmNoIjoiT1x1MDBmOSBzb3VoYWl0ZXotdm91cyB0cm91dmVyIHZvdHJlIG5vdXZlbCBlbXBsb2kgPyIsImZpbmRKb2IiOiJGaW5kIGpvYiIsImNpdHlPclppcENvZGUiOiJWaWxsZSBvdSBjb2RlIHBvc3RhbCIsInJlc3VsdHNGb3IiOiJSXHUwMGU5c3VsdGF0cyBwb3VyIiwiZW50ZXJTZWFyY2hMb2NhdGlvbiI6IlZldWlsbGV6IHNhaXNpciB1biBsaWV1IGRlIHJlY2hlcmNoZSBvdSBjb2NoZXIgXHUwMGFiIFJlY2hlcmNoZXIgZGFucyB0b3V0IGxlIHBheXMgXHUwMGJiLiIsIm5vSm9ic0ZvdW5kIjoiQXVjdW4gZW1wbG9pIHRyb3V2XHUwMGU5IiwiZGlzdGFuY2VVbml0Ijoia20iLCJjaG9vc2VKb2JUeXBlIjoiQ2hvaXNpc3NleiBsZSB0eXBlIGQnZW1wbG9pIiwiY2hvb3NlQ2F0ZWdvcnlUeXBlIjoiQ2hvaXNpc3NleiBsZSB0eXBlIGRlIGNhdFx1MDBlOWdvcmllIiwic2VhcmNoUmFkaXVzIjoiUmF5b24gZGUgcmVjaGVyY2hlIiwiYXBwbHlOb3dCdXR0b24iOiJQb3N0dWxleiBkXHUwMGU4cyBtYWludGVuYW50IiwiYWxsQ2F0ZWdvcmllcyI6IlRvdXRlcyBsZXMgY2F0XHUwMGU5Z29yaWVzIiwiYWxsSm9icyI6IlRvdXMgbGVzIGVtcGxvaXMiLCJmdWxsVGltZSI6IlRlbXBzIHBsZWluIiwiaGFsZlRpbWUiOiJUZW1wcyBwYXJ0aWVsIiwibWluaUpvYiI6Ik1pbmktZW1wbG9pIiwic2VhcmNoQWxsSm9ic1dpdGhpbkNvdW50cnkiOiJBZmZpY2hlciB0b3V0ZXMgbGVzIG9mZnJlcyBkJ2VtcGxvaSBwb3VyIGxhIFN1aXNzZSJ9LCJzdHVkaW9GaW5kZXIiOnsic2VhcmNoUGxhY2Vob2xkZXIiOiJDaXR5IG9yIHppcC1jb2RlIiwic2VhcmNoQnV0dG9uIjoiU2VhcmNoIiwibm9TdHVkaW9zRm91bmQiOiJObyBzdHVkaW9zIGZvdW5kLiIsImRpc3RhbmNlVW5pdCI6ImttIiwic2VsZWN0U3R1ZGlvIjoiQ2hvb3NlIHN0dWRpbyIsImxvYWRNYXBUZXh0IjoiQ2xpY2sgdG8gbG9hZCBtYXAiLCJjYWxsU3R1ZGlvIjoiQ2FsbCIsImVtYWlsU3R1ZGlvIjoiRW1haWwifX0sInNjb3BlIjoiYmVjb21lTWVtYmVyIiwibGFuZ3VhZ2VEb21haW4iOiJiZWNvbWVNZW1iZXIiLCJzdHVkaW9JZCI6bnVsbCwiYnVuZGxlRmlsdGVyIjp7Im1vZGUiOiJkZWZhdWx0In0sImZpbmRTdHVkaW9EaXNwbGF5TW9kZSI6Imxpc3QiLCJzZWFyY2hJbnB1dEF1dG9Gb2N1cyI6ZmFsc2UsImZpbmRTdHVkaW9PcHRpb25zIjp7ImJlY29tZU1lbWJlckJ0blRleHQiOiIifSwibWFwT3B0aW9ucyI6W119' class=\"clever_app_become_member clever-app-26 light\"><div class='loader'><\/div><\/div>\t\t\t\t<\/div>\n\t\t\t\t<\/div>\n\t\t\t\t<div class=\"elementor-element elementor-element-55e774e elementor-widget elementor-widget-spacer\" data-id=\"55e774e\" data-element_type=\"widget\" data-e-type=\"widget\" data-widget_type=\"spacer.default\">\n\t\t\t\t<div class=\"elementor-widget-container\">\n\t\t\t\t\t\t\t<div class=\"elementor-spacer\">\n\t\t\t<div class=\"elementor-spacer-inner\"><\/div>\n\t\t<\/div>\n\t\t\t\t\t\t<\/div>\n\t\t\t\t<\/div>\n\t\t\t\t\t<\/div>\n\t\t\t\t<\/div>\n\t\t\t\t<\/div>\n\t\t","protected":false},"excerpt":{"rendered":"<p>Adh\u00e9rer<\/p>\n","protected":false},"author":2,"featured_media":0,"parent":0,"menu_order":0,"comment_status":"closed","ping_status":"closed","template":"","meta":{"_acf_changed":false,"_seopress_robots_primary_cat":"","_seopress_titles_title":"Mitglied werden bei clever fit Schweiz \u2013 das geilste Gym??","_seopress_titles_desc":"Starte dein Training im geilsten Gym der Schweiz! Modernste Fitnessger\u00e4te, saubere Umkleiden, pers\u00f6nliche Trainingspl\u00e4ne und mehr \u2013 werde jetzt Mitglied!","_seopress_robots_index":"","footnotes":""},"class_list":["post-319755","page","type-page","status-publish","hentry"],"acf":[],"_links":{"self":[{"href":"https:\/\/clever-fit.love-it.at\/fr-CH\/wp-json\/wp\/v2\/pages\/319755","targetHints":{"allow":["GET"]}}],"collection":[{"href":"https:\/\/clever-fit.love-it.at\/fr-CH\/wp-json\/wp\/v2\/pages"}],"about":[{"href":"https:\/\/clever-fit.love-it.at\/fr-CH\/wp-json\/wp\/v2\/types\/page"}],"author":[{"embeddable":true,"href":"https:\/\/clever-fit.love-it.at\/fr-CH\/wp-json\/wp\/v2\/users\/2"}],"replies":[{"embeddable":true,"href":"https:\/\/clever-fit.love-it.at\/fr-CH\/wp-json\/wp\/v2\/comments?post=319755"}],"version-history":[{"count":8,"href":"https:\/\/clever-fit.love-it.at\/fr-CH\/wp-json\/wp\/v2\/pages\/319755\/revisions"}],"predecessor-version":[{"id":344406,"href":"https:\/\/clever-fit.love-it.at\/fr-CH\/wp-json\/wp\/v2\/pages\/319755\/revisions\/344406"}],"wp:attachment":[{"href":"https:\/\/clever-fit.love-it.at\/fr-CH\/wp-json\/wp\/v2\/media?parent=319755"}],"curies":[{"name":"wp","href":"https:\/\/api.w.org\/{rel}","templated":true}]}}