{"id":67430,"date":"2022-11-30T11:16:00","date_gmt":"2022-11-30T10:16:00","guid":{"rendered":"https:\/\/clever-fit.love-it.at\/?page_id=67430"},"modified":"2022-12-02T10:43:25","modified_gmt":"2022-12-02T09:43:25","slug":"teilnahmebedingungen","status":"publish","type":"page","link":"https:\/\/clever-fit.love-it.at\/de\/teilnahmebedingungen\/","title":{"rendered":"Teilnahmebedingungen"},"content":{"rendered":"\t\t<div data-elementor-type=\"wp-page\" data-elementor-id=\"67430\" class=\"elementor elementor-67430\" data-elementor-post-type=\"page\">\n\t\t\t\t<div data-particle_enable=\"false\" data-particle-mobile-disabled=\"false\" class=\"elementor-element elementor-element-5e7aa69 e-flex e-con-boxed e-con e-parent\" data-id=\"5e7aa69\" data-element_type=\"container\" data-e-type=\"container\">\n\t\t\t\t\t<div class=\"e-con-inner\">\n\t\t<div data-particle_enable=\"false\" data-particle-mobile-disabled=\"false\" class=\"elementor-element elementor-element-140de99 elementor-hidden-widescreen elementor-hidden-desktop elementor-hidden-laptop elementor-hidden-tablet elementor-hidden-mobile e-flex e-con-boxed e-con e-parent\" data-id=\"140de99\" data-element_type=\"container\" data-e-type=\"container\">\n\t\t\t\t\t<div class=\"e-con-inner\">\n\t\t\t\t<div class=\"elementor-element elementor-element-98feb45 elementor-widget elementor-widget-cle-heading\" data-id=\"98feb45\" data-element_type=\"widget\" data-e-type=\"widget\" data-widget_type=\"cle-heading.default\">\n\t\t\t\t<div class=\"elementor-widget-container\">\n\t\t\t\t\t        <div class=\"cle-heading white-on-black small skew\"                >\n                        <h2> Gewinnspiel-Richtlinien<\/h2>         <\/div>\n        \t\t\t\t<\/div>\n\t\t\t\t<\/div>\n\t\t\t\t\t<\/div>\n\t\t\t\t<\/div>\n\t\t<div data-particle_enable=\"false\" data-particle-mobile-disabled=\"false\" class=\"elementor-element elementor-element-3d3d57e e-flex e-con-boxed e-con e-parent\" data-id=\"3d3d57e\" data-element_type=\"container\" data-e-type=\"container\">\n\t\t\t\t\t<div class=\"e-con-inner\">\n\t\t\t\t<div class=\"elementor-element elementor-element-d1440c4 elementor-drop-cap-yes elementor-drop-cap-view-default elementor-widget elementor-widget-text-editor\" data-id=\"d1440c4\" data-element_type=\"widget\" data-e-type=\"widget\" data-settings=\"{&quot;drop_cap&quot;:&quot;yes&quot;}\" data-widget_type=\"text-editor.default\">\n\t\t\t\t<div class=\"elementor-widget-container\">\n\t\t\t\t\t\n<p><strong>Das Gewinnspiel wird in keiner Weise von Instagram gesponsert, unterst\u00fctzt oder organisiert. Die Teilnehmer k\u00f6nnen gegen\u00fcber Instagram keine Anspr\u00fcche geltend machen, die im Zusammenhang mit der Teilnahme und Nutzung der Aktion entstehen. Die Teilnehmer erkennen an, dass die Aktion in keiner Weise von Instagram gesponsert, unterst\u00fctzt oder organisiert wird bzw. in keiner Verbindung zu Instagram \/ Facebook steht.<\/strong><\/p>\n<p>Diese Teilnahmebedingungen gelten f\u00fcr die Teilnahme an dem Gewinnspiel, das durch die clever fit GmbH,\u00a0vertreten durch den Gesch\u00e4ftsf\u00fchrer Herrn Alfred Enzensberger, Augsburger Str. 52, 86899 Landsberg am Lech\u00a0(Telefon: +49(0)8191-30526-00; E-Mail: <a href=\"mailto:info@clever-fit.com\">info@clever-fit.com<\/a>; nachfolgend: \u201eclever fit\u201c) veranstaltet wird. clever fit ist gleichzeitig auch Ansprechpartnerin f\u00fcr das Gewinnspiel und hierf\u00fcr allein verantwortlich. Mit der Teilnahme an der Aktion erkl\u00e4ren sich die Teilnehmer mit den nachfolgenden Teilnahmebedingungen einverstanden.<\/p>\n<ol>\n<li><strong> Teilnahme und Abwicklung<\/strong><\/li>\n<\/ol>\n<p>1.1.\u00a0\u00a0\u00a0\u00a0 Aktionszeitraum: 01.12.2022 &#8211; 24.12.2022<\/p>\n<p>1.2.\u00a0\u00a0\u00a0\u00a0 Teilnahmeschluss:\u00a0 im Aktionszeitraum an jedem Tag jeweils um 23:59 Uhr\u00a0<\/p>\n<p>1.3.\u00a0\u00a0\u00a0\u00a0 Teilnahmeberechtigt sind alle Personen, die das 18. Lebensjahr vollendet und Ihren Wohnsitz in Deutschland, \u00d6sterreich \u00a0und der Schweiz haben. Von der Teilnahme ausgeschlossen sind Mitarbeiter und Mitarbeiterinnen von clever fit sowie Mitarbeiter von clever fit Studios, die mit der Erstellung oder Abwicklung dieser Aktion besch\u00e4ftigt sind oder waren.<\/p>\n<p>1.4.\u00a0\u00a0\u00a0\u00a0 Aktionsablauf und Anforderungen an die Teilnahme:<\/p>\n<ul>\n<li>Aktionsplattform: clever fit Instagram Account; zur erforderlichen Gewinnspielteilnahme ist ein aktiver pers\u00f6nlicher Instagram Account notwendig. Zum anderen kann \u00fcber die clever fit Homepage <a href=\"https:\/\/clever-fit.love-it.at\/de\/\">https:\/\/clever-fit.love-it.at\/de\/<\/a> \u00fcber das Eintragen der E-Mail Adresse, Vorname, Name sowie die Adresse am Gewinnspiel teilgenommen werden.<\/li>\n<li>clever fit wird w\u00e4hrend des Aktionszeitraums t\u00e4glich einen Adventskalender Post auf seinem Instagram Account ver\u00f6ffentlichen und hierin eine Aufgabe stellen. Die Teilnahme erfolgt, indem der Teilnehmer mit dem jeweiligen Adventskalender Post auf dem clever fit Account interagiert, sprich liken, Freunde markieren und dem Account folgen.<\/li>\n<li>F\u00fcr Datenverluste, insbesondere im Wege der Daten\u00fcbertragung, und andere technische Defekte \u00fcbernimmt clever fit keine Haftung.<\/li>\n<li>Die Teilnahme ist nicht vom Kauf einer Ware oder Bestellung einer Dienstleistung abh\u00e4ngig.<\/li>\n<li>Jeder Teilnehmer kann nur einmal pro Aktionstag gewinnen.<\/li>\n<\/ul>\n<p>1.5.\u00a0\u00a0\u00a0\u00a0 Gewinnermittlung und Gewinn:<\/p>\n<ul>\n<li>Da an jedem Tag w\u00e4hrend der Aktion ein voneinander unabh\u00e4ngiges Gewinnspiel stattfindet, erfolgt auch die Gewinnermittlung pro Aktionstag.<\/li>\n<li>Aus allen Teilnehmenden pro Aktionstag wird der Gewinner per Zufall ermittelt, wobei zwischen ein und vier Teilnehmenden pro Aktionstag gewinnen. Die Ziehung erfolgt am jeweiligen Folgetag zur Aktion.<\/li>\n<li>Bei Gewinnen in Form einer Reise, gelten die jeweiligen Reise- und Gesch\u00e4ftsbedingungen des Veranstalters.<\/li>\n<li>Abh\u00e4ngig von dem Wohnort des Teilnehmers und der Buchung etwaiger Zusatzleistungen k\u00f6nnen weitere Kosten anfallen, die im Gewinn nicht enthalten sind, z.B. Kosten f\u00fcr die Anreise und Verpflegung.\u00a0<\/li>\n<li>Der Gewinner wird pers\u00f6nlich per privater Nachricht von clever fit benachrichtigt und um eine \u00dcbermittlung seiner Kontaktdaten gebeten, damit der Gewinn dementsprechend an die Person \u00fcbergeben werden kann. Teilen die Gewinner ihre Kontaktdaten nicht innerhalb einer Frist von 7 Tagen mit und best\u00e4tigen ihre Gewinnannahme, verf\u00e4llt der Gewinn. Der ermittelte\u00a0Gewinner ist f\u00fcr die Richtigkeit der angegebenen Kontaktdaten verantwortlich. Falls der Gewinner aufgrund unvollst\u00e4ndiger oder falscher Kontaktdaten (z.B. per E-Mail, Post) nicht erreicht werden kann, geht dies zu seinen Lasten. Bei Nicht-Annahme des Gewinns, wird dieser Gewinn an einen anderen Teilnehmer vergeben, der nach oben dargestelltem Zufallsverfahren ermittelt wird.<\/li>\n<li>Eine Auszahlung des Gewinns anders als bestimmt, z.B. in bar, ist ausgeschlossen.<\/li>\n<li>clever fit \u00fcbernimmt keine Haftung f\u00fcr Rechts- und Sachm\u00e4ngel.<\/li>\n<\/ul>\n<p>1.6.\u00a0\u00a0\u00a0\u00a0\u00a0 Haftungsausschluss<\/p>\n<p>clever fit haftet unbegrenzt f\u00fcr Vorsatz und grobe Fahrl\u00e4ssigkeit. Bei den von clever fit oder seinen gesetzlichen Vertretern oder seinen Erf\u00fcllungsgehilfen im Rahmen dieses Gewinnspiels leicht fahrl\u00e4ssig verursachten Verletzungen von wesentlichen Vertragspflichten beschr\u00e4nkt sich die Haftung gegen\u00fcber dem Teilnehmer auf den vorhersehbaren, vertragstypischen, unmittelbaren Durchschnittsschaden. Im \u00dcbrigen ist die Haftung ausgeschlossen.<\/p>\n<p>Die vorstehenden Haftungsbeschr\u00e4nkungen und Ausschl\u00fcsse gelten nicht f\u00fcr clever fit zurechenbare K\u00f6rper- und Gesundheitssch\u00e4den von Teilnehmern.<\/p>\n<p>1.7. \u00a0\u00a0\u00a0\u00a0 Freistellung:<\/p>\n<p>Falls clever fit wegen unzul\u00e4ssiger Inhalte, Verletzung von Rechten Dritter oder sonstigen Gesetzesverst\u00f6\u00dfen in Anspruch genommen wird, die von den Teilnehmern zu vertreten sind, stellen die jeweiligen Teilnehmer clever fit hiermit von s\u00e4mtlichen Anspr\u00fcchen Dritter frei und unterst\u00fctzten clever fit bei der Abwehr der Anspr\u00fcche.<\/p>\n<p>1.8. \u00a0\u00a0\u00a0\u00a0 Teilnahmeausschluss:<\/p>\n<p>clever fit beh\u00e4lt sich das Recht vor, Teilnehmer, welche die Aktion manipulieren, die Verhaltensregeln missachten, falsche Angaben machen oder gegen die Teilnahmebedingungen versto\u00dfen, jederzeit und ohne Vorank\u00fcndigung von der Teilnahme an der Aktion auszuschlie\u00dfen. Im Falle eines Ausschlusses k\u00f6nnen Gewinne und Vorteile auch noch nachtr\u00e4glich aberkannt und zur\u00fcckgefordert werden.<\/p>\n<ol start=\"2\">\n<li><strong> Nutzungsrechte<\/strong><\/li>\n<\/ol>\n<p>2.1.\u00a0\u00a0\u00a0\u00a0\u00a0 Rechteeinr\u00e4umung<\/p>\n<p>Die Teilnehmer r\u00e4umen clever fit unentgeltlich, \u00f6rtlich und zeitlich unbeschr\u00e4nkt das einfache Recht ein, die von ihnen im Rahmen der Aktion an clever fit \u00fcberlassenen Inhalte zu vervielf\u00e4ltigen, zu verbreiten, \u00f6ffentlich zug\u00e4nglich zu machen, auszustellen, in technisch jeglicher Weise zu bearbeiten sowie diese Rechte auf Dritte, wie zum Beispiel technische Dienstleister weiter zu \u00fcbertragen.<\/p>\n<p>2.2.\u00a0\u00a0\u00a0\u00a0\u00a0 Einverst\u00e4ndnis<\/p>\n<p>Die Gewinner erkl\u00e4ren sich damit einverstanden, dass Fotos von diesen (z. B. bei \u00dcbergabe des Gewinns) sowie deren Namen im Zusammenhang mit der Aktion, der Auslosung, Abwicklung oder Pr\u00e4sentation der Teilnehmerbeitr\u00e4ge von clever fit oder den beauftragten Dritten in Online- wie Offlinemedien \u00f6ffentlich bekannt gegeben und zu Werbezwecken werden.<\/p>\n<ol start=\"3\">\n<li><strong> Datenschutzhinweise<\/strong><\/li>\n<\/ol>\n<p>3.1. \u00a0\u00a0\u00a0\u00a0 Durch die Teilnahme an dem Adventskalender willigst Du in die Verarbeitung Deiner personenbezogenen Daten durch die clever fit GmbH sowie die mit der Aktionsabwicklung betrauten Unternehmen f\u00fcr den nachfolgend dargestellten Zweck ein:<\/p>\n<p>Die clever fit GmbH, vertreten durch den Gesch\u00e4ftsf\u00fchrer Herrn Alfred Enzensberger, Augsburger Str. 52, 86899 Landsberg am Lech (Telefon: +49(0)8191-30526-00; E-Mail: info@clever-fit.com; nachfolgend: \u201eclever fit\u201c) verarbeitet Vor- und Nachnamen sowie die E-Mail Adresse des Teilnehmers ausschlie\u00dflich f\u00fcr die Durchf\u00fchrung des Gewinnspiels. Rechtsgrundlage der Datenverarbeitung ist Art. 6 Abs. 1 S. 1. lit b) DSGVO. Die personenbezogenen Daten werden nicht anderweitig verwendet. Bei den Teilnehmern, die nicht gewonnen haben, werden die Daten nach Ermittlung der Gewinner und \u00dcbergabe der Gewinne gel\u00f6scht.<\/p>\n<p>3.2. \u00a0\u00a0\u00a0\u00a0 Eine Weitergabe der Daten erfolgt nur bei den Gewinnern an die Unternehmen, die mit der Abwicklung des Gewinns betraut sind (\u201eKooperationspartner\u201c):<\/p>\n<p>Die Gewinner haben clever fit zwecks Aush\u00e4ndigung und Abwicklung des Gewinns, ihre Adresse mitzuteilen. clever fit wird Name, Adresse und E-Mail Adresse an die jeweiligen Kooperationspartner \u00fcbermitteln, die die gewonnene Preise versenden.<\/p>\n<p>3.3. \u00a0\u00a0\u00a0\u00a0 Die mit der Teilnahme erkl\u00e4rte Einwilligung in die Verarbeitung dieser Daten kann jederzeit widerrufen werden. F\u00fcr den Widerruf gen\u00fcgt eine formlose E-Mail an info@clever-fit.com. Der Widerruf der Einwilligung ber\u00fchrt die bis zum Zeitpunkt des Widerrufs erfolgte Verarbeitung der Daten nicht. Nach Widerruf wird clever fit GmbH die Verarbeitung der personenbezogenen Daten unverz\u00fcglich einstellen und diese l\u00f6schen. Eine Teilnahme an dem Gewinnspiel ist in diesem Fall nicht mehr m\u00f6glich.<\/p>\n<p>N\u00e4here Informationen zum Datenschutz findest Du <a href=\"https:\/\/clever-fit.love-it.at\/de-de\/datenschutz\/\">hier<\/a>.<\/p>\n<ol start=\"4\">\n<li><strong> Sonstiges <\/strong><\/li>\n<\/ol>\n<p>4.1. \u00a0\u00a0\u00a0\u00a0 Sollten einzelne dieser Bestimmungen ganz oder teilweise unwirksam sein oder werden, so l\u00e4sst dies die Wirksamkeit der \u00fcbrigen Bestimmungen unber\u00fchrt. Dies gilt auch in dem Fall, dass sich diese Bestimmungen als l\u00fcckenhaft herausstellen sollten.<\/p>\n<p>4.2. \u00a0\u00a0\u00a0\u00a0 Ausschlie\u00dfliches anwendbares Recht ist das Recht der Bundesrepublik Deutschland.<\/p>\n\t\t\t\t<\/div>\n\t\t\t\t<\/div>\n\t\t\t\t\t<\/div>\n\t\t\t\t<\/div>\n\t\t\t\t\t<\/div>\n\t\t\t\t<\/div>\n\t\t\t\t<\/div>\n\t\t","protected":false},"excerpt":{"rendered":"<p>Gewinnspiel-Richtlinien Das Gewinnspiel wird in keiner Weise von Instagram gesponsert, unterst\u00fctzt oder organisiert. Die Teilnehmer k\u00f6nnen gegen\u00fcber Instagram keine Anspr\u00fcche geltend machen, die im Zusammenhang mit der Teilnahme und Nutzung [&hellip;]<\/p>\n","protected":false},"author":530,"featured_media":0,"parent":0,"menu_order":0,"comment_status":"closed","ping_status":"closed","template":"elementor_theme","meta":{"_acf_changed":false,"_seopress_robots_primary_cat":"","_seopress_titles_title":"%%sitetitle%% %%sep%% %%post_title%%","_seopress_titles_desc":"","_seopress_robots_index":"","footnotes":""},"class_list":["post-67430","page","type-page","status-publish","hentry"],"acf":[],"_links":{"self":[{"href":"https:\/\/clever-fit.love-it.at\/de\/wp-json\/wp\/v2\/pages\/67430","targetHints":{"allow":["GET"]}}],"collection":[{"href":"https:\/\/clever-fit.love-it.at\/de\/wp-json\/wp\/v2\/pages"}],"about":[{"href":"https:\/\/clever-fit.love-it.at\/de\/wp-json\/wp\/v2\/types\/page"}],"author":[{"embeddable":true,"href":"https:\/\/clever-fit.love-it.at\/de\/wp-json\/wp\/v2\/users\/530"}],"replies":[{"embeddable":true,"href":"https:\/\/clever-fit.love-it.at\/de\/wp-json\/wp\/v2\/comments?post=67430"}],"version-history":[{"count":9,"href":"https:\/\/clever-fit.love-it.at\/de\/wp-json\/wp\/v2\/pages\/67430\/revisions"}],"predecessor-version":[{"id":68568,"href":"https:\/\/clever-fit.love-it.at\/de\/wp-json\/wp\/v2\/pages\/67430\/revisions\/68568"}],"wp:attachment":[{"href":"https:\/\/clever-fit.love-it.at\/de\/wp-json\/wp\/v2\/media?parent=67430"}],"curies":[{"name":"wp","href":"https:\/\/api.w.org\/{rel}","templated":true}]}}