{"id":304465,"date":"2025-07-29T11:35:43","date_gmt":"2025-07-29T09:35:43","guid":{"rendered":"https:\/\/clever-fit.love-it.at\/?page_id=304465"},"modified":"2025-07-29T12:45:08","modified_gmt":"2025-07-29T10:45:08","slug":"cleverfit-mysports-app","status":"publish","type":"page","link":"https:\/\/clever-fit.love-it.at\/de\/cleverfit-mysports-app\/","title":{"rendered":"clever fit \u2013 MySports APP"},"content":{"rendered":"\t\t<div data-elementor-type=\"wp-page\" data-elementor-id=\"304465\" class=\"elementor elementor-304465\" data-elementor-post-type=\"page\">\n\t\t\t\t<div data-particle_enable=\"false\" data-particle-mobile-disabled=\"false\" class=\"elementor-element elementor-element-8e81f06 e-con-full e-flex e-con e-parent\" data-id=\"8e81f06\" data-element_type=\"container\" data-e-type=\"container\" data-settings=\"{&quot;background_background&quot;:&quot;classic&quot;}\">\n\t\t\t\t<div class=\"elementor-element elementor-element-e99d177 elementor-widget elementor-widget-spacer\" data-id=\"e99d177\" data-element_type=\"widget\" data-e-type=\"widget\" data-widget_type=\"spacer.default\">\n\t\t\t\t<div class=\"elementor-widget-container\">\n\t\t\t\t\t\t\t<div class=\"elementor-spacer\">\n\t\t\t<div class=\"elementor-spacer-inner\"><\/div>\n\t\t<\/div>\n\t\t\t\t\t\t<\/div>\n\t\t\t\t<\/div>\n\t\t<div data-particle_enable=\"false\" data-particle-mobile-disabled=\"false\" class=\"elementor-element elementor-element-f0236d4 e-con-full e-flex e-con e-child\" data-id=\"f0236d4\" data-element_type=\"container\" data-e-type=\"container\">\n\t\t\t\t<div class=\"elementor-element elementor-element-f92ffbd elementor-widget elementor-widget-spacer\" data-id=\"f92ffbd\" data-element_type=\"widget\" data-e-type=\"widget\" data-widget_type=\"spacer.default\">\n\t\t\t\t<div class=\"elementor-widget-container\">\n\t\t\t\t\t\t\t<div class=\"elementor-spacer\">\n\t\t\t<div class=\"elementor-spacer-inner\"><\/div>\n\t\t<\/div>\n\t\t\t\t\t\t<\/div>\n\t\t\t\t<\/div>\n\t\t\t\t<div class=\"elementor-element elementor-element-70bf0fc elementor-widget-tablet__width-inherit elementor-widget elementor-widget-cle-title\" data-id=\"70bf0fc\" data-element_type=\"widget\" data-e-type=\"widget\" data-widget_type=\"cle-title.default\">\n\t\t\t\t<div class=\"elementor-widget-container\">\n\t\t\t\t\t        <div class=\"cle-title white-on-red small skew\">\n\n            \n                            <div class=\"cle-title__row-2\">\n                    clever fit                <\/div>\n                \n            \n                            <div class=\"cle-title__subtitle\">\n                    Mysports App download                <\/div>\n                \n            \n        <\/div>\n        \t\t\t\t<\/div>\n\t\t\t\t<\/div>\n\t\t\t\t<div class=\"elementor-element elementor-element-1ec86d6 elementor-widget elementor-widget-spacer\" data-id=\"1ec86d6\" data-element_type=\"widget\" data-e-type=\"widget\" data-widget_type=\"spacer.default\">\n\t\t\t\t<div class=\"elementor-widget-container\">\n\t\t\t\t\t\t\t<div class=\"elementor-spacer\">\n\t\t\t<div class=\"elementor-spacer-inner\"><\/div>\n\t\t<\/div>\n\t\t\t\t\t\t<\/div>\n\t\t\t\t<\/div>\n\t\t\t\t<\/div>\n\t\t<div data-particle_enable=\"false\" data-particle-mobile-disabled=\"false\" class=\"elementor-element elementor-element-581fdf4 e-con-full elementor-hidden-widescreen elementor-hidden-desktop elementor-hidden-laptop elementor-hidden-tablet elementor-hidden-mobile e-flex e-con e-child\" data-id=\"581fdf4\" data-element_type=\"container\" data-e-type=\"container\" data-settings=\"{&quot;position&quot;:&quot;absolute&quot;}\">\n\t\t\t\t<div class=\"elementor-element elementor-element-46c8a4e elementor-widget elementor-widget-image\" data-id=\"46c8a4e\" data-element_type=\"widget\" data-e-type=\"widget\" data-widget_type=\"image.default\">\n\t\t\t\t<div class=\"elementor-widget-container\">\n\t\t\t\t\t\t\t\t\t\t\t\t\t\t\t<img decoding=\"async\" src=\"https:\/\/clever-fit.love-it.at\/app\/uploads\/2022\/08\/cle-icon_scroll-down.svg\" title=\"\" alt=\"Scroll Down\" loading=\"lazy\" \/>\t\t\t\t\t\t\t\t\t\t\t\t\t\t\t<\/div>\n\t\t\t\t<\/div>\n\t\t\t\t<\/div>\n\t\t<div data-particle_enable=\"false\" data-particle-mobile-disabled=\"false\" class=\"elementor-element elementor-element-86465f5 e-con-full e-flex e-con e-child\" data-id=\"86465f5\" data-element_type=\"container\" data-e-type=\"container\">\n\t\t<div data-particle_enable=\"false\" data-particle-mobile-disabled=\"false\" class=\"elementor-element elementor-element-0000e7d e-flex e-con-boxed e-con e-child\" data-id=\"0000e7d\" data-element_type=\"container\" data-e-type=\"container\" data-settings=\"{&quot;background_background&quot;:&quot;classic&quot;}\">\n\t\t\t\t\t<div class=\"e-con-inner\">\n\t\t\t\t\t<\/div>\n\t\t\t\t<\/div>\n\t\t\t\t<\/div>\n\t\t\t\t<\/div>\n\t\t<div data-particle_enable=\"false\" data-particle-mobile-disabled=\"false\" class=\"elementor-element elementor-element-50f2d14 e-con-full e-flex e-con e-parent\" data-id=\"50f2d14\" data-element_type=\"container\" data-e-type=\"container\" data-settings=\"{&quot;background_background&quot;:&quot;classic&quot;}\">\n\t\t<div data-particle_enable=\"false\" data-particle-mobile-disabled=\"false\" class=\"elementor-element elementor-element-4099d56 e-flex e-con-boxed e-con e-child\" data-id=\"4099d56\" data-element_type=\"container\" data-e-type=\"container\">\n\t\t\t\t\t<div class=\"e-con-inner\">\n\t\t\t\t<div class=\"elementor-element elementor-element-698aa9f elementor-widget elementor-widget-heading\" data-id=\"698aa9f\" data-element_type=\"widget\" data-e-type=\"widget\" data-widget_type=\"heading.default\">\n\t\t\t\t<div class=\"elementor-widget-container\">\n\t\t\t\t\t<h1 class=\"elementor-heading-title elementor-size-default\">clever fit MySports App<\/h1>\t\t\t\t<\/div>\n\t\t\t\t<\/div>\n\t\t\t\t<div class=\"elementor-element elementor-element-dcd0d69 elementor-widget elementor-widget-heading\" data-id=\"dcd0d69\" data-element_type=\"widget\" data-e-type=\"widget\" data-widget_type=\"heading.default\">\n\t\t\t\t<div class=\"elementor-widget-container\">\n\t\t\t\t\t<h2 class=\"elementor-heading-title elementor-size-default\">Jetzt herunterladen!<\/h2>\t\t\t\t<\/div>\n\t\t\t\t<\/div>\n\t\t\t\t<div class=\"elementor-element elementor-element-703188b elementor-widget elementor-widget-spacer\" data-id=\"703188b\" data-element_type=\"widget\" data-e-type=\"widget\" data-widget_type=\"spacer.default\">\n\t\t\t\t<div class=\"elementor-widget-container\">\n\t\t\t\t\t\t\t<div class=\"elementor-spacer\">\n\t\t\t<div class=\"elementor-spacer-inner\"><\/div>\n\t\t<\/div>\n\t\t\t\t\t\t<\/div>\n\t\t\t\t<\/div>\n\t\t<div data-particle_enable=\"false\" data-particle-mobile-disabled=\"false\" class=\"elementor-element elementor-element-9a5ff78 e-con-full e-flex e-con e-child\" data-id=\"9a5ff78\" data-element_type=\"container\" data-e-type=\"container\">\n\t\t\t\t<div class=\"elementor-element elementor-element-7e2c1ce elementor-widget elementor-widget-image\" data-id=\"7e2c1ce\" data-element_type=\"widget\" data-e-type=\"widget\" data-widget_type=\"image.default\">\n\t\t\t\t<div class=\"elementor-widget-container\">\n\t\t\t\t\t\t\t\t\t\t\t\t\t\t\t\t<a href=\"https:\/\/apps.apple.com\/at\/app\/cf\/id1536948498\" target=\"_blank\">\n\t\t\t\t\t\t\t<img loading=\"lazy\" decoding=\"async\" width=\"200\" height=\"60\" src=\"https:\/\/clever-fit.love-it.at\/app\/uploads\/2024\/08\/apple-de.png\" class=\"attachment-full size-full wp-image-245874\" alt=\"Lade jetzt die clever fit App f\u00fcr iOS im Apple App Store.\" \/>\t\t\t\t\t\t\t\t<\/a>\n\t\t\t\t\t\t\t\t\t\t\t\t\t\t\t<\/div>\n\t\t\t\t<\/div>\n\t\t\t\t<div class=\"elementor-element elementor-element-e161340 elementor-widget elementor-widget-image\" data-id=\"e161340\" data-element_type=\"widget\" data-e-type=\"widget\" data-widget_type=\"image.default\">\n\t\t\t\t<div class=\"elementor-widget-container\">\n\t\t\t\t\t\t\t\t\t\t\t\t\t\t\t\t<a href=\"https:\/\/play.google.com\/store\/apps\/details?id=com.mysports.branded.cleverfit&#038;hl=de&#038;pli=1\" target=\"_blank\">\n\t\t\t\t\t\t\t<img loading=\"lazy\" decoding=\"async\" width=\"200\" height=\"60\" src=\"https:\/\/clever-fit.love-it.at\/app\/uploads\/2024\/08\/google-de.png\" class=\"attachment-full size-full wp-image-245883\" alt=\"Lade jetzt die clever fit App f\u00fcr Android Smartphones im Google Play Store.\" \/>\t\t\t\t\t\t\t\t<\/a>\n\t\t\t\t\t\t\t\t\t\t\t\t\t\t\t<\/div>\n\t\t\t\t<\/div>\n\t\t\t\t<\/div>\n\t\t\t\t<div class=\"elementor-element elementor-element-6899e0f elementor-widget elementor-widget-spacer\" data-id=\"6899e0f\" data-element_type=\"widget\" data-e-type=\"widget\" data-widget_type=\"spacer.default\">\n\t\t\t\t<div class=\"elementor-widget-container\">\n\t\t\t\t\t\t\t<div class=\"elementor-spacer\">\n\t\t\t<div class=\"elementor-spacer-inner\"><\/div>\n\t\t<\/div>\n\t\t\t\t\t\t<\/div>\n\t\t\t\t<\/div>\n\t\t\t\t<div class=\"elementor-element elementor-element-6f55b6c elementor-widget elementor-widget-text-editor\" data-id=\"6f55b6c\" data-element_type=\"widget\" data-e-type=\"widget\" data-widget_type=\"text-editor.default\">\n\t\t\t\t<div class=\"elementor-widget-container\">\n\t\t\t\t\t\n<p>Die App f\u00fcr dein clever fit Studio.<\/p>\n<p>Dein Trainingsplan. Deine Kurse. Deine Termine &amp; mehr.<\/p>\n\t\t\t\t<\/div>\n\t\t\t\t<\/div>\n\t\t\t\t<div class=\"elementor-element elementor-element-9c81c0e elementor-widget elementor-widget-spacer\" data-id=\"9c81c0e\" data-element_type=\"widget\" data-e-type=\"widget\" data-widget_type=\"spacer.default\">\n\t\t\t\t<div class=\"elementor-widget-container\">\n\t\t\t\t\t\t\t<div class=\"elementor-spacer\">\n\t\t\t<div class=\"elementor-spacer-inner\"><\/div>\n\t\t<\/div>\n\t\t\t\t\t\t<\/div>\n\t\t\t\t<\/div>\n\t\t\t\t\t<\/div>\n\t\t\t\t<\/div>\n\t\t\t\t<\/div>\n\t\t<div data-particle_enable=\"false\" data-particle-mobile-disabled=\"false\" class=\"elementor-element elementor-element-478bc3d e-con-full elementor-hidden-widescreen elementor-hidden-desktop elementor-hidden-laptop elementor-hidden-tablet elementor-hidden-mobile e-flex e-con e-parent\" data-id=\"478bc3d\" data-element_type=\"container\" data-e-type=\"container\" data-settings=\"{&quot;background_background&quot;:&quot;classic&quot;}\">\n\t\t\t\t<div class=\"elementor-element elementor-element-8d9a08f elementor-widget elementor-widget-spacer\" data-id=\"8d9a08f\" data-element_type=\"widget\" data-e-type=\"widget\" data-widget_type=\"spacer.default\">\n\t\t\t\t<div class=\"elementor-widget-container\">\n\t\t\t\t\t\t\t<div class=\"elementor-spacer\">\n\t\t\t<div class=\"elementor-spacer-inner\"><\/div>\n\t\t<\/div>\n\t\t\t\t\t\t<\/div>\n\t\t\t\t<\/div>\n\t\t<div data-particle_enable=\"false\" data-particle-mobile-disabled=\"false\" class=\"elementor-element elementor-element-720315a e-flex e-con-boxed e-con e-child\" data-id=\"720315a\" data-element_type=\"container\" data-e-type=\"container\">\n\t\t\t\t\t<div class=\"e-con-inner\">\n\t\t\t\t<div class=\"elementor-element elementor-element-6590fae elementor-widget elementor-widget-cle-heading\" data-id=\"6590fae\" data-element_type=\"widget\" data-e-type=\"widget\" data-widget_type=\"cle-heading.default\">\n\t\t\t\t<div class=\"elementor-widget-container\">\n\t\t\t\t\t        <div class=\"cle-heading white-on-red large skew\"                >\n                        <h2> FAQ<\/h2>         <\/div>\n        \t\t\t\t<\/div>\n\t\t\t\t<\/div>\n\t\t\t\t\t<\/div>\n\t\t\t\t<\/div>\n\t\t\t\t<div class=\"elementor-element elementor-element-09994a4 elementor-widget elementor-widget-spacer\" data-id=\"09994a4\" data-element_type=\"widget\" data-e-type=\"widget\" data-widget_type=\"spacer.default\">\n\t\t\t\t<div class=\"elementor-widget-container\">\n\t\t\t\t\t\t\t<div class=\"elementor-spacer\">\n\t\t\t<div class=\"elementor-spacer-inner\"><\/div>\n\t\t<\/div>\n\t\t\t\t\t\t<\/div>\n\t\t\t\t<\/div>\n\t\t<div data-particle_enable=\"false\" data-particle-mobile-disabled=\"false\" class=\"elementor-element elementor-element-178eb35 e-flex e-con-boxed e-con e-child\" data-id=\"178eb35\" data-element_type=\"container\" data-e-type=\"container\">\n\t\t\t\t\t<div class=\"e-con-inner\">\n\t\t<div data-particle_enable=\"false\" data-particle-mobile-disabled=\"false\" class=\"elementor-element elementor-element-c3e8694 e-flex e-con-boxed e-con e-child\" data-id=\"c3e8694\" data-element_type=\"container\" data-e-type=\"container\">\n\t\t\t\t\t<div class=\"e-con-inner\">\n\t\t\t\t<div class=\"elementor-element elementor-element-8963b77 elementor-widget__width-inherit elementor-widget elementor-widget-eael-adv-accordion\" data-id=\"8963b77\" data-element_type=\"widget\" data-e-type=\"widget\" data-widget_type=\"eael-adv-accordion.default\">\n\t\t\t\t<div class=\"elementor-widget-container\">\n\t\t\t\t\t            <div class=\"eael-adv-accordion\" id=\"eael-adv-accordion-8963b77\" data-scroll-on-click=\"no\" data-scroll-speed=\"300\" data-accordion-id=\"8963b77\" data-accordion-type=\"accordion\" data-toogle-speed=\"200\">\n            <div class=\"eael-accordion-list\">\n\t\t\t\t\t<div id=\"wo-finde-ich-die-clever-fit-app\" class=\"elementor-tab-title eael-accordion-header\" tabindex=\"0\" data-tab=\"1\" aria-controls=\"elementor-tab-content-1441\"><span class=\"eael-advanced-accordion-icon-closed\"><i aria-hidden=\"true\" class=\"fa-accordion-icon fas fa-plus\"><\/i><\/span><span class=\"eael-advanced-accordion-icon-opened\"><i aria-hidden=\"true\" class=\"fa-accordion-icon fas fa-minus\"><\/i><\/span><h3 class=\"eael-accordion-tab-title\">Wo finde ich die clever fit App?<\/h3><\/div><div id=\"elementor-tab-content-1441\" class=\"eael-accordion-content clearfix\" data-tab=\"1\" aria-labelledby=\"wo-finde-ich-die-clever-fit-app\"><p>Die clever fit App kann sowohl f\u00fcr iOS als auch f\u00fcr Android heruntergeladen werden.<br \/>F\u00fcr iOS-Ger\u00e4te steht die App im App Store zur Verf\u00fcgung: <span style=\"text-decoration: underline\"><a href=\"https:\/\/apps.apple.com\/ch\/app\/clever-fit\/id1564443221\" target=\"_blank\" rel=\"noopener\">zur App<\/a><\/span>.<br \/>F\u00fcr Android-Ger\u00e4te ist die App im Google Play Store erh\u00e4ltlich: <span style=\"text-decoration: underline\"><a href=\"https:\/\/play.google.com\/store\/apps\/details?id=com.netpulse.mobile.cleverfiteu&amp;pli=1\" target=\"_blank\" rel=\"noopener\">zur App<\/a><\/span>.<\/p>\n<\/div>\n\t\t\t\t\t<\/div><div class=\"eael-accordion-list\">\n\t\t\t\t\t<div id=\"was-kann-die-clever-fit-app\" class=\"elementor-tab-title eael-accordion-header\" tabindex=\"0\" data-tab=\"2\" aria-controls=\"elementor-tab-content-1442\"><span class=\"eael-advanced-accordion-icon-closed\"><i aria-hidden=\"true\" class=\"fa-accordion-icon fas fa-plus\"><\/i><\/span><span class=\"eael-advanced-accordion-icon-opened\"><i aria-hidden=\"true\" class=\"fa-accordion-icon fas fa-minus\"><\/i><\/span><h3 class=\"eael-accordion-tab-title\">Was kann die clever fit App?<\/h3><\/div><div id=\"elementor-tab-content-1442\" class=\"eael-accordion-content clearfix\" data-tab=\"2\" aria-labelledby=\"was-kann-die-clever-fit-app\"><p>Die clever fit App bietet eine Vielzahl von Funktionen, die darauf abzielen, dein Training zu optimieren und deine Fitnessziele zu erreichen.<br \/>\nHier die wichtigsten Funktionen im \u00dcberblick: <\/p>\n<p><strong>Workout-Tracking:<\/strong> Du kannst alle deine Trainingsdaten erfassen, um einen vollst\u00e4ndigen \u00dcberblick \u00fcber deine Fortschritte zu erhalten.<br \/><strong>Trainingspl\u00e4ne:<\/strong> Die App erm\u00f6glicht es dir, jederzeit auf deinen individuellen Trainingsplan zuzugreifen.<br \/><strong>Buchung von Terminen:<\/strong> \u00dcber die App kannst du Termine vereinbaren (Trainingsplanerstellung, Beratungsgespr\u00e4ch) oder dich direkt f\u00fcr einen Group Fitness Kurs anmelden.<br \/><strong>Aktuelle Angebote:<\/strong> In der App wirst du stets \u00fcber aktuelle Angebote und Aktionen informiert.<br \/><strong>Integration mit Gesundheitsdiensten:<\/strong> Die clever fit App l\u00e4sst sich mit Apple HealthKit und weiteren Apps verbinden, was die Speicherung von Workout-Daten und die Verfolgung von Fitnesszielen erleichtert.<\/p>\n<\/div>\n\t\t\t\t\t<\/div><div class=\"eael-accordion-list\">\n\t\t\t\t\t<div id=\"ist-die-clever-fit-app-kompatibel-mit-apple-health\" class=\"elementor-tab-title eael-accordion-header\" tabindex=\"0\" data-tab=\"3\" aria-controls=\"elementor-tab-content-1443\"><span class=\"eael-advanced-accordion-icon-closed\"><i aria-hidden=\"true\" class=\"fa-accordion-icon fas fa-plus\"><\/i><\/span><span class=\"eael-advanced-accordion-icon-opened\"><i aria-hidden=\"true\" class=\"fa-accordion-icon fas fa-minus\"><\/i><\/span><h3 class=\"eael-accordion-tab-title\">Ist die clever fit App kompatibel mit Apple Health?<\/h3><\/div><div id=\"elementor-tab-content-1443\" class=\"eael-accordion-content clearfix\" data-tab=\"3\" aria-labelledby=\"ist-die-clever-fit-app-kompatibel-mit-apple-health\"><p>Ja, die clever fit App ist kompatibel mit Apple Health.<br \/>\nSie integriert sich mit Apple HealthKit, was dir erm\u00f6glicht, deine Workouts zu speichern und deine Fitnessziele zu verfolgen.<br \/>\nDar\u00fcber hinaus kannst du auch Daten von anderen Apps und Wearables synchronisieren, um einen umfassenden \u00dcberblick \u00fcber deine Aktivit\u00e4ten zu erhalten.  <\/p>\n<\/div>\n\t\t\t\t\t<\/div><div class=\"eael-accordion-list\">\n\t\t\t\t\t<div id=\"wie-melde-ich-mich-in-der-clever-fit-app-an\" class=\"elementor-tab-title eael-accordion-header\" tabindex=\"0\" data-tab=\"4\" aria-controls=\"elementor-tab-content-1444\"><span class=\"eael-advanced-accordion-icon-closed\"><i aria-hidden=\"true\" class=\"fa-accordion-icon fas fa-plus\"><\/i><\/span><span class=\"eael-advanced-accordion-icon-opened\"><i aria-hidden=\"true\" class=\"fa-accordion-icon fas fa-minus\"><\/i><\/span><h3 class=\"eael-accordion-tab-title\">Wie melde ich mich in der clever fit App an?<\/h3><\/div><div id=\"elementor-tab-content-1444\" class=\"eael-accordion-content clearfix\" data-tab=\"4\" aria-labelledby=\"wie-melde-ich-mich-in-der-clever-fit-app-an\"><p>1. Lade die clever fit App aus dem <span style=\"text-decoration: underline\"><a href=\"https:\/\/apps.apple.com\/ch\/app\/clever-fit\/id1564443221\" target=\"_blank\" rel=\"noopener\">App Store<\/a><\/span> oder <a href=\"https:\/\/play.google.com\/store\/apps\/details?id=com.netpulse.mobile.cleverfiteu&amp;pli=1\" target=\"_blank\" rel=\"noopener\"><span style=\"text-decoration: underline\">Google Play Store<\/span><\/a> herunter.<\/p>\n<p>2. Starte die App auf deinem Ger\u00e4t, w\u00e4hle die Option zur Anmeldung und gib deine Studio-Login-Daten ein.<br \/>\nDiese sind normalerweise die gleichen Zugangsdaten, die du f\u00fcr dein Mitgliedskonto im Fitnessstudio verwendest. <\/p>\n<p>3. Nach erfolgreicher Anmeldung kannst du auf verschiedene Funktionen zugreifen, wie z.B. deinen Trainingsplan oder Buchungen von Trainingseinheiten.<\/p>\n<p>Falls du Probleme bei der Anmeldung hast, kannst du dich an das Studio vor Ort wenden oder den Support unter <span style=\"text-decoration: underline\"><a href=\"mailto:digitalsupport@egym.com\">digitalsupport@egym.com<\/a><\/span> kontaktieren.<\/p>\n<\/div>\n\t\t\t\t\t<\/div><div class=\"eael-accordion-list\">\n\t\t\t\t\t<div id=\"wie-lsche-ich-mein-clever-fit-app-konto\" class=\"elementor-tab-title eael-accordion-header\" tabindex=\"0\" data-tab=\"5\" aria-controls=\"elementor-tab-content-1445\"><span class=\"eael-advanced-accordion-icon-closed\"><i aria-hidden=\"true\" class=\"fa-accordion-icon fas fa-plus\"><\/i><\/span><span class=\"eael-advanced-accordion-icon-opened\"><i aria-hidden=\"true\" class=\"fa-accordion-icon fas fa-minus\"><\/i><\/span><h3 class=\"eael-accordion-tab-title\">Wie l\u00f6sche ich mein clever fit App-Konto?<\/h3><\/div><div id=\"elementor-tab-content-1445\" class=\"eael-accordion-content clearfix\" data-tab=\"5\" aria-labelledby=\"wie-lsche-ich-mein-clever-fit-app-konto\"><p>Du kannst dein clever fit App-Konto folgendermassen l\u00f6schen:<br \/>1. \u00d6ffne die clever fit App auf deinem Smartphone.<br \/>2. Rufe dein Profil auf und gehe auf \u00abEinstellungen\u00bb.<br \/>3. Unter dem Men\u00fcpunkt \u00abPrivat\u00bb kannst du dein Konto jederzeit l\u00f6schen.<\/p>\n<\/div>\n\t\t\t\t\t<\/div><\/div>\t\t\t\t<\/div>\n\t\t\t\t<\/div>\n\t\t\t\t<div class=\"elementor-element elementor-element-25f7a98 elementor-widget elementor-widget-spacer\" data-id=\"25f7a98\" data-element_type=\"widget\" data-e-type=\"widget\" data-widget_type=\"spacer.default\">\n\t\t\t\t<div class=\"elementor-widget-container\">\n\t\t\t\t\t\t\t<div class=\"elementor-spacer\">\n\t\t\t<div class=\"elementor-spacer-inner\"><\/div>\n\t\t<\/div>\n\t\t\t\t\t\t<\/div>\n\t\t\t\t<\/div>\n\t\t\t\t<div class=\"elementor-element elementor-element-856eb54 elementor-widget elementor-widget-spacer\" data-id=\"856eb54\" data-element_type=\"widget\" data-e-type=\"widget\" data-widget_type=\"spacer.default\">\n\t\t\t\t<div class=\"elementor-widget-container\">\n\t\t\t\t\t\t\t<div class=\"elementor-spacer\">\n\t\t\t<div class=\"elementor-spacer-inner\"><\/div>\n\t\t<\/div>\n\t\t\t\t\t\t<\/div>\n\t\t\t\t<\/div>\n\t\t\t\t\t<\/div>\n\t\t\t\t<\/div>\n\t\t\t\t\t<\/div>\n\t\t\t\t<\/div>\n\t\t\t\t<\/div>\n\t\t\t\t<\/div>\n\t\t","protected":false},"excerpt":{"rendered":"<p>clever fit Mysports App download clever fit MySports App Jetzt herunterladen! Die App f\u00fcr dein clever fit Studio. Dein Trainingsplan. Deine Kurse. Deine Termine &amp; mehr. FAQ Wo finde ich [&hellip;]<\/p>\n","protected":false},"author":530,"featured_media":0,"parent":0,"menu_order":0,"comment_status":"closed","ping_status":"closed","template":"","meta":{"_acf_changed":false,"_seopress_robots_primary_cat":"","_seopress_titles_title":"clever fit - MySports App | Hier herunterladen","_seopress_titles_desc":"Dein Studio im \u00dcberblick. Dein Trainingsplan. Deine Termine. Deine Kurse und mehr..\r\nJetzt herunterladen und durchstarten. clever fit App f\u00fcr IOS und Android.","_seopress_robots_index":"","footnotes":""},"class_list":["post-304465","page","type-page","status-publish","hentry"],"acf":[],"_links":{"self":[{"href":"https:\/\/clever-fit.love-it.at\/de\/wp-json\/wp\/v2\/pages\/304465","targetHints":{"allow":["GET"]}}],"collection":[{"href":"https:\/\/clever-fit.love-it.at\/de\/wp-json\/wp\/v2\/pages"}],"about":[{"href":"https:\/\/clever-fit.love-it.at\/de\/wp-json\/wp\/v2\/types\/page"}],"author":[{"embeddable":true,"href":"https:\/\/clever-fit.love-it.at\/de\/wp-json\/wp\/v2\/users\/530"}],"replies":[{"embeddable":true,"href":"https:\/\/clever-fit.love-it.at\/de\/wp-json\/wp\/v2\/comments?post=304465"}],"version-history":[{"count":8,"href":"https:\/\/clever-fit.love-it.at\/de\/wp-json\/wp\/v2\/pages\/304465\/revisions"}],"predecessor-version":[{"id":304561,"href":"https:\/\/clever-fit.love-it.at\/de\/wp-json\/wp\/v2\/pages\/304465\/revisions\/304561"}],"wp:attachment":[{"href":"https:\/\/clever-fit.love-it.at\/de\/wp-json\/wp\/v2\/media?parent=304465"}],"curies":[{"name":"wp","href":"https:\/\/api.w.org\/{rel}","templated":true}]}}