{"id":139662,"date":"2023-06-15T14:26:47","date_gmt":"2023-06-15T12:26:47","guid":{"rendered":"https:\/\/clever-fit.love-it.at\/?page_id=139662"},"modified":"2023-07-24T09:44:16","modified_gmt":"2023-07-24T07:44:16","slug":"recruiting-ausbildung","status":"publish","type":"page","link":"https:\/\/clever-fit.love-it.at\/de\/recruiting-ausbildung\/","title":{"rendered":"Recruiting Ausbildung"},"content":{"rendered":"\t\t<div data-elementor-type=\"wp-page\" data-elementor-id=\"139662\" class=\"elementor elementor-139662\" data-elementor-post-type=\"page\">\n\t\t\t\t<div data-particle_enable=\"false\" data-particle-mobile-disabled=\"false\" class=\"elementor-element elementor-element-4743a16 e-con-full e-flex e-con e-parent\" data-id=\"4743a16\" data-element_type=\"container\" data-e-type=\"container\" data-settings=\"{&quot;background_background&quot;:&quot;classic&quot;}\">\n\t\t<div data-particle_enable=\"false\" data-particle-mobile-disabled=\"false\" class=\"elementor-element elementor-element-c4e006a e-flex e-con-boxed e-con e-parent\" data-id=\"c4e006a\" data-element_type=\"container\" data-e-type=\"container\">\n\t\t\t\t\t<div class=\"e-con-inner\">\n\t\t\t\t\t<\/div>\n\t\t\t\t<\/div>\n\t\t<div data-particle_enable=\"false\" data-particle-mobile-disabled=\"false\" class=\"elementor-element elementor-element-777d8d99 e-con-full e-flex e-con e-parent\" data-id=\"777d8d99\" data-element_type=\"container\" data-e-type=\"container\">\n\t\t\t\t<div class=\"elementor-element elementor-element-25b4ae9b elementor-widget elementor-widget-cle-title\" data-id=\"25b4ae9b\" data-element_type=\"widget\" data-e-type=\"widget\" data-widget_type=\"cle-title.default\">\n\t\t\t\t<div class=\"elementor-widget-container\">\n\t\t\t\t\t        <div class=\"cle-title red-on-white small skew\">\n\n            \n                            <div class=\"cle-title__row-2\">\n                    Deine Karriere                <\/div>\n                \n                            <div class=\"cle-title__row-3\">\n                     bei uns.                 <\/div>\n                \n            \n                            <div class=\"cle-title__text-box\">\n                    Kostenfreie digitale Infoveranstaltung zum dualen Studium und zu den Trainerlizenzen                <\/div>\n                \n        <\/div>\n        \t\t\t\t<\/div>\n\t\t\t\t<\/div>\n\t\t\t\t<\/div>\n\t\t\t\t<div class=\"elementor-element elementor-element-7188df85 elementor-widget elementor-widget-spacer\" data-id=\"7188df85\" data-element_type=\"widget\" data-e-type=\"widget\" data-widget_type=\"spacer.default\">\n\t\t\t\t<div class=\"elementor-widget-container\">\n\t\t\t\t\t\t\t<div class=\"elementor-spacer\">\n\t\t\t<div class=\"elementor-spacer-inner\"><\/div>\n\t\t<\/div>\n\t\t\t\t\t\t<\/div>\n\t\t\t\t<\/div>\n\t\t\t\t<\/div>\n\t\t<div data-particle_enable=\"false\" data-particle-mobile-disabled=\"false\" class=\"elementor-element elementor-element-4204905 elementor-hidden-widescreen elementor-hidden-desktop elementor-hidden-laptop elementor-hidden-tablet elementor-hidden-mobile e-flex e-con-boxed e-con e-parent\" data-id=\"4204905\" data-element_type=\"container\" data-e-type=\"container\">\n\t\t\t\t\t<div class=\"e-con-inner\">\n\t\t\t\t<div class=\"elementor-element elementor-element-28595b3 elementor-widget elementor-widget-cle-breadcrumb\" data-id=\"28595b3\" data-element_type=\"widget\" data-e-type=\"widget\" data-widget_type=\"cle-breadcrumb.default\">\n\t\t\t\t<div class=\"elementor-widget-container\">\n\t\t\t\t\t        <div>\n            <div class=\"cle-breadcrumb__wrapper\"><nav class=\"cle-breadcrumb\"><a href=\"https:\/\/clever-fit.love-it.at\/de\/\"><div class=\"cle-breadcrumb__home\">clever fit<\/div><\/a> <div class=\"cle-breadcrumb__divider\"><\/div> <div class=\"cle-breadcrumb__current-page\">Seiten<\/span><\/nav><\/div><!-- cle-breadcrumb -->        <\/div>\n        \t\t\t\t<\/div>\n\t\t\t\t<\/div>\n\t\t\t\t\t<\/div>\n\t\t\t\t<\/div>\n\t\t<div data-particle_enable=\"false\" data-particle-mobile-disabled=\"false\" class=\"elementor-element elementor-element-9f1a82d e-flex e-con-boxed e-con e-parent\" data-id=\"9f1a82d\" data-element_type=\"container\" data-e-type=\"container\">\n\t\t\t\t\t<div class=\"e-con-inner\">\n\t\t\t\t<div class=\"elementor-element elementor-element-6a56500 elementor-widget elementor-widget-spacer\" data-id=\"6a56500\" data-element_type=\"widget\" data-e-type=\"widget\" data-widget_type=\"spacer.default\">\n\t\t\t\t<div class=\"elementor-widget-container\">\n\t\t\t\t\t\t\t<div class=\"elementor-spacer\">\n\t\t\t<div class=\"elementor-spacer-inner\"><\/div>\n\t\t<\/div>\n\t\t\t\t\t\t<\/div>\n\t\t\t\t<\/div>\n\t\t\t\t<div class=\"elementor-element elementor-element-c8c7f7c elementor-widget elementor-widget-text-editor\" data-id=\"c8c7f7c\" data-element_type=\"widget\" data-e-type=\"widget\" data-widget_type=\"text-editor.default\">\n\t\t\t\t<div class=\"elementor-widget-container\">\n\t\t\t\t\t\n<p>Wusstest du, dass ein Studium auch ohne Abitur und nebenberuflich m\u00f6glich ist? Jetzt anmelden und die Gelegenheit nutzen, dich umfassend \u00fcber das duale Bachelorstudium der DHfPG zu informieren. Au\u00dferdem wird dir die clever fit Academy auch noch andere Wege aufzeigen, wie du deine Karriere zusammen mit clever fit gestalten kannst.<\/p>\n<p>Wir freuen uns auf dich!<\/p>\n<p>Die Teilnahme an der digitalen Infoveranstaltung ist \u00fcber PC\/Laptop, sowie alle mobilen Endger\u00e4te m\u00f6glich und deine Fragen werden per Live-Chat-Funktion von den Referenten individuell beantwortet.<\/p>\n<p><span class=\"ui-provider baz bba c d e f g h i j k l m n o p q r s t bbb bbc w x y z ab ac ae af ag ah ai aj ak\" dir=\"ltr\">Du hast deinen Termin verpasst? Kein Problem! Melde dich einfach zu einem der anderen Termine an.<\/span><\/p>\n\t\t\t\t<\/div>\n\t\t\t\t<\/div>\n\t\t\t\t<div class=\"elementor-element elementor-element-0622eb4 elementor-widget elementor-widget-spacer\" data-id=\"0622eb4\" data-element_type=\"widget\" data-e-type=\"widget\" data-widget_type=\"spacer.default\">\n\t\t\t\t<div class=\"elementor-widget-container\">\n\t\t\t\t\t\t\t<div class=\"elementor-spacer\">\n\t\t\t<div class=\"elementor-spacer-inner\"><\/div>\n\t\t<\/div>\n\t\t\t\t\t\t<\/div>\n\t\t\t\t<\/div>\n\t\t\t\t\t<\/div>\n\t\t\t\t<\/div>\n\t\t<div data-particle_enable=\"false\" data-particle-mobile-disabled=\"false\" class=\"elementor-element elementor-element-d0a4c78 e-con-full e-flex e-con e-parent\" data-id=\"d0a4c78\" data-element_type=\"container\" data-e-type=\"container\" data-settings=\"{&quot;background_background&quot;:&quot;classic&quot;}\">\n\t\t<div data-particle_enable=\"false\" data-particle-mobile-disabled=\"false\" class=\"elementor-element elementor-element-b4630da e-flex e-con-boxed e-con e-parent\" data-id=\"b4630da\" data-element_type=\"container\" data-e-type=\"container\">\n\t\t\t\t\t<div class=\"e-con-inner\">\n\t\t\t\t<div class=\"elementor-element elementor-element-a0361e3 elementor-widget elementor-widget-text-editor\" data-id=\"a0361e3\" data-element_type=\"widget\" data-e-type=\"widget\" data-widget_type=\"text-editor.default\">\n\t\t\t\t<div class=\"elementor-widget-container\">\n\t\t\t\t\t\n<p><span style=\"font-family: 'Calibri Light', sans-serif; color: #ffffff;\"><strong>18.07 Berlin\/Brandenburg<\/strong><br \/><a style=\"color: #ffffff;\" href=\"https:\/\/tiny.dhfpg-bsa.de\/cleverfit-be-bb-18JUL\" target=\"_blank\" rel=\"noopener\">Termin buchen<\/a><\/span><\/p>\n<p><span style=\"font-family: 'Calibri Light', sans-serif; color: #ffffff;\"><strong>19.07 Niedersachsen\/Bremen\/Hamburg<\/strong><br \/><a style=\"color: #ffffff;\" href=\"https:\/\/tiny.dhfpg-bsa.de\/cleverfit-ni-hb-hh-19JUL\" target=\"_blank\" rel=\"noopener\">Termin buchen<\/a><\/span><\/p>\n<p><span style=\"font-family: 'Calibri Light', sans-serif; color: #ffffff;\"><strong>25.07 Schleswig Holstein\/Mecklenburg-Vorpommern<\/strong><br \/><a style=\"color: #ffffff;\" href=\"https:\/\/tiny.dhfpg-bsa.de\/cleverfit-sh-mv-25JUL\" target=\"_blank\" rel=\"noopener\">Termin buchen<\/a><\/span><\/p>\n<p><span style=\"font-family: 'Calibri Light', sans-serif; color: #ffffff;\"><strong>26.07 Baden W\u00fcrttemberg\/Rheinland-Pfalz\/Saarland<\/strong> <br \/><a style=\"color: #ffffff;\" href=\"https:\/\/tiny.dhfpg-bsa.de\/cleverfit-bw-rp-sl-26JUL\" target=\"_blank\" rel=\"noopener\">Termin buchen<\/a><\/span><\/p>\n<p><span style=\"font-family: 'Calibri Light', sans-serif; color: #ffffff;\"><strong>01.08 Sachsen\/Sachsen-Anhalt\/Th\u00fcringen<\/strong><br \/><a style=\"color: #ffffff;\" href=\"https:\/\/tiny.dhfpg-bsa.de\/cleverfit-sn-st-th-01AUG\" target=\"_blank\" rel=\"noopener\">Termin buchen<\/a><\/span><\/p>\n<p><span style=\"font-family: 'Calibri Light', sans-serif; color: #ffffff;\"><strong>02.08 Nordrhein-Westfalen\/Hessen<\/strong><br \/><a style=\"color: #ffffff;\" href=\"https:\/\/tiny.dhfpg-bsa.de\/cleverfit-nw-he-02AUG\" target=\"_blank\" rel=\"noopener\">Termin buchen<\/a><\/span><\/p>\n<p><span style=\"font-family: 'Calibri Light', sans-serif; color: #ffffff;\"><strong>08.08 \u00d6sterreich<\/strong><br \/><a style=\"color: #ffffff;\" href=\"https:\/\/tiny.dhfpg-bsa.de\/cleverfit-aut-08AUG\" target=\"_blank\" rel=\"noopener\">Termin buchen<\/a><\/span><\/p>\n<p><span style=\"font-family: 'Calibri Light', sans-serif; color: #ffffff;\"><strong>09.08 Bayern<\/strong><br \/><a style=\"color: #ffffff;\" href=\"https:\/\/tiny.dhfpg-bsa.de\/cleverfit-by-09AUG\" target=\"_blank\" rel=\"noopener\">Termin buchen<\/a><\/span><\/p>\n\t\t\t\t<\/div>\n\t\t\t\t<\/div>\n\t\t\t\t\t<\/div>\n\t\t\t\t<\/div>\n\t\t\t\t<\/div>\n\t\t\t\t<\/div>\n\t\t","protected":false},"excerpt":{"rendered":"<p>Deine Karriere bei uns. Kostenfreie digitale Infoveranstaltung zum dualen Studium und zu den Trainerlizenzen clever fit Seiten Wusstest du, dass ein Studium auch ohne Abitur und nebenberuflich m\u00f6glich ist? Jetzt [&hellip;]<\/p>\n","protected":false},"author":531,"featured_media":0,"parent":0,"menu_order":0,"comment_status":"closed","ping_status":"closed","template":"","meta":{"_acf_changed":false,"_seopress_robots_primary_cat":"","_seopress_titles_title":"","_seopress_titles_desc":"","_seopress_robots_index":"","footnotes":""},"class_list":["post-139662","page","type-page","status-publish","hentry"],"acf":[],"_links":{"self":[{"href":"https:\/\/clever-fit.love-it.at\/de\/wp-json\/wp\/v2\/pages\/139662","targetHints":{"allow":["GET"]}}],"collection":[{"href":"https:\/\/clever-fit.love-it.at\/de\/wp-json\/wp\/v2\/pages"}],"about":[{"href":"https:\/\/clever-fit.love-it.at\/de\/wp-json\/wp\/v2\/types\/page"}],"author":[{"embeddable":true,"href":"https:\/\/clever-fit.love-it.at\/de\/wp-json\/wp\/v2\/users\/531"}],"replies":[{"embeddable":true,"href":"https:\/\/clever-fit.love-it.at\/de\/wp-json\/wp\/v2\/comments?post=139662"}],"version-history":[{"count":25,"href":"https:\/\/clever-fit.love-it.at\/de\/wp-json\/wp\/v2\/pages\/139662\/revisions"}],"predecessor-version":[{"id":163319,"href":"https:\/\/clever-fit.love-it.at\/de\/wp-json\/wp\/v2\/pages\/139662\/revisions\/163319"}],"wp:attachment":[{"href":"https:\/\/clever-fit.love-it.at\/de\/wp-json\/wp\/v2\/media?parent=139662"}],"curies":[{"name":"wp","href":"https:\/\/api.w.org\/{rel}","templated":true}]}}