{"id":3834,"date":"2022-09-08T00:28:34","date_gmt":"2022-09-07T22:28:34","guid":{"rendered":"https:\/\/clever-fit.love-it.at\/mitglied-werden\/"},"modified":"2024-07-24T16:02:22","modified_gmt":"2024-07-24T14:02:22","slug":"mitglied-werden","status":"publish","type":"page","link":"https:\/\/clever-fit.love-it.at\/de-CH\/mitglied-werden\/","title":{"rendered":"Mitglied werden"},"content":{"rendered":"\t\t<div data-elementor-type=\"wp-page\" data-elementor-id=\"3834\" class=\"elementor elementor-3834 elementor-1168\" data-elementor-post-type=\"page\">\n\t\t\t\t<div data-particle_enable=\"false\" data-particle-mobile-disabled=\"false\" class=\"elementor-element elementor-element-b89f408 e-flex e-con-boxed e-con e-parent\" data-id=\"b89f408\" data-element_type=\"container\" data-e-type=\"container\">\n\t\t\t\t\t<div class=\"e-con-inner\">\n\t\t\t\t<div class=\"elementor-element elementor-element-f81ca91 elementor-widget elementor-widget-heading\" data-id=\"f81ca91\" data-element_type=\"widget\" data-e-type=\"widget\" data-widget_type=\"heading.default\">\n\t\t\t\t<div class=\"elementor-widget-container\">\n\t\t\t\t\t<h1 class=\"elementor-heading-title elementor-size-default\">Mitglied werden<\/h1>\t\t\t\t<\/div>\n\t\t\t\t<\/div>\n\t\t\t\t\t<\/div>\n\t\t\t\t<\/div>\n\t\t<div data-particle_enable=\"false\" data-particle-mobile-disabled=\"false\" class=\"elementor-element elementor-element-cf005e3 e-flex e-con-boxed e-con e-parent\" data-id=\"cf005e3\" data-element_type=\"container\" data-e-type=\"container\">\n\t\t\t\t\t<div class=\"e-con-inner\">\n\t\t\t\t<div class=\"elementor-element elementor-element-cf1f32a elementor-widget elementor-widget-shortcode\" data-id=\"cf1f32a\" data-element_type=\"widget\" data-e-type=\"widget\" data-widget_type=\"shortcode.default\">\n\t\t\t\t<div class=\"elementor-widget-container\">\n\t\t\t\t\t\t\t<div class=\"elementor-shortcode\"><style>\n        .clever-app-26 .iti {\n          --iti-path-flags-1x: url('https:\/\/clever-fit.love-it.at\/app\/themes\/love-it\/modules\/clever-app-26\/app\/dist\/flags.webp');\n          --iti-path-flags-2x: url('https:\/\/clever-fit.love-it.at\/app\/themes\/love-it\/modules\/clever-app-26\/app\/dist\/flags@2x.webp');\n          --iti-path-globe-1x: url('\/app\/themes\/love-it\/dist\/assets\/img\/intl-tel-input\/globe.webp');\n          --iti-path-globe-2x: url('\/app\/themes\/love-it\/dist\/assets\/img\/intl-tel-input\/globe@2x.webp');\n        }\n        <\/style><div data-app-data='eyJjdXJyZW50RW52aXJvbm1lbnQiOiJzdGFnaW5nIiwiYmFzZVVybCI6IlwvZGUtQ0hcL3dwLWpzb25cL3dwXC92MlwvcGFnZXNcLzM4MzRcLyIsInJlc3RVcmwiOiJodHRwczpcL1wvY2xldmVyLWZpdC5sb3ZlLWl0LmF0XC9kZS1DSFwvd3AtanNvblwvY2xldmVyLWFwcFwvdjJcLyIsInNlYXJjaENvdW50cnkiOiJDSCIsInNlYXJjaENvdW50cnlMYW5ndWFnZUNvZGUiOiJkZV9DSCIsImN1cnJlbmN5Q29kZSI6IkNIRiIsImdvb2dsZU1hcHNBcGlLZXkiOiJBSXphU3lDZjJIRW1CbWZnUGdPa2ZvWDhHcEwycGRaMVV0b25RZnciLCJ0ZXh0U3RyaW5ncyI6eyJjb21tb24iOnsiY29udGludWUiOiJXZWl0ZXIiLCJiYWNrIjoiWnVyXHUwMGZjY2siLCJzdWJtaXQiOiJhYnNjaGlja2VuIiwiZnJvbSI6IkFiIiwic3R1ZGlvIjoiU3R1ZGlvIiwiY2hhbmdlIjoiXHUwMGU0bmRlcm4iLCJvcHRpb25hbCI6Im9wdGlvbmFsIiwiY2hvb3NlU3R1ZGlvIjoiU3R1ZGlvIHdcdTAwZTRobGVuIiwic2VsZWN0ZWRTdHVkaW8iOiJHZXdcdTAwZTRobHRlcyBTdHVkaW8iLCJub3RlIjoiQW5tZXJrdW5nIiwibWVzc2FnZSI6Ik5hY2hyaWNodCJ9LCJmb3JtcyI6eyJmaXJzdE5hbWUiOiJWb3JuYW1lIiwibGFzdE5hbWUiOiJOYWNobmFtZSIsImRhdGVPZkJpcnRoIjoiR2VidXJ0c2RhdHVtIiwiZW1haWwiOiJFLU1haWwiLCJwaG9uZSI6IlRlbGVmb24iLCJzdHJlZXQiOiJTdHJhXHUwMGRmZSIsImhvdXNlTnVtYmVyIjoiSGF1c25yLiIsInppcENvZGUiOiJQTFoiLCJjaXR5IjoiU3RhZHQiLCJjb3VudHJ5IjoiTGFuZCIsImNhcmRPd25lciI6IktvbnRvaW5oYWJlciIsImliYW4iOiJJQkFOIiwicGVyc29uYWxEYXRhIjoiUGVyc1x1MDBmNm5saWNoZSBEYXRlbiIsImFkZHJlc3NEYXRhIjoiQWRyZXNzZGF0ZW4iLCJwYXltZW50RGV0YWlscyI6IlphaGx1bmdzZGV0YWlscyIsImNvbnRhY3QiOiJLb250YWt0IiwicmVxdWlyZWRGaWVsZE5vdGUiOiIqIFBmbGljaHRmZWxkIiwiZ2VuZGVycyI6eyJ0aXRsZSI6IkJpdHRlIHdcdTAwZTRobGUiLCJGRU1BTEUiOiJGcmF1IiwiTUFMRSI6IkhlcnIiLCJVTklTRVgiOiItIn19LCJjb250cmFjdHMiOnsiaGVhZGluZyI6IldlbGNoZSBNaXRnbGllZHNjaGFmdCBtXHUwMGY2Y2h0ZXN0IGR1IGF1c3dcdTAwZTRobGVuPyIsImhlYWRpbmdUZWFzZXJCdW5kbGVzIjoiVmVydHJcdTAwZTRnZSIsImNob29zZUR1cmF0aW9uIjoiTGF1ZnplaXQgd1x1MDBlNGhsZW4iLCJjb250cmFjdERldGFpbHMiOiJWZXJ0cmFnc2RldGFpbHMiLCJzaG93QWxsU2VydmljZXMiOiJBbGxlIEJlbmVmaXRzIiwiaGlkZUFsbFNlcnZpY2VzIjoiQmVuZWZpdHMgZWlua2xhcHBlbiIsIm5vQ29udHJhY3RzRm91bmQiOiJGXHUwMGZjciBkaWVzZXMgU3R1ZGlvIGtvbm50ZW4ga2VpbmUgVmVydHJcdTAwZTRnZSBnZWZ1bmRlbiB3ZXJkZW4uIiwiaW5kZWZpbml0ZVRlcm0iOiJJbmRlZmluaXRlIHRlcm0iLCJub0V4dGVuc2lvbiI6Ik5vIGNvbnRyYWN0IGV4dGVuc2lvbiIsImNob29zZUJ1dHRvbiI6IkF1c3dcdTAwZTRobGVuIiwiaW5xdWlyZUJ1dHRvbiI6IkFuZnJhZ2VuIiwiY2hvb3NlU2VsZWN0YWJsZU1vZHVsZXMiOiJLb3N0ZW5mcmVpZSBNb2R1bGUgd1x1MDBlNGhsZW4iLCJzZWxlY3RhYmxlTW9kdWxlc01heFNpbmd1bGFyIjoiV1x1MDBlNGhsZSBkZWluIGtvc3RlbmZyZWllcyBJbmtsdXNpdm1vZHVsIiwic2VsZWN0YWJsZU1vZHVsZXNNYXhQbHVyYWwiOiJXXHUwMGU0aGxlIGJpcyB6dSAlcyBrb3N0ZW5mcmVpZSBJbmtsdXNpdm1vZHVsZSIsInNlbGVjdGFibGVNb2R1bGVzTWF4RXJyb3IiOiJEdSBoYXN0IGRpZSBtYXhpbWFsZSBBbnphaGwgYW4gZXJsYXVidGVuIE1vZHVsZW4gZXJyZWljaHQuIEJpdHRlIGVudGZlcm5lIHp1ZXJzdCBlaW4gYW5kZXJlcyBNb2R1bCwgdW0gZGllc2VzIE1vZHVsIGhpbnp1enVmXHUwMGZjZ2VuLiIsInNlbGVjdGFibGVNb2R1bGVzVGVhc2VyU2luZ3VsYXIiOiIrIFdcdTAwYzRITEUgRUlOIEdSQVRJUy1NT0RVTCEiLCJzZWxlY3RhYmxlTW9kdWxlc1RlYXNlclBsdXJhbCI6IisgV1x1MDBjNEhMRSAlY291bnQlIEdSQVRJUy1NT0RVTEUhIiwiZGV0YWlsc0J1dHRvbiI6IkRldGFpbHMifSwiY2hlY2tvdXQiOnsic3VtbWFyeSI6IkRlaW5lIE1pdGdsaWVkc2NoYWZ0IGltIFx1MDBkY2JlcmJsaWNrIiwieW91ck1lbWJlcnNoaXAiOiJEZWluZSBNaXRnbGllZHNjaGFmdCIsImNvbnRyYWN0RHVyYXRpb24iOiJNaW5kZXN0bGF1ZnplaXQiLCJpbml0aWFsUnVudGltZSI6Ik1pbmRlc3RsYXVmemVpdCIsInByaWNlIjoiUHJlaXMiLCJ0b3RhbFByaWNlIjoiR2VzYW10cHJlaXMiLCJwcmVDb250cmFjdHVhbFVzZSI6IlByZS1jb250cmFjdHVhbCB1c2UiLCJjb250cmFjdFN0YXJ0IjoiVmVydHJhZ3NiZWdpbm4iLCJ0cmFpbmluZ1N0YXJ0IjoiU3RhcnQgb2YgdXNlIiwiY29udHJhY3RFeHRlbnNpb24iOiJWZXJ0cmFnc3ZlcmxcdTAwZTRuZ2VydW5nIiwiaW5jbHVkZWRNb2R1bGVzIjoiSW5rbHVkaWVydGUgTW9kdWxlIiwiaW5jbHVkZWRNb2R1bGVzSGludCI6Iklua2x1ZGllcnRlIE1vZHVsZSBrXHUwMGY2bm5lbiBpbiBTY2hyaXR0IDMgaW0gQ2hlY2tvdXQgZ2V3XHUwMGU0aGx0IHdlcmRlbi4iLCJzZWxlY3RVcFRvIjoiQ2hvb3NlIHVwIHRvICVtYXglIGluY2x1ZGVkIG1vZHVsZXM6Iiwic2VsZWN0QW55TW9kdWxlcyI6IldcdTAwZTRobGUgYmVsaWViaWcgdmllbGUgTW9kdWxlOiIsImluY2x1ZGVkIjoiaW5rbC4iLCJvcHRpb25hbE1vZHVsZXMiOiJFeHRyYXMgZlx1MDBmY3IgZGVpbiBUcmFpbmluZyIsImFkZGl0aW9uYWxDb3N0cyI6Ilp1c1x1MDBlNHR6bGljaGUgS29zdGVuIiwiZnJlZSI6Imtvc3RlbmxvcyIsIm9uZVRpbWUiOiJlaW5tYWxpZyIsIndpdGhvdXRPcHRpb25hbCI6Im9obmUgb3B0aW9uYWxlIE1vZHVsZSIsIndpdGhPcHRpb25hbCI6Imlua2wuIG9wdGlvbmFsZW4gTW9kdWxlbiBmXHUwMGZjciBFcnN0bGF1ZnplaXQiLCJ5b3VyQmVuZWZpdHMiOiJEZWluZSBWb3J0ZWlsZSIsInByaWNlQWRqdXN0bWVudCI6IlByZWlzYW5wYXNzdW5nIiwicHJpY2VBZGp1c3RtZW50cyI6IlByZWlzYW5wYXNzdW5nZW4iLCJzdWJtaXRJbnF1aXJ5IjoiQW5mcmFnZW4iLCJzdWJtaXRPcmRlciI6IlphaGx1bmdzcGZsaWNodGlnIEJlc3RlbGxlbiIsImNvbnRyYWN0RGV0YWlsc0hlYWRpbmciOiJWZXJ0cmFnICYgcmVjaHRsaWNoZSBIaW53ZWlzZSIsImNvbnRyYWN0U3VtbWFyeUhlYWRpbmciOiJDb250cmFjdCBzdW1tYXJ5IiwiZG93bmxvYWRDb250cmFjdFN1bW1hcnkiOiJEb3dubG9hZCBzdW1tYXJ5IG9mIGFsbCBjb250cmFjdCBkZXRhaWxzLiIsImRvd25sb2FkQ29udHJhY3RTdW1tYXJ5TGluayI6IkRvd25sb2FkIGRvY3VtZW50IiwiZG93bmxvYWRQcmVwYXJpbmciOiJQcmVwYXJpbmcgZG93bmxvYWQuLi4iLCJkb3dubG9hZEZhaWxlZCI6IkRvd25sb2FkIGZhaWxlZC4gUGxlYXNlIHRyeSBhZ2Fpbi4iLCJkb3dubG9hZFBkZkZpbGVuYW1lIjoiQ29udHJhY3Qtc3VtbWFyeS1jZi0lc3R1ZGlvTmFtZSUiLCJjb250cmFjdFN1bW1hcnlUaXRsZSI6IkNvbnRyYWN0IHN1bW1hcnkgJXN0dWRpb05hbWUlIiwiaW1wcmludExpbmtMYWJlbCI6IkltcHJlc3N1bSBkZXMgQmV0cmVpYmVycyIsImJvbnVzUGVyaW9kSW5mb1Bvc3RGaXgiOiJncmF0aXMhIiwic3RlcENvbnRyYWN0IjoiVGFyaWYiLCJzdGVwRGF0YSI6IkRhdGVuIiwic3RlcENoZWNrb3V0IjoiQWJzY2hsdXNzIiwiY29udHJhY3REZXRhaWxzIjoiVmVydHJhZ3NkZXRhaWxzIiwic2VjdGlvblBlcnNvbmFsRGF0YSI6IlBlcnNcdTAwZjZubGljaGUgRGF0ZW4iLCJzZWN0aW9uQWRkcmVzcyI6IkFkcmVzc2RhdGVuIn0sInBheW1lbnQiOnsiZGlyZWN0RGViaXQiOiJCYW5rZWluenVnIiwiY3JlZGl0Q2FyZCI6IktyZWRpdGthcnRlIiwiY2hvb3NlUGF5bWVudE1ldGhvZCI6IkJpdHRlIHdcdTAwZTRobGVuIFNpZSBlaW5lIFphaGx1bmdzbWV0aG9kZSIsImJhbmtBY2NvdW50SW5mbyI6IkRpZSBCZXphaGx1bmcgaXN0IG51ciBmXHUwMGZjciBCYW5ra29udGVuLCBkaWUgbWl0IGVpbmVtIGRlciBmb2xnZW5kZW4gTFx1MDBlNG5kZXItQ29kZXMgYmVnaW5uZW4sIG1cdTAwZjZnbGljaDoiLCJiYW5rQWNjb3VudEVycm9yIjoiQml0dGUgXHUwMGZjYmVycHJcdTAwZmNmZSBkZWluZSBCYW5rZGF0ZW4uIFdpciBha3plcHRpZXJlbiBudXIgSUJBTnMgYXVzIGRlbiBMXHUwMGU0bmRlcm46IiwiY2hhcnNJbmZvIjoiQml0dGUgTmFtZW4gb2huZSBVbWxhdXRlIG9kZXIgU29uZGVyemVpY2hlbiBlaW5nZWJlbiAoXHUwMGY2LiBcdTAwZmMsIFx1MDBlNCwgXHUwMGRmKSIsInBsZWFzZUF1dGhvcml6ZUNyZWRpdENhcmQiOiJCaXR0ZSBhdXRvcmlzaWVyZW4gU2llIGlocmUgS3JlZGl0a2FydGUsIHVtIGZvcnR6dWZhaHJlbi4iLCJjcmVkaXRDYXJkQXV0aG9yaXplZCI6IktyZWRpdGthcnRlIHd1cmRlIGF1dG9yaXNpZXJ0ISJ9LCJ2b3VjaGVycyI6eyJsYWJlbCI6Ikd1dHNjaGVpbiBlaW5sXHUwMGY2c2VuIiwiZGVzY3JpcHRpb24iOiJHdXRzY2hlaW4tQ29kZSBlaW5nZWJlbiIsInZhbGlkIjoiR3V0c2NoZWluLUNvZGUgaXN0IGdcdTAwZmNsdGlnLiIsImludmFsaWQiOiJHdXRzY2hlaW4tQ29kZSBpc3QgdW5nXHUwMGZjbHRpZy4iLCJ2YWxpZGF0ZSI6Ikd1dHNjaGVpbiBhbndlbmRlbiIsImRlbGV0ZSI6Ikd1dHNjaGVpbiBlbnRmZXJuZW4iLCJwbGVhc2VFbnRlciI6IkJpdHRlIGdpYiBlaW5lbiBHdXRzY2hlaW4tQ29kZSBlaW4uIiwicGxlYXNlVmFsaWRhdGUiOiJCaXR0ZSB2YWxpZGllcmUgb2RlciBsXHUwMGY2c2NoZSBkZWluZW4gR3V0c2NoZWluLUNvZGUsIHVtIGZvcnR6dWZhaHJlbi4iLCJub3RSZWRlZW1hYmxlSGVyZSI6IkRpZXNlciBHdXRzY2hlaW5jb2RlIGlzdCBmXHUwMGZjciBkaWVzZXMgU3R1ZGlvIG5pY2h0IGdcdTAwZmNsdGlnLiIsImV4cGlyZWQiOiJEaWVzZXIgR3V0c2NoZWluY29kZSBpc3QgbmljaHQgbWVociBnXHUwMGZjbHRpZy4iLCJub3RBbGxvd2VkRm9yUmF0ZSI6IkRpZXNlciBHdXRzY2hlaW5jb2RlIGlzdCBmXHUwMGZjciBkZW4gZ2V3XHUwMGU0aGx0ZW4gVmVydHJhZyBuaWNodCBnXHUwMGZjbHRpZy4iLCJ3YXNSZW1vdmVkIjoiR3V0c2NoZWluY29kZSB3dXJkZSBlbnRmZXJudCIsIm5vdENvbXB1dGVkIjoiQWNodHVuZzogRGVyIEdlc2FtdHByZWlzIGthbm4gZHVyY2ggZGFzIEVpbmxcdTAwZjZzZW4gZWluZXMgR3V0c2NoZWlucyBhYndlaWNoZW4hIiwicmVmZXJyYWxMYWJlbCI6IkVtcGZlaGx1bmdzY29kZSIsInJlZmVycmFsRGVzY3JpcHRpb24iOiJHaWIgaGllciBkZWluZW4gRW1wZmVobHVuZ3Njb2RlIGVpbiIsInJlZmVycmFsSW52YWxpZCI6IkRpZXNlciBFbXBmZWhsdW5nc2NvZGUgaXN0IHVuZ1x1MDBmY2x0aWcuIn0sImxlZ2FsIjp7InBsZWFzZUNvbnNpZGVyIjoiQml0dGUgYmVhY2h0ZSIsIm91ciI6InVuc2VyZSIsImFnYiI6IkFHQiIsInJpZ2h0T2ZXaXRoZHJhd2FsIjoiV2lkZXJydWZzYmVsZWhydW5nIiwiZGF0YVByb3RlY3Rpb24iOiJEYXRlbnNjaHV0emJlc3RpbW11bmdlbiIsIndpdGhkcmF3YWxQb2xpY3kiOiJXaWRlcnJ1ZnNiZWxlaHJ1bmciLCJkYXRhUG9saWN5IjoiSW5mb3JtYXRpb24genVyIERhdGVuZXJoZWJ1bmciLCJsZWdhbE5vdGljZSI6IkJpdHRlIGJlYWNodGUgdW5zZXJlIiwiYWNjZXB0VGVybXMiOiJCaXR0ZSBiZXN0XHUwMGU0dGlnZSBhbGxlIHZlcnBmbGljaHRlbmRlbiBDaGVja2JveGVuLiIsImRvY3VtZW50IjoiRG9rdW1lbnQucGRmIn0sInRoYW5rWW91Ijp7ImhlbGxvIjoiSGFsbG8iLCJ5b3VyQ3VzdG9tZXJJZCI6IkRlaW5lIEt1bmRlbm51bW1lciIsInZpc2l0U3R1ZGlvIjoiQXVmIGluJ3MgU3R1ZGlvISIsImNvbnRhY3RTdHVkaW8iOiJLb250YWt0aWVyZSBkZWluIFN0dWRpbyBkaXJla3QgZlx1MDBmY3Igd2VpdGVyZSBJbmZvcyIsImlucXVpcnlDb25maXJtYXRpb24iOiJEYW5rZSBmXHUwMGZjciBkZWluZSBBbmZyYWdlISBXaXIgbWVsZGVuIHVucyBiYWxkIGJlaSBkaXIuIiwidGhhbmtzRm9yUmVxdWVzdCI6IkRhbmtlLCBkZWluZSBBbmZyYWdlIHd1cmRlIGVyZm9sZ3JlaWNoIFx1MDBmY2Jlcm1pdHRlbHQhIiwicmVnaXN0cmF0aW9uU3VjY2Vzc2Z1bCI6IkRlaW5lIEFubWVsZHVuZyB3YXIgZXJmb2xncmVpY2ghIiwicmVjZWl2ZUluZm9WaWFNYWlsIjoiRHUgZXJoXHUwMGU0bHRzdCBhbGxlIHdlaXRlcmVuIEluZm9zIHZpYSBFLU1haWwuIn0sImhvd0ZvdW5kVXMiOnsiaGVhZGluZyI6IldpZSBoYXN0IGR1IHZvbiB1bnMgZXJmYWhyZW4\/IiwiZnJpZW5kcyI6IkZyaWVuZHMiLCJpbnN0YWdyYW0iOiJJbnN0YWdyYW0iLCJmYWNlYm9vayI6IkZhY2Vib29rIiwiZ29vZ2xlIjoiR29vZ2xlIiwibWVkaWEiOiJBdVx1MDBkZmVud2VyYnVuZyIsIm90aGVyIjoiT3RoZXIifSwidmFsaWRhdGlvbiI6eyJmaWxsQWxsRmllbGRzIjoiQml0dGUgZlx1MDBmY2xsZSBhbGxlIGJlblx1MDBmNnRpZ3RlbiBGZWxkZXIgYXVzLiIsImZpbGxWYWxpZFBob25lIjoiQml0dGUgZ2liIGVpbmUgZ1x1MDBmY2x0aWdlIFRlbGVmb25udW1tZXIgYW4sIiwiaW52YWxpZEVtYWlsRm9ybWF0IjoiQml0dGUgZ2liIGVpbmUgZ1x1MDBmY2x0aWdlIEUtTWFpbCBlaW4uIiwiZm9ybUlucHV0RXJyb3IiOiJFaW4gdW5iZWthbm50ZXIgRmVobGVyIGlzdCBhdWZnZXRyZXRlbi4gQml0dGUgXHUwMGZjYmVycHJcdTAwZmNmZSBkZWluZSBEYXRlbiBvZGVyIGtvbnRha3RpZXJlIGRhcyBTdHVkaW8uIiwiZm9ybUliYW5FcnJvciI6IkRlaW4gSUJBTiBzY2hlaW50IEZlaGxlciB6dSBlbnRoYWx0ZW4uIiwiZm9ybURhdGVPZkJpcnRoRXJyb3IiOiJEZWluIEdlYnVydHNkYXR1bSBzY2hlaW50IG5pY2h0IHp1IHN0aW1tZW4iLCJkYXRlT2ZCaXJ0aEVycm9yIjoiRHUgbXVzc3QgbWluZGVzdGVucyAxOCBKYWhyZSBhbHQgc2VpbiwgdW0gZWluZW4gVmVydHJhZyBhYnp1c2NobGllXHUwMGRmZW4uIiwiZGF0ZU9mQmlydGhFcnJvckFsdE1pbmltdW1BZ2UiOiJEdSBiaXN0IG5pY2h0IGFsdCBnZW51ZywgdW0gZWluZW4gVmVydHJhZyBhYnp1c2NobGllXHUwMGRmZW4uIiwibWluaW11bUFnZSI6Ik1pbmRlc3RhbHRlciIsImRhdGVPZkJpcnRoSW5mbyI6IkR1IG11c3N0IG1pbmRlc3RlbnMgMTggSmFocmUgYWx0IHNlaW4sIHVtIGVpbmVuIFZlcnRyYWcgYWJ6dXNjaGxpZVx1MDBkZmVuLiIsInNlbGVjdE1vZHVsZXNSZXF1aXJlZCI6IlBsZWFzZSBzZWxlY3QgJW1heCUgaW5jbHVkZWQgbW9kdWxlcy4iLCJhcHBvaW50bWVudENvbmZsaWN0RXJyb3IiOiJEZXIgYXVzZ2V3XHUwMGU0aGx0ZSBaZWl0cmFobWVuIFx1MDBmY2JlcnNjaG5laWRldCBzaWNoIG1pdCBlaW5lbSBiZXN0ZWhlbmRlbiBUZXJtaW4uIiwicGF5bWVudERhdGFJbnZhbGlkIjoiRGllIGVpbmdlZ2ViZW5lbiBaYWhsdW5nc2RhdGVuIHNjaGVpbmVuIHVuZ1x1MDBmY2x0aWcgenUgc2Vpbi4ifSwidGltZVVuaXRzIjp7ImRheSI6IlRhZyIsImRheXMiOiJUYWdlIiwid2VlayI6IldvY2hlIiwid2Vla3MiOiJXb2NoZW4iLCJtb250aCI6Ik1vbmF0IiwibW9udGhzIjoiTW9uYXRlIiwieWVhciI6IkphaHIiLCJ5ZWFycyI6IkphaHJlIiwibm9uUmVjdXJyaW5nIjoiZWlubWFsaWcifSwiYWNmIjp7ImZvcm1JbnRybyI6eyJiZWNvbWVNZW1iZXIiOiJVbSBkaWUgY2xldmVyZml0IExlaXN0dW5nZW4gZlx1MDBmY3IgRGljaCBrb250aW51aWVybGljaCB6dSB2ZXJiZXNzZXJuIHp1IGtcdTAwZjZubmVuIHVuZCBEaWNoIGJlaSBEZWluZW0gVHJhaW5pbmcgbm9jaCBiZXNzZXIgYmVnbGVpdGVuIHVuZCB1bnRlcnN0XHUwMGZjdHplbiB6dSBrXHUwMGY2bm5lbiwgYml0dGVuIHdpciBEaWNoIG5hY2hmb2xnZW5kIHVtIERlaW5lIEVpbndpbGxpZ3VuZyB6dSBuYWNoZm9sZ2VuZGVuIERhdGVudmVyYXJiZWl0dW5nZW4uIEVpbnplbGhlaXRlbiBoaWVyenUgZXJmXHUwMGU0aHJzdCBEdSBpbiB1bnNlcmVyIDxhIGhyZWY9XCJcL2RlLUNIXC9kYXRlbnNjaHV0elwiIHRhcmdldD1cIl9ibGFua1wiPkRhdGVuc2NodXR6ZXJrbFx1MDBlNHJ1bmc8XC9hPi4gIiwidHJ5b3V0IjoiVW0gZGllIGNsZXZlcmZpdCBMZWlzdHVuZ2VuIGZcdTAwZmNyIERpY2gga29udGludWllcmxpY2ggenUgdmVyYmVzc2VybiB6dSBrXHUwMGY2bm5lbiB1bmQgRGljaCBiZWkgRGVpbmVtIFRyYWluaW5nIG5vY2ggYmVzc2VyIGJlZ2xlaXRlbiB1bmQgdW50ZXJzdFx1MDBmY3R6ZW4genUga1x1MDBmNm5uZW4sIGJpdHRlbiB3aXIgRGljaCBuYWNoZm9sZ2VuZCB1bSBEZWluZSBFaW53aWxsaWd1bmcgenUgbmFjaGZvbGdlbmRlbiBEYXRlbnZlcmFyYmVpdHVuZ2VuLiBFaW56ZWxoZWl0ZW4gaGllcnp1IGVyZlx1MDBlNGhyc3QgRHUgaW4gdW5zZXJlciA8YSBocmVmPVwiXC9kZS1DSFwvZGF0ZW5zY2h1dHpcIiB0YXJnZXQ9XCJfYmxhbmtcIj5EYXRlbnNjaHV0emVya2xcdTAwZTRydW5nPFwvYT4uICIsInRyaWFsU2Vzc2lvbiI6IlVtIGRpZSBjbGV2ZXJmaXQgTGVpc3R1bmdlbiBmXHUwMGZjciBEaWNoIGtvbnRpbnVpZXJsaWNoIHp1IHZlcmJlc3Nlcm4genUga1x1MDBmNm5uZW4gdW5kIERpY2ggYmVpIERlaW5lbSBUcmFpbmluZyBub2NoIGJlc3NlciBiZWdsZWl0ZW4gdW5kIHVudGVyc3RcdTAwZmN0emVuIHp1IGtcdTAwZjZubmVuLCBiaXR0ZW4gd2lyIERpY2ggbmFjaGZvbGdlbmQgdW0gRGVpbmUgRWlud2lsbGlndW5nIHp1IG5hY2hmb2xnZW5kZW4gRGF0ZW52ZXJhcmJlaXR1bmdlbi4gRWluemVsaGVpdGVuIGhpZXJ6dSBlcmZcdTAwZTRocnN0IER1IGluIHVuc2VyZXIgPGEgaHJlZj1cIlwvZGUtQ0hcL2RhdGVuc2NodXR6XCIgdGFyZ2V0PVwiX2JsYW5rXCI+RGF0ZW5zY2h1dHplcmtsXHUwMGU0cnVuZzxcL2E+LiAifSwiZm9ybU1hcmtldGluZ0NvbnNlbnQiOnsiYmVjb21lTWVtYmVyIjoiSWNoIHdpbGxpZ2UgZWluLCBkYXNzIGRpZSBpbSBSYWhtZW4gbWVpbmVzIEJlc3VjaHMgZGVyIFdlYnNpdGUgY2xldmVyZml0LmNvbSB2b24gbWlyIG1pdGdldGVpbHRlbiB1bmQgZXJob2JlbmVuIERhdGVuIHNvd2llIG1laW5lIE1pdGdsaWVkZXJiZXN0YW5kc2RhdGVuIGZcdTAwZmNyIGRpZSBad2Vja2UgZGVzIE1hcmtldGluZ3MsIGRlciBPcHRpbWllcnVuZyBkZXIgTGVpc3R1bmdlbiwgZGVyIGVsZWt0cm9uaXNjaGVuIEtvbnRha3RhdWZuYWhtZSBiZXpcdTAwZmNnbGljaCBlaW5lcyBNaXRnbGllZHNjaGFmdHN2ZXJ0cmFnZXNcLy1hbnRyYWdlcyBtaXQgZWluZW0gU3R1ZGlvIHNvd2llIHp1bSBad2Vja2UgZGVyIHdlcmJsaWNoZW4gS29udGFrdGF1Zm5haG1lIGR1cmNoIGRpZSBjbGV2ZXJmaXQgR21iSCB1bmQgZGFzIFN0dWRpbywgYW4gZGFzIHNpY2ggbWVpbmUgQW5mcmFnZSByaWNodGV0IG9kZXIgbWl0IGRlbSBlaW5lIE1pdGdsaWVkc2NoYWZ0IGJlc3RlaHQsIG1pdGVpbmFuZGVyIGF1c2dldGF1c2NodCwgZ2VzcGVpY2hlcnQgdW5kIGpld2VpbHMgZlx1MDBmY3IgZGllIHZvcmJlbmFubnRlbiBad2Vja2UgZ2VudXR6dCB3ZXJkZW4gZFx1MDBmY3JmZW4uICIsInRyeW91dCI6IkljaCB3aWxsaWdlIGVpbiwgZGFzcyBkaWUgaW0gUmFobWVuIG1laW5lcyBCZXN1Y2hzIGRlciBXZWJzaXRlIGNsZXZlcmZpdC5jb20gdm9uIG1pciBtaXRnZXRlaWx0ZW4gdW5kIGVyaG9iZW5lbiBEYXRlbiBzb3dpZSBtZWluZSBNaXRnbGllZGVyYmVzdGFuZHNkYXRlbiBmXHUwMGZjciBkaWUgWndlY2tlIGRlcyBNYXJrZXRpbmdzLCBkZXIgT3B0aW1pZXJ1bmcgZGVyIExlaXN0dW5nZW4sIGRlciBlbGVrdHJvbmlzY2hlbiBLb250YWt0YXVmbmFobWUgYmV6XHUwMGZjZ2xpY2ggZWluZXMgTWl0Z2xpZWRzY2hhZnRzdmVydHJhZ2VzXC8tYW50cmFnZXMgbWl0IGVpbmVtIFN0dWRpbyBzb3dpZSB6dW0gWndlY2tlIGRlciB3ZXJibGljaGVuIEtvbnRha3RhdWZuYWhtZSBkdXJjaCBkaWUgY2xldmVyZml0IEdtYkggdW5kIGRhcyBTdHVkaW8sIGFuIGRhcyBzaWNoIG1laW5lIEFuZnJhZ2UgcmljaHRldCBvZGVyIG1pdCBkZW0gZWluZSBNaXRnbGllZHNjaGFmdCBiZXN0ZWh0LCBtaXRlaW5hbmRlciBhdXNnZXRhdXNjaHQsIGdlc3BlaWNoZXJ0IHVuZCBqZXdlaWxzIGZcdTAwZmNyIGRpZSB2b3JiZW5hbm50ZW4gWndlY2tlIGdlbnV0enQgd2VyZGVuIGRcdTAwZmNyZmVuLiAiLCJ0cmlhbFNlc3Npb24iOiJJY2ggd2lsbGlnZSBlaW4sIGRhc3MgZGllIGltIFJhaG1lbiBtZWluZXMgQmVzdWNocyBkZXIgV2Vic2l0ZSBjbGV2ZXJmaXQuY29tIHZvbiBtaXIgbWl0Z2V0ZWlsdGVuIHVuZCBlcmhvYmVuZW4gRGF0ZW4gc293aWUgbWVpbmUgTWl0Z2xpZWRlcmJlc3RhbmRzZGF0ZW4gZlx1MDBmY3IgZGllIFp3ZWNrZSBkZXMgTWFya2V0aW5ncywgZGVyIE9wdGltaWVydW5nIGRlciBMZWlzdHVuZ2VuLCBkZXIgZWxla3Ryb25pc2NoZW4gS29udGFrdGF1Zm5haG1lIGJlelx1MDBmY2dsaWNoIGVpbmVzIE1pdGdsaWVkc2NoYWZ0c3ZlcnRyYWdlc1wvLWFudHJhZ2VzIG1pdCBlaW5lbSBTdHVkaW8gc293aWUgenVtIFp3ZWNrZSBkZXIgd2VyYmxpY2hlbiBLb250YWt0YXVmbmFobWUgZHVyY2ggZGllIGNsZXZlcmZpdCBHbWJIIHVuZCBkYXMgU3R1ZGlvLCBhbiBkYXMgc2ljaCBtZWluZSBBbmZyYWdlIHJpY2h0ZXQgb2RlciBtaXQgZGVtIGVpbmUgTWl0Z2xpZWRzY2hhZnQgYmVzdGVodCwgbWl0ZWluYW5kZXIgYXVzZ2V0YXVzY2h0LCBnZXNwZWljaGVydCB1bmQgamV3ZWlscyBmXHUwMGZjciBkaWUgdm9yYmVuYW5udGVuIFp3ZWNrZSBnZW51dHp0IHdlcmRlbiBkXHUwMGZjcmZlbi4gIn0sImNvdW50cmllcyI6eyJ0aXRsZSI6IkxhbmQiLCJERSI6IkRldXRzY2hsYW5kIiwiQVQiOiJcdTAwZDZzdGVycmVpY2giLCJDSCI6IlNjaHdlaXoiLCJOTCI6Ik5pZWRlcmxhbmRlIiwiSVQiOiJJdGFsaWVuIiwiQ1oiOiJUc2NoZWNoaWVuIiwiU0kiOiJTbG93ZW5pZW4iLCJSTyI6IlJ1bVx1MDBlNG5pZW4iLCJCRSI6IkJlbGdpZW4iLCJCRyI6IkJ1bGdhcmllbiIsIkRLIjoiRFx1MDBlNG5lbWFyayIsIkVFIjoiRXN0bGFuZCIsIkZJIjoiRmlubmxhbmQiLCJGUiI6IkZyYW5rcmVpY2giLCJHUiI6IkdyaWVjaGVubGFuZCIsIklFIjoiSXJsYW5kIiwiSFIiOiJLcm9hdGllbiIsIkxWIjoiTGV0dGxhbmQiLCJMVCI6IkxpdGF1ZW4iLCJMVSI6Ikx1eGVtYnVyZyIsIk1UIjoiTWFsdGEiLCJQTCI6IlBvbGVuIiwiUFQiOiJQb3J0dWdhbCIsIlNFIjoiU2Nod2VkZW4iLCJTSyI6IlNsb3dha2VpIiwiRVMiOiJTcGFuaWVuIiwiSFUiOiJVbmdhcm4iLCJDWSI6Ilp5cGVybiIsIklTIjoiSXNsYW5kIiwiTEkiOiJMaWVjaHRlbnN0ZWluIiwiTk8iOiJOb3J3ZWdlbiJ9LCJjYW5jZWxsYXRpb25UZXh0IjoiRGVyIFZlcnRyYWcgaXN0IGVyc3RtYWxzIHp1bSBFbmRlIGRlciBFcnN0bGF1ZnplaXQgb3JkZW50bGljaCBrXHUwMGZjbmRiYXIuIERpZSBLXHUwMGZjbmRpZ3VuZ3NmcmlzdCB6dW0gRW5kZSBkZXIgRXJzdGxhdWZ6ZWl0IHVuZCB3XHUwMGU0aHJlbmQgZGVyIFZlcnRyYWdzdmVybFx1MDBlNG5nZXJ1bmcgYmV0clx1MDBlNGd0ICVjYW5jZWxsYXRpb25QZXJpb2QlLiIsInBheW1lbnRJbmZvU2VwYSI6IiIsInN1Ym1pdCI6eyJ0cnlvdXQiOiJKZXR6dCB0ZXN0ZW4iLCJ0cmlhbFNlc3Npb24iOiJUZXJtaW4gdmVyZWluYmFyZW4iLCJsZWFkRm9ybSI6IkFuZnJhZ2VuIn0sImZvcm1EYXRlc0NvbnRyYWN0U3RhcnQiOnsiYmVjb21lTWVtYmVyIjoiRGVpbmUgTWl0Z2xpZWRzY2hhZnQgYmVpIHVucyBzdGFydGV0IGFtICVzdGFydERhdGUlLiIsInRyeW91dCI6IkRlaW5lIE1pdGdsaWVkc2NoYWZ0IGJlaSB1bnMgc3RhcnRldCBhbSAlc3RhcnREYXRlJS4iLCJ0cmlhbFNlc3Npb24iOiJEZWluZSBNaXRnbGllZHNjaGFmdCBiZWkgdW5zIHN0YXJ0ZXQgYW0gJXN0YXJ0RGF0ZSUuIn0sImZvcm1EYXRlc1ByZVVzZVN0YXJ0Ijp7ImJlY29tZU1lbWJlciI6IkR1IGRhcmZzdCBhYmVyIHNjaG9uIGFiICV1c2VEYXRlJSBiZWkgdW5zIHRyYWluaWVyZW4uIiwidHJ5b3V0IjoiRHUgZGFyZnN0IGFiZXIgc2Nob24gYWIgJXVzZURhdGUlIGJlaSB1bnMgdHJhaW5pZXJlbi4iLCJ0cmlhbFNlc3Npb24iOiJEdSBkYXJmc3QgYWJlciBzY2hvbiBhYiAldXNlRGF0ZSUgYmVpIHVucyB0cmFpbmllcmVuLiJ9LCJwcmVVc2VUZXh0Ijp7ImJlY29tZU1lbWJlciI6IkRpZSBUYWdlIGJpcyB6dSBkZWluZW0gVmVydHJhZ3NiZWdpbm4gd2VyZGVuIGRpciBhbnRlaWxzbVx1MDBlNFx1MDBkZmlnIGtvc3RlbnBmbGljaHRpZyBiZXJlY2huZXQuIiwidHJ5b3V0IjoiRGllIFRhZ2UgYmlzIHp1IGRlaW5lbSBWZXJ0cmFnc2JlZ2lubiB3ZXJkZW4gZGlyIGFudGVpbHNtXHUwMGU0XHUwMGRmaWcga29zdGVucGZsaWNodGlnIGJlcmVjaG5ldC4iLCJ0cmlhbFNlc3Npb24iOiJEaWUgVGFnZSBiaXMgenUgZGVpbmVtIFZlcnRyYWdzYmVnaW5uIHdlcmRlbiBkaXIgYW50ZWlsc21cdTAwZTRcdTAwZGZpZyBrb3N0ZW5wZmxpY2h0aWcgYmVyZWNobmV0LiJ9LCJwYXJlbnRhbENvbnNlbnRIZWFkaW5nIjoiRWludmVyc3RcdTAwZTRuZG5pcyBNaW5kZXJqXHUwMGU0aHJpZ2UiLCJwYXJlbnRhbENvbnNlbnRJbmZvIjoiQml0dGUgYmVhY2h0ZTogV2VubiBkdSBqXHUwMGZjbmdlciBhbHMgMTggSmFocmUgYmlzdCwgYmVuXHUwMGY2dGlnZW4gd2lyIGRpZSBzY2hyaWZ0bGljaGUgRXJsYXVibmlzIGRlaW5lciBFbHRlcm4gLSBiaXR0ZSBicmluZ2UgZGllc2UgenVtIFByb2JldHJhaW5pbmcgbWl0LiIsIm1pbmltdW1BZ2VJbmZvIjoiTWluZGVzdGFsdGVyIGZcdTAwZmNyIFByb2JldHJhaW5pbmc6IiwiZG93bmxvYWRQYXJlbnRhbENvbnNlbnRGaWxlIjoiRG93bmxvYWQgRWludmVyc3RcdTAwZTRuZG5pc2Vya2xcdTAwZTRydW5nIiwicGFyZW50YWxDb25zZW50UGRmVXJsIjoiIiwiZW1haWwiOnsiYmVjb21lTWVtYmVyIjoiIiwidHJ5b3V0IjoiIiwidHJpYWxTZXNzaW9uIjoiIiwidGVhc2VyQnVuZGxlcyI6IkRhbmtlIGZcdTAwZmNyIGRlaW5lIEFuZnJhZ2UhIERlaW4gU3R1ZGlvIG1lbGRldCBzaWNoIG1pdCBEZXRhaWxzIHp1IGRlaW5lciBNaXRnbGllZHNjaGFmdCBiZWkgZGlyISIsImxlYWRGb3JtIjoiRGFua2UgZlx1MDBmY3IgZGVpbmUgQW5mcmFnZSEgRGVpbiBTdHVkaW8gbWVsZGV0IHNpY2ggYmVpIGRpciBtaXQgYWxsZW4gSW5mb3MuIn0sImNob29zZUNvbnRyYWN0SGVhZGluZyI6IldlbGNoZW4gVmVydHJhZyBtXHUwMGY2Y2h0ZXN0IGR1IGF1c3dcdTAwZTRobGVuPyIsImNob29zZUNvbnRyYWN0QnV0dG9uIjp7ImJlY29tZU1lbWJlciI6IlZlcnRyYWcgd1x1MDBlNGhsZW4iLCJ0cnlvdXQiOiJKZXR6dCB0ZXN0ZW4iLCJ0cmlhbFNlc3Npb24iOiJQcm9iZXRyYWluaW5nIHdcdTAwZTRobGVuIiwidGVhc2VyQnVuZGxlcyI6IlRlYXNlciB3XHUwMGU0aGxlbiJ9LCJtYXJrZXRpbmdNYWlsVGhhbmtZb3VDb250ZW50IjoiIn0sImpvYlNlYXJjaCI6eyJ3aGVyZURvWW91V2FudFRvU2VhcmNoIjoiV28gbVx1MDBmNmNodGVzdCBkdSBkZWluZW4gbmV1ZW4gSm9iIGZpbmRlbj8iLCJmaW5kSm9iIjoiRmluZCBqb2IiLCJjaXR5T3JaaXBDb2RlIjoiU3RhZHQgb2RlciBQTFoiLCJyZXN1bHRzRm9yIjoiRXJnZWJuaXNzZSBmXHUwMGZjciIsImVudGVyU2VhcmNoTG9jYXRpb24iOiJCaXR0ZSBnaWIgZWluZW4gU3VjaG9ydCBlaW4gb2RlciB3XHUwMGU0aGxlIFwiWmVpZ2UgYWxsZSBKb2JzXCIuIiwibm9Kb2JzRm91bmQiOiJFcyBrb25udGVuIGtlaW5lIEpvYnMgZ2VmdW5kZW4gd2VyZGVuLiIsImRpc3RhbmNlVW5pdCI6ImttIiwiY2hvb3NlSm9iVHlwZSI6IkpvYi1BcnQgd1x1MDBlNGhsZW4iLCJjaG9vc2VDYXRlZ29yeVR5cGUiOiJKb2ItS2F0ZWdvcmllIHdcdTAwZTRobGVuIiwic2VhcmNoUmFkaXVzIjoiU3VjaC1SYWRpdXMiLCJhcHBseU5vd0J1dHRvbiI6IkpldHp0IGJld2VyYmVuISIsImFsbENhdGVnb3JpZXMiOiJBbGxlIEthdGVnb3JpZW4iLCJhbGxKb2JzIjoiQWxsZSBKb2JzIiwiZnVsbFRpbWUiOiJWb2xsemVpdCIsImhhbGZUaW1lIjoiVGVpbHplaXQiLCJtaW5pSm9iIjoiTWluaS1Kb2IiLCJzZWFyY2hBbGxKb2JzV2l0aGluQ291bnRyeSI6IlplaWdlIGFsbGUgSm9icyBpbiBkZXIgU2Nod2VpeiJ9LCJzdHVkaW9GaW5kZXIiOnsic2VhcmNoUGxhY2Vob2xkZXIiOiJDaXR5IG9yIHppcC1jb2RlIiwic2VhcmNoQnV0dG9uIjoiU2VhcmNoIiwibm9TdHVkaW9zRm91bmQiOiJObyBzdHVkaW9zIGZvdW5kLiIsImRpc3RhbmNlVW5pdCI6ImttIiwic2VsZWN0U3R1ZGlvIjoiQ2hvb3NlIHN0dWRpbyIsImxvYWRNYXBUZXh0IjoiQ2xpY2sgdG8gbG9hZCBtYXAiLCJjYWxsU3R1ZGlvIjoiQ2FsbCIsImVtYWlsU3R1ZGlvIjoiRW1haWwifX0sInNjb3BlIjoiYmVjb21lTWVtYmVyIiwibGFuZ3VhZ2VEb21haW4iOiJiZWNvbWVNZW1iZXIiLCJzdHVkaW9JZCI6bnVsbCwiYnVuZGxlRmlsdGVyIjp7Im1vZGUiOiJkZWZhdWx0In19' class=\"clever_app_become_member clever-app-26 light\"><div class='loader'><\/div><\/div><\/div>\n\t\t\t\t\t\t<\/div>\n\t\t\t\t<\/div>\n\t\t\t\t\t<\/div>\n\t\t\t\t<\/div>\n\t\t\t\t<\/div>\n\t\t","protected":false},"excerpt":{"rendered":"<p>Mitglied werden<\/p>\n","protected":false},"author":2,"featured_media":0,"parent":0,"menu_order":0,"comment_status":"closed","ping_status":"closed","template":"","meta":{"_acf_changed":false,"_seopress_robots_primary_cat":"","_seopress_titles_title":"Mitglied werden bei clever fit Schweiz \u2013 das geilste Gym??","_seopress_titles_desc":"Starte dein Training im geilsten Gym der Schweiz! Modernste Fitnessger\u00e4te, saubere Umkleiden, pers\u00f6nliche Trainingspl\u00e4ne und mehr \u2013 werde jetzt Mitglied!","_seopress_robots_index":"","footnotes":""},"class_list":["post-3834","page","type-page","status-publish","hentry"],"acf":[],"_links":{"self":[{"href":"https:\/\/clever-fit.love-it.at\/de-CH\/wp-json\/wp\/v2\/pages\/3834","targetHints":{"allow":["GET"]}}],"collection":[{"href":"https:\/\/clever-fit.love-it.at\/de-CH\/wp-json\/wp\/v2\/pages"}],"about":[{"href":"https:\/\/clever-fit.love-it.at\/de-CH\/wp-json\/wp\/v2\/types\/page"}],"author":[{"embeddable":true,"href":"https:\/\/clever-fit.love-it.at\/de-CH\/wp-json\/wp\/v2\/users\/2"}],"replies":[{"embeddable":true,"href":"https:\/\/clever-fit.love-it.at\/de-CH\/wp-json\/wp\/v2\/comments?post=3834"}],"version-history":[{"count":10,"href":"https:\/\/clever-fit.love-it.at\/de-CH\/wp-json\/wp\/v2\/pages\/3834\/revisions"}],"predecessor-version":[{"id":239828,"href":"https:\/\/clever-fit.love-it.at\/de-CH\/wp-json\/wp\/v2\/pages\/3834\/revisions\/239828"}],"wp:attachment":[{"href":"https:\/\/clever-fit.love-it.at\/de-CH\/wp-json\/wp\/v2\/media?parent=3834"}],"curies":[{"name":"wp","href":"https:\/\/api.w.org\/{rel}","templated":true}]}}