{"id":279512,"date":"2025-03-12T08:27:30","date_gmt":"2025-03-12T07:27:30","guid":{"rendered":"https:\/\/clever-fit.love-it.at\/?page_id=279512"},"modified":"2026-01-29T13:47:04","modified_gmt":"2026-01-29T12:47:04","slug":"gewinne-ein-gold-monatsabo","status":"publish","type":"page","link":"https:\/\/clever-fit.love-it.at\/de-CH\/gewinne-ein-gold-monatsabo\/","title":{"rendered":"GEWINNE EIN GOLD-MONATSABO"},"content":{"rendered":"\t\t<div data-elementor-type=\"wp-page\" data-elementor-id=\"279512\" class=\"elementor elementor-279512\" data-elementor-post-type=\"page\">\n\t\t\t\t<div data-particle_enable=\"false\" data-particle-mobile-disabled=\"false\" class=\"elementor-element elementor-element-1a010a17 e-con-full e-flex e-con e-parent\" data-id=\"1a010a17\" data-element_type=\"container\" data-e-type=\"container\" data-settings=\"{&quot;background_background&quot;:&quot;classic&quot;}\">\n\t\t\t\t<div class=\"elementor-element elementor-element-7607775e elementor-widget elementor-widget-spacer\" data-id=\"7607775e\" data-element_type=\"widget\" data-e-type=\"widget\" data-widget_type=\"spacer.default\">\n\t\t\t\t<div class=\"elementor-widget-container\">\n\t\t\t\t\t\t\t<div class=\"elementor-spacer\">\n\t\t\t<div class=\"elementor-spacer-inner\"><\/div>\n\t\t<\/div>\n\t\t\t\t\t\t<\/div>\n\t\t\t\t<\/div>\n\t\t\t\t<div class=\"elementor-element elementor-element-19edcdb elementor-widget__width-initial elementor-widget elementor-widget-heading\" data-id=\"19edcdb\" data-element_type=\"widget\" data-e-type=\"widget\" data-widget_type=\"heading.default\">\n\t\t\t\t<div class=\"elementor-widget-container\">\n\t\t\t\t\t<p class=\"elementor-heading-title elementor-size-default\">JETZT <br>GOLD-MONATSABO <br>GEWINNEN<\/p>\t\t\t\t<\/div>\n\t\t\t\t<\/div>\n\t\t<div data-particle_enable=\"false\" data-particle-mobile-disabled=\"false\" class=\"elementor-element elementor-element-53c99339 e-con-full e-flex e-con e-child\" data-id=\"53c99339\" data-element_type=\"container\" data-e-type=\"container\" data-settings=\"{&quot;position&quot;:&quot;absolute&quot;}\">\n\t\t\t\t<div class=\"elementor-element elementor-element-2f86f950 elementor-widget elementor-widget-image\" data-id=\"2f86f950\" data-element_type=\"widget\" data-e-type=\"widget\" data-widget_type=\"image.default\">\n\t\t\t\t<div class=\"elementor-widget-container\">\n\t\t\t\t\t\t\t\t\t\t\t\t\t\t\t<img decoding=\"async\" src=\"https:\/\/clever-fit.love-it.at\/app\/uploads\/2022\/08\/cle-icon_scroll-down.svg\" title=\"cle-icon_scroll-down\" alt=\"cle-icon_scroll-down\" loading=\"lazy\" \/>\t\t\t\t\t\t\t\t\t\t\t\t\t\t\t<\/div>\n\t\t\t\t<\/div>\n\t\t\t\t<\/div>\n\t\t\t\t<\/div>\n\t\t<div data-particle_enable=\"false\" data-particle-mobile-disabled=\"false\" class=\"elementor-element elementor-element-4e9eacd e-con-full e-flex e-con e-parent\" data-id=\"4e9eacd\" data-element_type=\"container\" data-e-type=\"container\" data-settings=\"{&quot;background_background&quot;:&quot;classic&quot;}\">\n\t\t\t\t<div class=\"elementor-element elementor-element-8f6d2df elementor-widget elementor-widget-spacer\" data-id=\"8f6d2df\" data-element_type=\"widget\" data-e-type=\"widget\" data-widget_type=\"spacer.default\">\n\t\t\t\t<div class=\"elementor-widget-container\">\n\t\t\t\t\t\t\t<div class=\"elementor-spacer\">\n\t\t\t<div class=\"elementor-spacer-inner\"><\/div>\n\t\t<\/div>\n\t\t\t\t\t\t<\/div>\n\t\t\t\t<\/div>\n\t\t<div data-particle_enable=\"false\" data-particle-mobile-disabled=\"false\" class=\"elementor-element elementor-element-a3985db e-flex e-con-boxed e-con e-child\" data-id=\"a3985db\" data-element_type=\"container\" data-e-type=\"container\">\n\t\t\t\t\t<div class=\"e-con-inner\">\n\t\t\t\t<div class=\"elementor-element elementor-element-0271356 elementor-widget elementor-widget-heading\" data-id=\"0271356\" data-element_type=\"widget\" data-e-type=\"widget\" data-widget_type=\"heading.default\">\n\t\t\t\t<div class=\"elementor-widget-container\">\n\t\t\t\t\t<h1 class=\"elementor-heading-title elementor-size-default\">Mitmachen &amp; gewinnen<\/h1>\t\t\t\t<\/div>\n\t\t\t\t<\/div>\n\t\t\t\t<div class=\"elementor-element elementor-element-3875411 elementor-widget__width-initial elementor-widget elementor-widget-text-editor\" data-id=\"3875411\" data-element_type=\"widget\" data-e-type=\"widget\" data-widget_type=\"text-editor.default\">\n\t\t\t\t<div class=\"elementor-widget-container\">\n\t\t\t\t\t\n<p>Gewinne mit etwas Gl\u00fcck ein Gold-Monatsabo <strong>im Wert von CHF 149.\u2013<\/strong>! <br \/>Der Gutschein ist einl\u00f6sbar in einem Schweizer clever fit Studio deiner Wahl.<\/p>\n\t\t\t\t<\/div>\n\t\t\t\t<\/div>\n\t\t\t\t<div class=\"elementor-element elementor-element-93a7830 elementor-button-align-center elementor-widget__width-initial elementor-widget elementor-widget-form\" data-id=\"93a7830\" data-element_type=\"widget\" data-e-type=\"widget\" data-settings=\"{&quot;step_next_label&quot;:&quot;Next&quot;,&quot;step_previous_label&quot;:&quot;Previous&quot;,&quot;step_type&quot;:&quot;number_text&quot;,&quot;step_icon_shape&quot;:&quot;circle&quot;}\" data-widget_type=\"form.default\">\n\t\t\t\t<div class=\"elementor-widget-container\">\n\t\t\t\t\t<textarea class=\"cfef_logic_data_js cfef-hidden\"><\/textarea>\t\t<form class=\"elementor-form\" method=\"post\" name=\"CH - GOLD-MonatsMITGLIEDSCHAFT Gewinnspiel\" aria-label=\"CH - GOLD-MonatsMITGLIEDSCHAFT Gewinnspiel\">\n\t\t\t<input type=\"hidden\" name=\"post_id\" value=\"279512\"\/>\n\t\t\t<input type=\"hidden\" name=\"form_id\" value=\"93a7830\"\/>\n\t\t\t<input type=\"hidden\" name=\"referer_title\" value=\"\" \/>\n\n\t\t\t\n\t\t\t<div class=\"elementor-form-fields-wrapper elementor-labels-\">\n\t\t\t\t\t\t\t\t<div class=\"elementor-field-type-radio elementor-field-group elementor-column elementor-field-group-field_84b1af8 elementor-col-100\">\n\t\t\t\t\t\t\t\t\t\t\t\t<label for=\"form-field-field_84b1af8\" class=\"elementor-field-label elementor-screen-only\">\n\t\t\t\t\t\t\t\tAnrede\t\t\t\t\t\t\t<\/label>\n\t\t\t\t\t\t<div class=\"elementor-field-subgroup  elementor-subgroup-inline\"><span class=\"elementor-field-option\"><input type=\"radio\" value=\"Herr\" id=\"form-field-field_84b1af8-0\" name=\"form_fields[field_84b1af8]\"> <label for=\"form-field-field_84b1af8-0\">Herr<\/label><\/span><span class=\"elementor-field-option\"><input type=\"radio\" value=\"Frau\" id=\"form-field-field_84b1af8-1\" name=\"form_fields[field_84b1af8]\"> <label for=\"form-field-field_84b1af8-1\">Frau<\/label><\/span><\/div>\t\t\t\t<\/div>\n\t\t\t\t\t\t\t\t<div class=\"elementor-field-type-text elementor-field-group elementor-column elementor-field-group-vorname elementor-col-50 elementor-field-required\">\n\t\t\t\t\t\t\t\t\t\t\t\t<label for=\"form-field-vorname\" class=\"elementor-field-label elementor-screen-only\">\n\t\t\t\t\t\t\t\tVorname\t\t\t\t\t\t\t<\/label>\n\t\t\t\t\t\t\t\t\t\t\t\t\t\t<input size=\"1\" type=\"text\" name=\"form_fields[vorname]\" id=\"form-field-vorname\" class=\"elementor-field elementor-size-sm  elementor-field-textual\" placeholder=\"Vorname *\" required=\"required\">\n\t\t\t\t\t\t\t\t\t\t\t<\/div>\n\t\t\t\t\t\t\t\t<div class=\"elementor-field-type-text elementor-field-group elementor-column elementor-field-group-name elementor-col-50 elementor-field-required\">\n\t\t\t\t\t\t\t\t\t\t\t\t<label for=\"form-field-name\" class=\"elementor-field-label elementor-screen-only\">\n\t\t\t\t\t\t\t\tNachname\t\t\t\t\t\t\t<\/label>\n\t\t\t\t\t\t\t\t\t\t\t\t\t\t<input size=\"1\" type=\"text\" name=\"form_fields[name]\" id=\"form-field-name\" class=\"elementor-field elementor-size-sm  elementor-field-textual\" placeholder=\"Nachname *\" required=\"required\">\n\t\t\t\t\t\t\t\t\t\t\t<\/div>\n\t\t\t\t\t\t\t\t<div class=\"elementor-field-type-text elementor-field-group elementor-column elementor-field-group-field_89db2c1 elementor-col-50 elementor-field-required\">\n\t\t\t\t\t\t\t\t\t\t\t\t<label for=\"form-field-field_89db2c1\" class=\"elementor-field-label elementor-screen-only\">\n\t\t\t\t\t\t\t\tStrasse\t\t\t\t\t\t\t<\/label>\n\t\t\t\t\t\t\t\t\t\t\t\t\t\t<input size=\"1\" type=\"text\" name=\"form_fields[field_89db2c1]\" id=\"form-field-field_89db2c1\" class=\"elementor-field elementor-size-sm  elementor-field-textual\" placeholder=\"Strasse *\" required=\"required\">\n\t\t\t\t\t\t\t\t\t\t\t<\/div>\n\t\t\t\t\t\t\t\t<div class=\"elementor-field-type-text elementor-field-group elementor-column elementor-field-group-field_0b7d8d0 elementor-col-50 elementor-field-required\">\n\t\t\t\t\t\t\t\t\t\t\t\t<label for=\"form-field-field_0b7d8d0\" class=\"elementor-field-label elementor-screen-only\">\n\t\t\t\t\t\t\t\tHausnummer\t\t\t\t\t\t\t<\/label>\n\t\t\t\t\t\t\t\t\t\t\t\t\t\t<input size=\"1\" type=\"text\" name=\"form_fields[field_0b7d8d0]\" id=\"form-field-field_0b7d8d0\" class=\"elementor-field elementor-size-sm  elementor-field-textual\" placeholder=\"Nummer *\" required=\"required\">\n\t\t\t\t\t\t\t\t\t\t\t<\/div>\n\t\t\t\t\t\t\t\t<div class=\"elementor-field-type-text elementor-field-group elementor-column elementor-field-group-field_bed7267 elementor-col-50 elementor-field-required\">\n\t\t\t\t\t\t\t\t\t\t\t\t<label for=\"form-field-field_bed7267\" class=\"elementor-field-label elementor-screen-only\">\n\t\t\t\t\t\t\t\tPLZ\t\t\t\t\t\t\t<\/label>\n\t\t\t\t\t\t\t\t\t\t\t\t\t\t<input size=\"1\" type=\"text\" name=\"form_fields[field_bed7267]\" id=\"form-field-field_bed7267\" class=\"elementor-field elementor-size-sm  elementor-field-textual\" placeholder=\"PLZ *\" required=\"required\">\n\t\t\t\t\t\t\t\t\t\t\t<\/div>\n\t\t\t\t\t\t\t\t<div class=\"elementor-field-type-text elementor-field-group elementor-column elementor-field-group-field_d23a14c elementor-col-50 elementor-field-required\">\n\t\t\t\t\t\t\t\t\t\t\t\t<label for=\"form-field-field_d23a14c\" class=\"elementor-field-label elementor-screen-only\">\n\t\t\t\t\t\t\t\tOrt\t\t\t\t\t\t\t<\/label>\n\t\t\t\t\t\t\t\t\t\t\t\t\t\t<input size=\"1\" type=\"text\" name=\"form_fields[field_d23a14c]\" id=\"form-field-field_d23a14c\" class=\"elementor-field elementor-size-sm  elementor-field-textual\" placeholder=\"Ort *\" required=\"required\">\n\t\t\t\t\t\t\t\t\t\t\t<\/div>\n\t\t\t\t\t\t\t\t<div class=\"elementor-field-type-email elementor-field-group elementor-column elementor-field-group-email elementor-col-100 elementor-field-required\">\n\t\t\t\t\t\t\t\t\t\t\t\t<label for=\"form-field-email\" class=\"elementor-field-label elementor-screen-only\">\n\t\t\t\t\t\t\t\tEmail\t\t\t\t\t\t\t<\/label>\n\t\t\t\t\t\t\t\t\t\t\t\t\t\t<input size=\"1\" type=\"email\" name=\"form_fields[email]\" id=\"form-field-email\" class=\"elementor-field elementor-size-sm  elementor-field-textual\" placeholder=\"E-Mail *\" required=\"required\">\n\t\t\t\t\t\t\t\t\t\t\t<\/div>\n\t\t\t\t\t\t\t\t<div class=\"elementor-field-type-acceptance elementor-field-group elementor-column elementor-field-group-field_8e5867d elementor-col-100 elementor-field-required\">\n\t\t\t\t\t\t\t<div class=\"elementor-field-subgroup\">\n\t\t\t<span class=\"elementor-field-option\">\n\t\t\t\t<input type=\"checkbox\" name=\"form_fields[field_8e5867d]\" id=\"form-field-field_8e5867d\" class=\"elementor-field elementor-size-sm  elementor-acceptance-field\" required=\"required\">\n\t\t\t\t<label for=\"form-field-field_8e5867d\">Die <a href='https:\/\/clever-fit.love-it.at\/de-CH\/datenschutzerklaerung\/' target=\"_blank\">Datenschutzerkl\u00e4rung<\/a> und die <a href=\"https:\/\/clever-fit.love-it.at\/de-CH\/agb\/\" target=\"_blank\"'>AGB<\/a> habe ich zur Kenntnis genommen und bin einverstanden. *<\/label>\t\t\t<\/span>\n\t\t<\/div>\n\t\t\t\t\t\t<\/div>\n\t\t\t\t\t\t\t\t<div class=\"elementor-field-type-html elementor-field-group elementor-column elementor-field-group-field_6cd720c elementor-col-100\">\n\t\t\t\t\t<p> * Bitte f\u00fclle alle Pflichtfelder aus. <\/p>\n<p>** Gewinnspiel Twist&Light. Verlosung von 1\u00d7 Gold-Monatsabo. Dieses Angebot ist nicht mit anderen Aktionen\/Angeboten kombinierbar. In allen clever fit Studios in der Schweiz einl\u00f6sbar. Die Barauszahlung des Gewinns ist ausgeschlossen. Mit dem Ausf\u00fcllen des Gewinnspiels willige ich ein, dass die Clever Sports AG meine pers\u00f6nlichen Daten f\u00fcr eigene Werbezwecke nutzen darf. Ein Angebot der Clever Sports AG, P\u00fcndtstr. 1, CH-9320 Arbon.<\/p>\n\t\t\t\t<\/div>\n\t\t\t\t\t\t\t\t<div class=\"elementor-field-group elementor-column elementor-field-type-submit elementor-col-100 e-form__buttons\">\n\t\t\t\t\t<button class=\"elementor-button elementor-size-sm\" type=\"submit\">\n\t\t\t\t\t\t<span class=\"elementor-button-content-wrapper\">\n\t\t\t\t\t\t\t\t\t\t\t\t\t\t\t\t\t\t\t\t\t\t<span class=\"elementor-button-text\">Jetzt teilnehmen<\/span>\n\t\t\t\t\t\t\t\t\t\t\t\t\t<\/span>\n\t\t\t\t\t<\/button>\n\t\t\t\t<\/div>\n\t\t\t<\/div>\n\t\t<\/form>\n\t\t\t\t\t\t<\/div>\n\t\t\t\t<\/div>\n\t\t\t\t\t<\/div>\n\t\t\t\t<\/div>\n\t\t\t\t<div class=\"elementor-element elementor-element-38840bf elementor-widget elementor-widget-spacer\" data-id=\"38840bf\" data-element_type=\"widget\" data-e-type=\"widget\" data-widget_type=\"spacer.default\">\n\t\t\t\t<div class=\"elementor-widget-container\">\n\t\t\t\t\t\t\t<div class=\"elementor-spacer\">\n\t\t\t<div class=\"elementor-spacer-inner\"><\/div>\n\t\t<\/div>\n\t\t\t\t\t\t<\/div>\n\t\t\t\t<\/div>\n\t\t\t\t<\/div>\n\t\t\t\t<\/div>\n\t\t","protected":false},"excerpt":{"rendered":"<p>JETZT GOLD-MONATSABO GEWINNEN Mitmachen &amp; gewinnen Gewinne mit etwas Gl\u00fcck ein Gold-Monatsabo im Wert von CHF 149.\u2013! Der Gutschein ist einl\u00f6sbar in einem Schweizer clever fit Studio deiner Wahl.<\/p>\n","protected":false},"author":681,"featured_media":131626,"parent":0,"menu_order":0,"comment_status":"closed","ping_status":"closed","template":"","meta":{"_acf_changed":false,"_seopress_robots_primary_cat":"","_seopress_titles_title":"clever fit Schweiz: GEWINNE EINE GOLD-MONATSABO","_seopress_titles_desc":"Gewinne mit etwas Gl\u00fcck ein Gold-Monatsabo im Wert von 149 CHF! Der Gutschein ist in jedem clever fit Schweiz Fitnessstudio einl\u00f6sbar.","_seopress_robots_index":"","footnotes":""},"class_list":["post-279512","page","type-page","status-publish","has-post-thumbnail","hentry"],"acf":[],"_links":{"self":[{"href":"https:\/\/clever-fit.love-it.at\/de-CH\/wp-json\/wp\/v2\/pages\/279512","targetHints":{"allow":["GET"]}}],"collection":[{"href":"https:\/\/clever-fit.love-it.at\/de-CH\/wp-json\/wp\/v2\/pages"}],"about":[{"href":"https:\/\/clever-fit.love-it.at\/de-CH\/wp-json\/wp\/v2\/types\/page"}],"author":[{"embeddable":true,"href":"https:\/\/clever-fit.love-it.at\/de-CH\/wp-json\/wp\/v2\/users\/681"}],"replies":[{"embeddable":true,"href":"https:\/\/clever-fit.love-it.at\/de-CH\/wp-json\/wp\/v2\/comments?post=279512"}],"version-history":[{"count":8,"href":"https:\/\/clever-fit.love-it.at\/de-CH\/wp-json\/wp\/v2\/pages\/279512\/revisions"}],"predecessor-version":[{"id":344155,"href":"https:\/\/clever-fit.love-it.at\/de-CH\/wp-json\/wp\/v2\/pages\/279512\/revisions\/344155"}],"wp:featuredmedia":[{"embeddable":true,"href":"https:\/\/clever-fit.love-it.at\/de-CH\/wp-json\/wp\/v2\/media\/131626"}],"wp:attachment":[{"href":"https:\/\/clever-fit.love-it.at\/de-CH\/wp-json\/wp\/v2\/media?parent=279512"}],"curies":[{"name":"wp","href":"https:\/\/api.w.org\/{rel}","templated":true}]}}