{"id":56814,"date":"2022-08-24T14:21:49","date_gmt":"2022-08-24T12:21:49","guid":{"rendered":"https:\/\/clever-fit.love-it.at\/studia\/"},"modified":"2026-01-21T23:40:27","modified_gmt":"2026-01-21T22:40:27","slug":"studia","status":"publish","type":"page","link":"https:\/\/clever-fit.love-it.at\/cz\/studia\/","title":{"rendered":"Studia"},"content":{"rendered":"\t\t<div data-elementor-type=\"wp-page\" data-elementor-id=\"56814\" class=\"elementor elementor-56814 elementor-461\" data-elementor-post-type=\"page\">\n\t\t\t\t<div data-particle_enable=\"false\" data-particle-mobile-disabled=\"false\" class=\"elementor-element elementor-element-506cc6e e-flex e-con-boxed e-con e-parent\" data-id=\"506cc6e\" data-element_type=\"container\" data-e-type=\"container\">\n\t\t\t\t\t<div class=\"e-con-inner\">\n\t\t\t\t<div class=\"elementor-element elementor-element-f3ea474 elementor-widget elementor-widget-spacer\" data-id=\"f3ea474\" data-element_type=\"widget\" data-e-type=\"widget\" data-widget_type=\"spacer.default\">\n\t\t\t\t<div class=\"elementor-widget-container\">\n\t\t\t\t\t\t\t<div class=\"elementor-spacer\">\n\t\t\t<div class=\"elementor-spacer-inner\"><\/div>\n\t\t<\/div>\n\t\t\t\t\t\t<\/div>\n\t\t\t\t<\/div>\n\t\t\t\t<div class=\"elementor-element elementor-element-2b63f0a elementor-widget elementor-widget-spacer\" data-id=\"2b63f0a\" data-element_type=\"widget\" data-e-type=\"widget\" data-widget_type=\"spacer.default\">\n\t\t\t\t<div class=\"elementor-widget-container\">\n\t\t\t\t\t\t\t<div class=\"elementor-spacer\">\n\t\t\t<div class=\"elementor-spacer-inner\"><\/div>\n\t\t<\/div>\n\t\t\t\t\t\t<\/div>\n\t\t\t\t<\/div>\n\t\t\t\t<div class=\"elementor-element elementor-element-fde9e0e elementor-widget elementor-widget-text-editor\" data-id=\"fde9e0e\" data-element_type=\"widget\" data-e-type=\"widget\" data-widget_type=\"text-editor.default\">\n\t\t\t\t<div class=\"elementor-widget-container\">\n\t\t\t\t\t\n<p>Najd\u011bte si ide\u00e1ln\u00ed studio ve sv\u00e9m okol\u00ed!<\/p>\n\t\t\t\t<\/div>\n\t\t\t\t<\/div>\n\t\t\t\t\t<\/div>\n\t\t\t\t<\/div>\n\t\t<div data-particle_enable=\"false\" data-particle-mobile-disabled=\"false\" class=\"elementor-element elementor-element-7d7637d e-flex e-con-boxed e-con e-child\" data-id=\"7d7637d\" data-element_type=\"container\" data-e-type=\"container\">\n\t\t\t\t\t<div class=\"e-con-inner\">\n\t\t<div data-particle_enable=\"false\" data-particle-mobile-disabled=\"false\" class=\"elementor-element elementor-element-43f972e e-con-full e-flex e-con e-child\" data-id=\"43f972e\" data-element_type=\"container\" data-e-type=\"container\">\n\t\t<div data-particle_enable=\"false\" data-particle-mobile-disabled=\"false\" class=\"elementor-element elementor-element-e5b18e0 e-con-full e-flex e-con e-child\" data-id=\"e5b18e0\" data-element_type=\"container\" data-e-type=\"container\">\n\t\t\t\t<div class=\"elementor-element elementor-element-f5985ea elementor-cta--mobile-layout-image-above elementor-cta--skin-classic elementor-animated-content elementor-bg-transform elementor-bg-transform-zoom-in elementor-widget elementor-widget-call-to-action\" data-id=\"f5985ea\" data-element_type=\"widget\" data-e-type=\"widget\" data-widget_type=\"call-to-action.default\">\n\t\t\t\t<div class=\"elementor-widget-container\">\n\t\t\t\t\t\t\t<div class=\"elementor-cta\">\n\t\t\t\t\t<div class=\"elementor-cta__bg-wrapper\">\n\t\t\t\t<div class=\"elementor-cta__bg elementor-bg\" style=\"background-image: url(https:\/\/clever-fit.love-it.at\/app\/uploads\/2026\/01\/CleverFit_Bilderwelten_Eddie_web-2422-1024x683.jpg);\" role=\"img\" aria-label=\"CleverFit_Bilderwelten_Eddie_web-2422.jpg\"><\/div>\n\t\t\t\t<div class=\"elementor-cta__bg-overlay\"><\/div>\n\t\t\t<\/div>\n\t\t\t\t\t\t\t<div class=\"elementor-cta__content\">\n\t\t\t\t\n\t\t\t\t\n\t\t\t\t\t\t\t\t\t<div class=\"elementor-cta__description elementor-cta__content-item elementor-content-item\">\n\t\t\t\t\t\tclever fit Kladno\t\t\t\t\t<\/div>\n\t\t\t\t\n\t\t\t\t\t\t\t\t\t<div class=\"elementor-cta__button-wrapper elementor-cta__content-item elementor-content-item \">\n\t\t\t\t\t<a class=\"elementor-cta__button elementor-button elementor-size-\" href=\"\/cz\/studios\/kladno\/\">\n\t\t\t\t\t\tObjevte studio\t\t\t\t\t<\/a>\n\t\t\t\t\t<\/div>\n\t\t\t\t\t\t\t<\/div>\n\t\t\t\t\t\t<\/div>\n\t\t\t\t\t\t<\/div>\n\t\t\t\t<\/div>\n\t\t\t\t<\/div>\n\t\t\t\t<\/div>\n\t\t\t\t\t<\/div>\n\t\t\t\t<\/div>\n\t\t\t\t<\/div>\n\t\t","protected":false},"excerpt":{"rendered":"<p>Najd\u011bte si ide\u00e1ln\u00ed studio ve sv\u00e9m okol\u00ed! clever fit Kladno Objevte studio<\/p>\n","protected":false},"author":2,"featured_media":87765,"parent":0,"menu_order":0,"comment_status":"closed","ping_status":"closed","template":"","meta":{"_acf_changed":false,"_seopress_robots_primary_cat":"","_seopress_titles_title":"","_seopress_titles_desc":"","_seopress_robots_index":"","footnotes":""},"class_list":["post-56814","page","type-page","status-publish","has-post-thumbnail","hentry"],"acf":[],"_links":{"self":[{"href":"https:\/\/clever-fit.love-it.at\/cz\/wp-json\/wp\/v2\/pages\/56814","targetHints":{"allow":["GET"]}}],"collection":[{"href":"https:\/\/clever-fit.love-it.at\/cz\/wp-json\/wp\/v2\/pages"}],"about":[{"href":"https:\/\/clever-fit.love-it.at\/cz\/wp-json\/wp\/v2\/types\/page"}],"author":[{"embeddable":true,"href":"https:\/\/clever-fit.love-it.at\/cz\/wp-json\/wp\/v2\/users\/2"}],"replies":[{"embeddable":true,"href":"https:\/\/clever-fit.love-it.at\/cz\/wp-json\/wp\/v2\/comments?post=56814"}],"version-history":[{"count":8,"href":"https:\/\/clever-fit.love-it.at\/cz\/wp-json\/wp\/v2\/pages\/56814\/revisions"}],"predecessor-version":[{"id":341573,"href":"https:\/\/clever-fit.love-it.at\/cz\/wp-json\/wp\/v2\/pages\/56814\/revisions\/341573"}],"wp:featuredmedia":[{"embeddable":true,"href":"https:\/\/clever-fit.love-it.at\/cz\/wp-json\/wp\/v2\/media\/87765"}],"wp:attachment":[{"href":"https:\/\/clever-fit.love-it.at\/cz\/wp-json\/wp\/v2\/media?parent=56814"}],"curies":[{"name":"wp","href":"https:\/\/api.w.org\/{rel}","templated":true}]}}